{"id":118,"date":"2018-07-09T20:01:15","date_gmt":"2018-07-09T18:01:15","guid":{"rendered":"http:\/\/u-klubi.com\/avavesi\/?page_id=118"},"modified":"2018-08-20T09:16:52","modified_gmt":"2018-08-20T07:16:52","slug":"tulemused-2018","status":"publish","type":"page","link":"https:\/\/u-klubi.com\/avavesi\/index.php\/avaveeujumise-tulemused\/tulemused-2018\/","title":{"rendered":"2018 tulemused"},"content":{"rendered":"<p><em>Tulemused leiavad tee siia kodulehel, kui v\u00f5istluste korraldaja on need avaldanud.<\/em><\/p>\n<p>Seeriav\u00f5istluse <a href=\"https:\/\/u-klubi.com\/avavesi\/wp-content\/uploads\/2018\/08\/18_avavee_koond_5.pdf\" target=\"_blank\" rel=\"noopener\">koondtulemused<\/a>\u00a0p\u00e4rast 5. etappi<\/p>\n<p>&#8212;&#8212;&#8212;&#8212;&#8212;&#8212;&#8211;<\/p>\n<p><strong>N 14.06.<\/strong>\u00a0P\u00fchaj\u00e4rve avaveeujumine, MT\u00dc Trismile, <a href=\"http:\/\/www.racetecresults.com\/Results.aspx?CId=16573&amp;RId=180&amp;EId=9\" target=\"_blank\" rel=\"noopener\">tulemused<\/a>\u00a0(<a href=\"https:\/\/u-klubi.com\/avavesi\/wp-content\/uploads\/2018\/07\/Zoot_Pyhajarve_2018_2000m.pdf\" target=\"_blank\" rel=\"noopener\">fail<\/a>)<\/p>\n<p><strong>L 30.06.<\/strong>\u00a0T\u00f5rva avaveeujumine, MT\u00dc ABC Arendus, Seeriav\u00f5istluse I etapp, <a href=\"https:\/\/u-klubi.com\/avavesi\/wp-content\/uploads\/2018\/07\/2018torvaujumineag.pdf\">tulemused<\/a><\/p>\n<p><strong>L 14.07.<\/strong>\u00a0P\u00fchaj\u00e4rve avaveeujumine, MT\u00dc ABC Arendus, Seeriav\u00f5istluse II etapp,\u00a0<a href=\"https:\/\/u-klubi.com\/avavesi\/wp-content\/uploads\/2018\/07\/180714_puhajarve_ujumine.pdf\" target=\"_blank\" rel=\"noopener\">tulemused<\/a><\/p>\n<p><strong>L 14.07<\/strong>.\u00a0 Leedu 100. aastap\u00e4evale p\u00fchendatud avaveeujumise maraton 10 km, Kintai k\u00fcla, Leedu<\/p>\n<p><strong>N 19.07.<\/strong>\u00a0Tartu Mill avaveeujumine, MT\u00dc Trismile, <a href=\"http:\/\/www.racetecresults.com\/Results.aspx?CId=16573&amp;RId=187&amp;EId=8\" target=\"_blank\" rel=\"noopener\">tulemused<\/a>, (<a href=\"https:\/\/u-klubi.com\/avavesi\/wp-content\/uploads\/2018\/07\/Zoot_Tartu_2018.pdf\" target=\"_blank\" rel=\"noopener\">fail<\/a>)<\/p>\n<p><strong>L 21.07.<\/strong>\u00a0V Eesti MV 10 KM, P\u00fchaj\u00e4rve, Eesti Ujumisliit, Eesti meistriv\u00f5istlused<\/p>\n<p><strong>L 21.07.<\/strong>\u00a0Annimatsi Open, K\u00e4rnj\u00e4rv<\/p>\n<p><strong>P 22. 07.<\/strong>\u00a0XXV \u00dcle Saadj\u00e4rve ujumine, Tartumaa Spordiliit, <a href=\"https:\/\/u-klubi.com\/avavesi\/wp-content\/uploads\/2018\/08\/180722_Saadjarve-2.pdf\" target=\"_blank\" rel=\"noopener\">tulemused<\/a><\/p>\n<p><strong>L 28.07.\u00a0<\/strong>XXV\u00a0V\u00e4ikese V\u00e4ina avaveeujumine, P. Kesk\u00fcla, MT\u00dc Konnonkonn, Seeriav\u00f5istluse III etapp, <a href=\"http:\/\/www.racetecresults.com\/results.aspx?CId=16573&amp;RId=189\" target=\"_blank\" rel=\"noopener\">tulemused<\/a><\/p>\n<p><strong>P 29. 07.\u00a0<\/strong>S\u00f5rve avaveeujumine, O. Lukin; Kaunispe sadam<\/p>\n<p><strong>L 4. 08<\/strong>. Kuremaa avaveeujumine, MT\u00dc ABC Arendus, Seeriav\u00f5istluse IV etapp, <a href=\"https:\/\/u-klubi.com\/avavesi\/wp-content\/uploads\/2018\/08\/180804_Kuremaa.pdf\" target=\"_blank\" rel=\"noopener\">tulemused<\/a><\/p>\n<p><strong>P 5. 08<\/strong>. Tabivere avaveeujumine, MT\u00dc AOK Arendus, Seeriav\u00f5istluse V etapp,\u00a0<a href=\"https:\/\/u-klubi.com\/avavesi\/wp-content\/uploads\/2018\/08\/180805_Tabivere.pdf\" target=\"_blank\" rel=\"noopener\">tulemused<\/a><\/p>\n<p><strong>L 11. 08.<\/strong>\u00a0G. Otsa m\u00e4lestusv\u00f5istlus, V\u00f5rumaa Spordiliit, Seeriav\u00f5istluse VI etapp, <a href=\"https:\/\/docs.google.com\/spreadsheets\/d\/14_koTr_YFlYSe5fZ7-4azTNoLyxhUR762dO7nIUERlU\/edit#gid=0\" target=\"_blank\" rel=\"noopener\">tulemused<\/a><\/p>\n<p><strong>P 12. 08<\/strong>. Elva avaveeujumine, Elva Spordiliit, Seeriav\u00f5istluse VII etapp, <a href=\"https:\/\/my2.raceresult.com\/103385\/results?lang=en#0_996EA2\" target=\"_blank\" rel=\"noopener\">tulemused<\/a><\/p>\n<p><strong>L 18.08.<\/strong>\u00a0XXVIII Eesti MV 3 KM\/5 KM, Elva (Verevi), Eesti Ujumisliit, Eesti meistriv\u00f5istlused, <a href=\"http:\/\/www.racetecresults.com\/Results.aspx?CId=16573&amp;RId=200&amp;EId=2\" target=\"_blank\" rel=\"noopener\">tulemused<\/a><\/p>\n<p><strong>P 19.08<\/strong>. III Piirissaare ujumine, Tartumaa Spordiliit<\/p>\n<p><strong>E 20.08<\/strong>. Kahe silla retk, P\u00e4rnu, P\u00e4rnu UCA<\/p>\n<p><strong>L-P 8.-09.09<\/strong>. Avaveeujumise EM, Bled, Sloveenia<\/p>\n","protected":false},"excerpt":{"rendered":"<p>Tulemused leiavad tee siia kodulehel, kui v\u00f5istluste korraldaja on need avaldanud. Seeriav\u00f5istluse koondtulemused\u00a0p\u00e4rast 5. etappi &#8212;&#8212;&#8212;&#8212;&#8212;&#8212;&#8211; N 14.06.\u00a0P\u00fchaj\u00e4rve avaveeujumine, MT\u00dc Trismile, tulemused\u00a0(fail) L 30.06.\u00a0T\u00f5rva avaveeujumine, MT\u00dc ABC Arendus, Seeriav\u00f5istluse I etapp, tulemused L 14.07.\u00a0P\u00fchaj\u00e4rve avaveeujumine, MT\u00dc ABC Arendus, Seeriav\u00f5istluse II etapp,\u00a0tulemused L 14.07.\u00a0 Leedu 100. aastap\u00e4evale p\u00fchendatud avaveeujumise maraton 10 km, Kintai k\u00fcla, Leedu N &hellip; <a href=\"https:\/\/u-klubi.com\/avavesi\/index.php\/avaveeujumise-tulemused\/tulemused-2018\/\" class=\"more-link\">Loe edasi<span class=\"screen-reader-text\"> &#8220;2018 tulemused&#8221;<\/span><\/a><\/p>\n","protected":false},"author":1,"featured_media":0,"parent":43,"menu_order":1,"comment_status":"closed","ping_status":"closed","template":"","meta":{"two_page_speed":[],"footnotes":""},"class_list":["post-118","page","type-page","status-publish","hentry"],"jetpack_sharing_enabled":true,"_links":{"self":[{"href":"https:\/\/u-klubi.com\/avavesi\/index.php\/wp-json\/wp\/v2\/pages\/118","targetHints":{"allow":["GET"]}}],"collection":[{"href":"https:\/\/u-klubi.com\/avavesi\/index.php\/wp-json\/wp\/v2\/pages"}],"about":[{"href":"https:\/\/u-klubi.com\/avavesi\/index.php\/wp-json\/wp\/v2\/types\/page"}],"author":[{"embeddable":true,"href":"https:\/\/u-klubi.com\/avavesi\/index.php\/wp-json\/wp\/v2\/users\/1"}],"replies":[{"embeddable":true,"href":"https:\/\/u-klubi.com\/avavesi\/index.php\/wp-json\/wp\/v2\/comments?post=118"}],"version-history":[{"count":13,"href":"https:\/\/u-klubi.com\/avavesi\/index.php\/wp-json\/wp\/v2\/pages\/118\/revisions"}],"predecessor-version":[{"id":169,"href":"https:\/\/u-klubi.com\/avavesi\/index.php\/wp-json\/wp\/v2\/pages\/118\/revisions\/169"}],"up":[{"embeddable":true,"href":"https:\/\/u-klubi.com\/avavesi\/index.php\/wp-json\/wp\/v2\/pages\/43"}],"wp:attachment":[{"href":"https:\/\/u-klubi.com\/avavesi\/index.php\/wp-json\/wp\/v2\/media?parent=118"}],"curies":[{"name":"wp","href":"https:\/\/api.w.org\/{rel}","templated":true}]}}