{"id":203,"date":"2019-07-01T19:52:53","date_gmt":"2019-07-01T17:52:53","guid":{"rendered":"http:\/\/u-klubi.com\/avavesi\/?page_id=203"},"modified":"2019-08-14T09:47:11","modified_gmt":"2019-08-14T07:47:11","slug":"2019-tulemused","status":"publish","type":"page","link":"https:\/\/u-klubi.com\/avavesi\/index.php\/avaveeujumise-tulemused\/2019-tulemused\/","title":{"rendered":"2019 tulemused"},"content":{"rendered":"\n<p><strong>Seeriav\u00f5istluse l\u00f5plik<\/strong>: <a href=\"https:\/\/u-klubi.com\/avavesi\/wp-content\/uploads\/2019\/08\/19_avavee_koond_final.pdf\" target=\"_blank\" rel=\"noreferrer noopener\" aria-label=\" (opens in a new tab)\">koondarvestus<\/a><\/p>\n\n\n\n<p><strong>P 30. juuni<\/strong> M\u00e4nniku avaveeujumine, Valdeku karj\u00e4\u00e4r, seeriav\u00f5istluse I etapp, <a rel=\"noreferrer noopener\" aria-label=\"tulemused (avatakse uues sakis)\" href=\"https:\/\/u-klubi.com\/avavesi\/wp-content\/uploads\/2019\/07\/20190630_M\u00e4nniku_tulemused.pdf\" target=\"_blank\">tulemused<\/a><\/p>\n\n\n\n<p><strong>R 12. juuli<\/strong>&nbsp;Zoot Tartu avaveeujumine, Emaj\u00f5gi, <a href=\"http:\/\/www.racetecresults.com\/results.aspx?CId=16573&amp;RId=257&amp;EId=1&amp;dt=1&amp;fbclid=IwAR2AvNWHt0LMvbs64jwhCrlZ359ZXk1qePKavElBrVOZ7a3sSeWIzIth91w\" target=\"_blank\" rel=\"noreferrer noopener\" aria-label=\"tulemused (opens in a new tab)\">tulemused<\/a><\/p>\n\n\n\n<p><strong>P 14. juuli<\/strong>&nbsp;Karksi-Nuia avaveeujumine, seeriav\u00f5istluse II etapp, <a rel=\"noreferrer noopener\" aria-label=\"tulemused (opens in a new tab)\" href=\"https:\/\/my4.raceresult.com\/130404\/?lang=en&amp;fbclid=IwAR0Z6vS9Vj5eqF0qTmKtuLTdakwtJ82QpYuB-Wfy-T4IJPNEFIsVf7qw7MA\" target=\"_blank\">tulemused<\/a>, <a rel=\"noreferrer noopener\" aria-label=\"pdf (opens in a new tab)\" href=\"https:\/\/u-klubi.com\/avavesi\/wp-content\/uploads\/2019\/07\/20190714_Karksi_tulemused.pdf\" target=\"_blank\">tulemused pdf<\/a><\/p>\n\n\n\n<p><strong>L, P 20.-21.07.2019 <\/strong>Avaveeujumise Eesti MV, 3 km, 5 km ja 10 km, Viljandi, <a rel=\"noreferrer noopener\" aria-label=\"tulemused (opens in a new tab)\" href=\"https:\/\/my3.raceresult.com\/132015\/results?lang=en#0_78523E\" target=\"_blank\">tulemused<\/a><\/p>\n\n\n\n<p><strong>L 27. juuli<\/strong> V\u00e4ikese V\u00e4ina avaveeujumine, seeriav\u00f5istluse III etapp, <a rel=\"noreferrer noopener\" aria-label=\"tulemused (opens in a new tab)\" href=\"http:\/\/www.racetecresults.com\/Results.aspx?CId=16573&amp;RId=262\" target=\"_blank\">tulemused<\/a> <\/p>\n\n\n\n<p><strong>P 28. juuli<\/strong> 26. \u00dcle Saadj\u00e4rve ujumine, <a href=\"https:\/\/u-klubi.com\/avavesi\/wp-content\/uploads\/2019\/08\/20190728_26\u00dcleSaadj\u00e4rve_tulemused.pdf\">tulemused<\/a><\/p>\n\n\n\n<p><strong>P 4. august<\/strong> Tabivere avaveeujumine, seeriav\u00f5istluse IV etapp, <a href=\"https:\/\/my3.raceresult.com\/130398\/results?lang=en\" target=\"_blank\" rel=\"noreferrer noopener\" aria-label=\" (opens in a new tab)\">tulemused<\/a><\/p>\n\n\n\n<p><strong>L 10. august<\/strong> Tamula, Georg Otsa m\u00e4lestusv\u00f5istlus, seeriav\u00f5istluse V etapp, <a href=\"https:\/\/docs.google.com\/spreadsheets\/d\/1yw9n5pQSFXBu5WhtkO5p0XqFTuKZo-9UAR2Pbfx_WeY\/edit#gid=0\">tulemused<\/a><\/p>\n\n\n\n<p><strong>P 11. august<\/strong> Elva avaveeujumine, seeriav\u00f5istluse VI etapp, <a href=\"https:\/\/my6.raceresult.com\/131808\/results?lang=en\" target=\"_blank\" rel=\"noreferrer noopener\" aria-label=\"tulemused (opens in a new tab)\">tulemused<\/a><\/p>\n","protected":false},"excerpt":{"rendered":"<p>Seeriav\u00f5istluse l\u00f5plik: koondarvestus P 30. juuni M\u00e4nniku avaveeujumine, Valdeku karj\u00e4\u00e4r, seeriav\u00f5istluse I etapp, tulemused R 12. juuli&nbsp;Zoot Tartu avaveeujumine, Emaj\u00f5gi, tulemused P 14. juuli&nbsp;Karksi-Nuia avaveeujumine, seeriav\u00f5istluse II etapp, tulemused, tulemused pdf L, P 20.-21.07.2019 Avaveeujumise Eesti MV, 3 km, 5 km ja 10 km, Viljandi, tulemused L 27. juuli V\u00e4ikese V\u00e4ina avaveeujumine, seeriav\u00f5istluse III etapp, &hellip; <a href=\"https:\/\/u-klubi.com\/avavesi\/index.php\/avaveeujumise-tulemused\/2019-tulemused\/\" class=\"more-link\">Loe edasi<span class=\"screen-reader-text\"> &#8220;2019 tulemused&#8221;<\/span><\/a><\/p>\n","protected":false},"author":1,"featured_media":0,"parent":43,"menu_order":1,"comment_status":"closed","ping_status":"closed","template":"","meta":{"two_page_speed":[],"footnotes":""},"class_list":["post-203","page","type-page","status-publish","hentry"],"jetpack_sharing_enabled":true,"_links":{"self":[{"href":"https:\/\/u-klubi.com\/avavesi\/index.php\/wp-json\/wp\/v2\/pages\/203","targetHints":{"allow":["GET"]}}],"collection":[{"href":"https:\/\/u-klubi.com\/avavesi\/index.php\/wp-json\/wp\/v2\/pages"}],"about":[{"href":"https:\/\/u-klubi.com\/avavesi\/index.php\/wp-json\/wp\/v2\/types\/page"}],"author":[{"embeddable":true,"href":"https:\/\/u-klubi.com\/avavesi\/index.php\/wp-json\/wp\/v2\/users\/1"}],"replies":[{"embeddable":true,"href":"https:\/\/u-klubi.com\/avavesi\/index.php\/wp-json\/wp\/v2\/comments?post=203"}],"version-history":[{"count":14,"href":"https:\/\/u-klubi.com\/avavesi\/index.php\/wp-json\/wp\/v2\/pages\/203\/revisions"}],"predecessor-version":[{"id":340,"href":"https:\/\/u-klubi.com\/avavesi\/index.php\/wp-json\/wp\/v2\/pages\/203\/revisions\/340"}],"up":[{"embeddable":true,"href":"https:\/\/u-klubi.com\/avavesi\/index.php\/wp-json\/wp\/v2\/pages\/43"}],"wp:attachment":[{"href":"https:\/\/u-klubi.com\/avavesi\/index.php\/wp-json\/wp\/v2\/media?parent=203"}],"curies":[{"name":"wp","href":"https:\/\/api.w.org\/{rel}","templated":true}]}}