{"id":21,"date":"2017-08-11T09:50:04","date_gmt":"2017-08-11T06:50:04","guid":{"rendered":"http:\/\/u-klubi.com\/avavesi\/?page_id=21"},"modified":"2025-05-17T09:45:08","modified_gmt":"2025-05-17T07:45:08","slug":"esileht","status":"publish","type":"page","link":"https:\/\/u-klubi.com\/avavesi\/index.php\/esileht\/","title":{"rendered":"Esileht"},"content":{"rendered":"<p>Avaveeujujad naudivad suve ja vett s\u00f5ltumata sellest, mis ilm \u00f5ues on. V\u00e4ga paljud avaveeujujad on talvel taliujumise harrastajad ja lisaks veel ka basseinis ujumise harrastajad.<\/p>\n<p>Kes aga soovib alles alustada avaveeujumise harrastamisega, siis tasuks tutvuda m\u00f5ne dr <em>Google<\/em>&#8217;i abil leitud\u00a0<a href=\"https:\/\/www.active.com\/swimming\/articles\/open-water-swimming-tips-and-training\" target=\"_blank\" rel=\"noopener\">tarkuseteraga<\/a>\u00a0(inglise keeles), kuidas &#8220;avaveega hakkama saada&#8221; ja vast m\u00f5ne muu &#8220;asjaga&#8221; veel. Ka juba harrastajatel v\u00f5ib m\u00f5ni meeldetuletus ehk abiks olla.<\/p>\n<p>Ilusat avaveeujumist!<\/p>\n","protected":false},"excerpt":{"rendered":"<p>Avaveeujujad naudivad suve ja vett s\u00f5ltumata sellest, mis ilm \u00f5ues on. V\u00e4ga paljud avaveeujujad on talvel taliujumise harrastajad ja lisaks veel ka basseinis ujumise harrastajad. Kes aga soovib alles alustada avaveeujumise harrastamisega, siis tasuks tutvuda m\u00f5ne dr Google&#8217;i abil leitud\u00a0tarkuseteraga\u00a0(inglise keeles), kuidas &#8220;avaveega hakkama saada&#8221; ja vast m\u00f5ne muu &#8220;asjaga&#8221; veel. Ka juba harrastajatel v\u00f5ib &hellip; <a href=\"https:\/\/u-klubi.com\/avavesi\/index.php\/esileht\/\" class=\"more-link\">Loe edasi<span class=\"screen-reader-text\"> &#8220;Esileht&#8221;<\/span><\/a><\/p>\n","protected":false},"author":1,"featured_media":0,"parent":0,"menu_order":1,"comment_status":"closed","ping_status":"closed","template":"","meta":{"two_page_speed":[],"footnotes":""},"class_list":["post-21","page","type-page","status-publish","hentry"],"jetpack_sharing_enabled":true,"_links":{"self":[{"href":"https:\/\/u-klubi.com\/avavesi\/index.php\/wp-json\/wp\/v2\/pages\/21","targetHints":{"allow":["GET"]}}],"collection":[{"href":"https:\/\/u-klubi.com\/avavesi\/index.php\/wp-json\/wp\/v2\/pages"}],"about":[{"href":"https:\/\/u-klubi.com\/avavesi\/index.php\/wp-json\/wp\/v2\/types\/page"}],"author":[{"embeddable":true,"href":"https:\/\/u-klubi.com\/avavesi\/index.php\/wp-json\/wp\/v2\/users\/1"}],"replies":[{"embeddable":true,"href":"https:\/\/u-klubi.com\/avavesi\/index.php\/wp-json\/wp\/v2\/comments?post=21"}],"version-history":[{"count":8,"href":"https:\/\/u-klubi.com\/avavesi\/index.php\/wp-json\/wp\/v2\/pages\/21\/revisions"}],"predecessor-version":[{"id":750,"href":"https:\/\/u-klubi.com\/avavesi\/index.php\/wp-json\/wp\/v2\/pages\/21\/revisions\/750"}],"wp:attachment":[{"href":"https:\/\/u-klubi.com\/avavesi\/index.php\/wp-json\/wp\/v2\/media?parent=21"}],"curies":[{"name":"wp","href":"https:\/\/api.w.org\/{rel}","templated":true}]}}