{"id":342,"date":"2020-05-25T19:38:14","date_gmt":"2020-05-25T17:38:14","guid":{"rendered":"http:\/\/u-klubi.com\/avavesi\/?page_id=342"},"modified":"2020-08-09T19:12:56","modified_gmt":"2020-08-09T17:12:56","slug":"avaveeujumine-2020","status":"publish","type":"page","link":"https:\/\/u-klubi.com\/avavesi\/index.php\/avaveeujumise-kalender\/avaveeujumine-2020\/","title":{"rendered":"Avaveeujumine 2020"},"content":{"rendered":"\n<p>Seeriav\u00f5istluste \u00fcldjuhendi leiab <a rel=\"noreferrer noopener\" href=\"http:\/\/u-klubi.com\/u-klubi\/wp-content\/uploads\/2020\/05\/avavesi2020_seeria_yldjuhend.pdf\" target=\"_blank\">siit<\/a>.<\/p>\n\n\n\n<p>Avaveeujumise kalender allalaadimiseks <a href=\"https:\/\/u-klubi.com\/avavesi\/wp-content\/uploads\/2020\/06\/OWS_kalender2020_v02.pdf\" target=\"_blank\" rel=\"noreferrer noopener\">fail<\/a>.<\/p>\n\n\n\n<p><strong>L 4. juuli<\/strong> Karksi-Nuia avaveeujumine, seeriav\u00f5istluste etapp (MT\u00dc AOK Arendus), <a href=\"https:\/\/drive.google.com\/file\/d\/1HxBP-7IKxqPZLiVLH0PIBoUGdf0hhUn7\/view\" target=\"_blank\" rel=\"noreferrer noopener\">juhend<\/a><\/p>\n\n\n\n<p><strong>L 11. juuli <\/strong>M\u00e4nniku avaveeujumine, seeriav\u00f5istluste etapp (EUL, U-Klubi), <a href=\"https:\/\/u-klubi.com\/avavesi\/wp-content\/uploads\/2020\/06\/20200711_M\u00e4nniku_juhend.pdf\" target=\"_blank\" rel=\"noreferrer noopener\">juhend<\/a><\/p>\n\n\n\n<p><strong>L 18. juuli<\/strong> Eesti MV 3\/5 km, P\u00fchaj\u00e4rve (SK Nord, EUL), <a rel=\"noreferrer noopener\" href=\"https:\/\/u-klubi.com\/avavesi\/wp-content\/uploads\/2020\/06\/Eesti_MV_OW_3ja5km_2020.pdf\" target=\"_blank\">juhend<\/a><\/p>\n\n\n\n<p><strong>L 18. juuli<\/strong> Annimatsi Open (p\u00e4rast Eesti MV), K\u00e4rnj\u00e4rve<\/p>\n\n\n\n<p><strong>L 25. juuli <\/strong>27. V\u00e4ikese V\u00e4ina avaveeujumine, seeriav\u00f5istluste etapp (MT\u00dc Konnonkonn, U-klubi), <a href=\"https:\/\/u-klubi.com\/avavesi\/wp-content\/uploads\/2020\/06\/27-V\u00c4IKESE-V\u00c4INA-UJUMINE-est.pdf\" target=\"_blank\" rel=\"noreferrer noopener\">juhend<\/a><\/p>\n\n\n\n<p><strong>P 26. juuli <\/strong>27. \u00dcle Saadj\u00e4rve ujumine (Tartumaa Spordiliit), <a rel=\"noreferrer noopener\" href=\"\/\/tartumaasport.ee\/wp-content\/uploads\/2020\/06\/%C3%BCle-Saadj%C3%A4rve.pdf\" target=\"_blank\">juhend<\/a><\/p>\n\n\n\n<p><strong>P 2. august<\/strong> Tabivere avaveeujumine, seeriav\u00f5istluste etapp (MT\u00dc AOK Arendus), <a rel=\"noreferrer noopener\" href=\"https:\/\/drive.google.com\/file\/d\/1RgttOmNo6Wa-brG7zl3fquFc1l0y3Bbi\/view\" target=\"_blank\">juhend<\/a><\/p>\n\n\n\n<p><strong>L 8. august<\/strong> Eesti avavee MV 10 km maratonujumises (EUL, SK Nord),  P\u00fchaj\u00e4rve, <a rel=\"noreferrer noopener\" href=\"https:\/\/u-klubi.com\/avavesi\/wp-content\/uploads\/2020\/07\/Eesti_MV_OW_10km_2020_.pdf\" target=\"_blank\">juhend<\/a><\/p>\n\n\n\n<p><strong>L 15. august<\/strong> G. Otsa m\u00e4lestusv\u00f5istlus, seeriav\u00f5istluste etapp (V\u00f5rumaa Spordiliit), <a href=\"https:\/\/u-klubi.com\/avavesi\/wp-content\/uploads\/2020\/08\/G.-Otsa-m\u00e4lestusv\u00f5istlused-pikamaaujumises-Tamula-j\u00e4rvel-2020.docx\" target=\"_blank\" rel=\"noreferrer noopener\">juhend<\/a><\/p>\n\n\n\n<p><strong>P 16. august <\/strong>Elva avaveeujumine,  seeriav\u00f5istluste etapp (MT\u00dc Karksi Sport), <a href=\"https:\/\/drive.google.com\/file\/d\/1jrRURP_bTbXVLUr-s-YhU7mJiWou2n1P\/view\" target=\"_blank\" rel=\"noreferrer noopener\">juhend<\/a><\/p>\n\n\n\n<p><strong>N 20. august<\/strong> Kahe silla retk, P\u00e4rnu (P\u00e4rnu UCA)<\/p>\n\n\n\n<p><strong>L 22. august <\/strong>Triathlon Estonia  avaveeujumine, Kuremaa (MT\u00dc Triathlon Estonia)<\/p>\n","protected":false},"excerpt":{"rendered":"<p>Seeriav\u00f5istluste \u00fcldjuhendi leiab siit. Avaveeujumise kalender allalaadimiseks fail. L 4. juuli Karksi-Nuia avaveeujumine, seeriav\u00f5istluste etapp (MT\u00dc AOK Arendus), juhend L 11. juuli M\u00e4nniku avaveeujumine, seeriav\u00f5istluste etapp (EUL, U-Klubi), juhend L 18. juuli Eesti MV 3\/5 km, P\u00fchaj\u00e4rve (SK Nord, EUL), juhend L 18. juuli Annimatsi Open (p\u00e4rast Eesti MV), K\u00e4rnj\u00e4rve L 25. juuli 27. V\u00e4ikese &hellip; <a href=\"https:\/\/u-klubi.com\/avavesi\/index.php\/avaveeujumise-kalender\/avaveeujumine-2020\/\" class=\"more-link\">Loe edasi<span class=\"screen-reader-text\"> &#8220;Avaveeujumine 2020&#8221;<\/span><\/a><\/p>\n","protected":false},"author":1,"featured_media":0,"parent":18,"menu_order":3,"comment_status":"closed","ping_status":"closed","template":"","meta":{"two_page_speed":[],"footnotes":""},"class_list":["post-342","page","type-page","status-publish","hentry"],"jetpack_sharing_enabled":true,"_links":{"self":[{"href":"https:\/\/u-klubi.com\/avavesi\/index.php\/wp-json\/wp\/v2\/pages\/342","targetHints":{"allow":["GET"]}}],"collection":[{"href":"https:\/\/u-klubi.com\/avavesi\/index.php\/wp-json\/wp\/v2\/pages"}],"about":[{"href":"https:\/\/u-klubi.com\/avavesi\/index.php\/wp-json\/wp\/v2\/types\/page"}],"author":[{"embeddable":true,"href":"https:\/\/u-klubi.com\/avavesi\/index.php\/wp-json\/wp\/v2\/users\/1"}],"replies":[{"embeddable":true,"href":"https:\/\/u-klubi.com\/avavesi\/index.php\/wp-json\/wp\/v2\/comments?post=342"}],"version-history":[{"count":10,"href":"https:\/\/u-klubi.com\/avavesi\/index.php\/wp-json\/wp\/v2\/pages\/342\/revisions"}],"predecessor-version":[{"id":414,"href":"https:\/\/u-klubi.com\/avavesi\/index.php\/wp-json\/wp\/v2\/pages\/342\/revisions\/414"}],"up":[{"embeddable":true,"href":"https:\/\/u-klubi.com\/avavesi\/index.php\/wp-json\/wp\/v2\/pages\/18"}],"wp:attachment":[{"href":"https:\/\/u-klubi.com\/avavesi\/index.php\/wp-json\/wp\/v2\/media?parent=342"}],"curies":[{"name":"wp","href":"https:\/\/api.w.org\/{rel}","templated":true}]}}