{"id":433,"date":"2021-04-08T17:43:29","date_gmt":"2021-04-08T15:43:29","guid":{"rendered":"http:\/\/u-klubi.com\/avavesi\/?page_id=433"},"modified":"2021-08-10T14:28:19","modified_gmt":"2021-08-10T12:28:19","slug":"avaveeujumine-2021","status":"publish","type":"page","link":"https:\/\/u-klubi.com\/avavesi\/index.php\/avaveeujumise-kalender\/avaveeujumine-2021\/","title":{"rendered":"Avaveeujumine 2021"},"content":{"rendered":"\n<p>NB! avaveekalendrit on uuendatud! <\/p>\n\n\n\n<p><strong>Seeriav\u00f5istluste \u00fcldjuhendi leiab <a rel=\"noreferrer noopener\" href=\"https:\/\/u-klubi.com\/avavesi\/wp-content\/uploads\/2021\/04\/avavesi2021_seeria_yldjuhend.pdf\" target=\"_blank\">siit<\/a>.<\/strong><\/p>\n\n\n\n<p><strong>Avaveeujumise kalender allalaadimiseks <a href=\"https:\/\/u-klubi.com\/avavesi\/wp-content\/uploads\/2021\/05\/OWS_kalender2021_v03.pdf\" target=\"_blank\" rel=\"noreferrer noopener\">fail<\/a>.<\/strong><\/p>\n\n\n\n<p><strong>3. juuli<\/strong> &#8211; Karksi-Nuia avaveeujumine, seeriav\u00f5istluse I etapp, korraldab MT\u00dc AOK Arendus, <a rel=\"noreferrer noopener\" href=\"https:\/\/drive.google.com\/file\/d\/1CxFOVkgIU3sIxzds09-sT5GFIcAy2sWj\/view?fbclid=IwAR00rlaGQoI_oXtBcahfFPqfUBuDtht5HiATttU_g83zMvFxeziwDAH0q8c\" target=\"_blank\">juhend<\/a><\/p>\n\n\n\n<p><strong>10. juuli<\/strong> &#8211; M\u00e4nniku avaveeujumine, seeriav\u00f5istluse II etapp, korraldab EUL \/ U-Klubi, <a href=\"https:\/\/u-klubi.com\/avavesi\/wp-content\/uploads\/2021\/06\/20210710_Manniku_juhend.pdf\" data-type=\"URL\" data-id=\"https:\/\/u-klubi.com\/avavesi\/wp-content\/uploads\/2021\/06\/20210710_Manniku_juhend.pdf\" target=\"_blank\" rel=\"noreferrer noopener\">juhend<\/a><\/p>\n\n\n\n<p><strong>17. juuli<\/strong> &#8211; K\u00e4smu &#8211; V\u00f5su avaveeujumine ehk Open Water Estonia 2021, korraldab MT\u00dc Rakvere maraton, <a rel=\"noreferrer noopener\" href=\"https:\/\/xn--jooks-iuaa.ee\/et\/sundmused?competition_id=10\" target=\"_blank\">juhend<\/a><\/p>\n\n\n\n<p><strong><span style=\"color:#d12e2e\" class=\"has-inline-color\">NB! stardiajad on muutunud, registreerimine kuni laup\u00e4evani <\/span><\/strong><br><strong>18. juuli<\/strong> Eesti MV 5 km, mastersite&nbsp;3,3 km, Viljandi j\u00e4rv, korraldab: EUL \/ MT\u00dc AOK Arendus \/UK Karksi Sport, <a rel=\"noreferrer noopener\" href=\"https:\/\/u-klubi.com\/avavesi\/wp-content\/uploads\/2021\/07\/Eesti_MV_OW_3ja5km_ver2_15-07-2021.pdf\" target=\"_blank\">juhend<\/a><\/p>\n\n\n\n<p><strong>24. juuli<\/strong> &#8211; Olav Lukini m\u00e4lestusv\u00f5istlus, P\u00fchaj\u00e4rvel. Korraldust koordineerib EUL, <a href=\"https:\/\/u-klubi.com\/avavesi\/wp-content\/uploads\/2021\/07\/20210724_Puhajarve_juhend.pdf\" target=\"_blank\" rel=\"noreferrer noopener\">juhend<\/a>, <strong>NB!<\/strong> registreerimiseks on link juhendis<\/p>\n\n\n\n<p><strong>25. juuli<\/strong> &#8211; 28. \u00dcle Saadj\u00e4rve ujumine, korraldab MT\u00dc AOK Arendus, <a href=\"https:\/\/www.facebook.com\/events\/239519214219117\" target=\"_blank\" rel=\"noreferrer noopener\">juhend<\/a><\/p>\n\n\n\n<p><strong>31. juuli<\/strong> &#8211; 28. \u00dcle V\u00e4ikese V\u00e4ina ujumine, seeriav\u00f5istluse III etapp, korraldab MT\u00dc Konnonkonn, <a href=\"https:\/\/u-klubi.com\/avavesi\/wp-content\/uploads\/2021\/05\/28-VAIKESE-VAINA-UJUMINE-2.pdf\" target=\"_blank\" rel=\"noreferrer noopener\">juhend<\/a><\/p>\n\n\n\n<p><strong>1. august<\/strong> &#8211; Tabivere avaveeujumine, seeriav\u00f5istluse IV etapp, korraldab MT\u00dc AOK Arendus, <a rel=\"noreferrer noopener\" href=\"https:\/\/drive.google.com\/file\/d\/19ez56fhVL1c3Soi8pNr4Ni8qQppImvxs\/view?fbclid=IwAR0RlQRBVqm0U9PayCjuBkxNLqG5HnoLrKlne_H7SIeASafn1WxpWLjGh2Q\" target=\"_blank\">juhend<\/a><\/p>\n\n\n\n<p><strong>1. august<\/strong> &#8211; Kaunispe avamere ujumisp\u00e4ev; \u00fcrituse <a rel=\"noreferrer noopener\" href=\"https:\/\/m.facebook.com\/events\/308584844138680?acontext=%7B%22source%22%3A%223%22%2C%22action_history%22%3A%22null%22%7D&amp;aref=3&amp;ref=m_notif&amp;notif_t=feedback_reaction_generic\" target=\"_blank\">info<\/a>, korraldab MT\u00dc Sisemise S\u00e4ra Keskus, MT\u00dc Kaunispe Sadam koost\u00f6\u00f6s kogukonna aktivistidega<\/p>\n\n\n\n<p><strong>7. august<\/strong> &#8211; Haapsalu-\u00d6sterby avaveeujumine, korraldab U-Klubi; Uus ja p\u00f5nev ujumine, mille m\u00f5tte algatajaks on Aleks Kivinuk, kes kaasas U-Klubi v\u00f5istlust korraldama ja n\u00fc\u00fcd on sellest saamas Haapsalu-Noarootsi merep\u00e4evade \u00fcks keskseid \u00fcritusi. <a href=\"https:\/\/u-klubi.com\/avavesi\/wp-content\/uploads\/2021\/06\/20210807_HaapsaluOsterby_juhend.pdf\" data-type=\"URL\" data-id=\"https:\/\/u-klubi.com\/avavesi\/wp-content\/uploads\/2021\/06\/20210807_HaapsaluOsterby_juhend.pdf\" target=\"_blank\" rel=\"noreferrer noopener\">Juhend<\/a><\/p>\n\n\n\n<p><strong>12. august<\/strong> Eesti MV 10 km maratonujumises, P\u00fchaj\u00e4rve, korraldab EUL \/ U-klubi, <a href=\"https:\/\/u-klubi.com\/avavesi\/wp-content\/uploads\/2021\/07\/Eesti-MV_OW2021_10km.pdf\" target=\"_blank\" rel=\"noreferrer noopener\">juhend<\/a> <br>       NB! Uus: Lisaks ujutakse ka 4&#215;1,25 km teateujumine (2M+2N)<\/p>\n\n\n\n<p><strong>14. august<\/strong> &#8211; Georg Otsa m\u00e4lestusv\u00f5istlus, V\u00f5ru, Tamula j\u00e4rv, korraldab V\u00f5rumaa Spordiliit, <a href=\"https:\/\/u-klubi.com\/avavesi\/wp-content\/uploads\/2021\/08\/G-Otsa-malestusvoistlused-pikamaaujumises-Tamula-jarvel-2021.pdf\" target=\"_blank\" rel=\"noreferrer noopener\">juhend<\/a><\/p>\n\n\n\n<p><strong>15. august<\/strong> &#8211; Elva avaveeujumine, Verevi j\u00e4rv, korraldab MT\u00dc AOK Arendus, <a href=\"https:\/\/u-klubi.com\/avavesi\/wp-content\/uploads\/2021\/08\/20210815_Elva_juhend.pdf\" target=\"_blank\" rel=\"noreferrer noopener\">juhend<\/a><\/p>\n\n\n\n<p><strong>20. august<\/strong> &#8211; Kahe Silla retk, P\u00e4rnu j\u00f5gi, korraldab: ujumisklubi P\u00e4rnu UCA, <a href=\"https:\/\/www.facebook.com\/permalink.php?story_fbid=4777690862258415&amp;id=134891533205061\" target=\"_blank\" rel=\"noreferrer noopener\">juhend<\/a><\/p>\n","protected":false},"excerpt":{"rendered":"<p>NB! avaveekalendrit on uuendatud! Seeriav\u00f5istluste \u00fcldjuhendi leiab siit. Avaveeujumise kalender allalaadimiseks fail. 3. juuli &#8211; Karksi-Nuia avaveeujumine, seeriav\u00f5istluse I etapp, korraldab MT\u00dc AOK Arendus, juhend 10. juuli &#8211; M\u00e4nniku avaveeujumine, seeriav\u00f5istluse II etapp, korraldab EUL \/ U-Klubi, juhend 17. juuli &#8211; K\u00e4smu &#8211; V\u00f5su avaveeujumine ehk Open Water Estonia 2021, korraldab MT\u00dc Rakvere maraton, juhend &hellip; <a href=\"https:\/\/u-klubi.com\/avavesi\/index.php\/avaveeujumise-kalender\/avaveeujumine-2021\/\" class=\"more-link\">Loe edasi<span class=\"screen-reader-text\"> &#8220;Avaveeujumine 2021&#8221;<\/span><\/a><\/p>\n","protected":false},"author":1,"featured_media":0,"parent":18,"menu_order":0,"comment_status":"closed","ping_status":"closed","template":"","meta":{"two_page_speed":[],"footnotes":""},"class_list":["post-433","page","type-page","status-publish","hentry"],"jetpack_sharing_enabled":true,"_links":{"self":[{"href":"https:\/\/u-klubi.com\/avavesi\/index.php\/wp-json\/wp\/v2\/pages\/433","targetHints":{"allow":["GET"]}}],"collection":[{"href":"https:\/\/u-klubi.com\/avavesi\/index.php\/wp-json\/wp\/v2\/pages"}],"about":[{"href":"https:\/\/u-klubi.com\/avavesi\/index.php\/wp-json\/wp\/v2\/types\/page"}],"author":[{"embeddable":true,"href":"https:\/\/u-klubi.com\/avavesi\/index.php\/wp-json\/wp\/v2\/users\/1"}],"replies":[{"embeddable":true,"href":"https:\/\/u-klubi.com\/avavesi\/index.php\/wp-json\/wp\/v2\/comments?post=433"}],"version-history":[{"count":13,"href":"https:\/\/u-klubi.com\/avavesi\/index.php\/wp-json\/wp\/v2\/pages\/433\/revisions"}],"predecessor-version":[{"id":507,"href":"https:\/\/u-klubi.com\/avavesi\/index.php\/wp-json\/wp\/v2\/pages\/433\/revisions\/507"}],"up":[{"embeddable":true,"href":"https:\/\/u-klubi.com\/avavesi\/index.php\/wp-json\/wp\/v2\/pages\/18"}],"wp:attachment":[{"href":"https:\/\/u-klubi.com\/avavesi\/index.php\/wp-json\/wp\/v2\/media?parent=433"}],"curies":[{"name":"wp","href":"https:\/\/api.w.org\/{rel}","templated":true}]}}