{"id":655,"date":"2022-08-01T17:41:07","date_gmt":"2022-08-01T15:41:07","guid":{"rendered":"https:\/\/u-klubi.com\/avavesi\/?page_id=655"},"modified":"2023-08-16T15:25:26","modified_gmt":"2023-08-16T13:25:26","slug":"tulemused-2022","status":"publish","type":"page","link":"https:\/\/u-klubi.com\/avavesi\/index.php\/avaveeujumise-tulemused\/tulemused-2022\/","title":{"rendered":"2022 Tulemused"},"content":{"rendered":"\n<p><strong>Seeriav\u00f5istluste\u00a0<\/strong><a href=\"https:\/\/u-klubi.com\/avavesi\/wp-content\/uploads\/2022\/08\/22_avavee_koond_6-etappi-2.pdf\"><strong>koondarvestus<\/strong> <\/a>p\u00e4rast 6. etappi<\/p>\n\n\n\n<p><strong>P 19. juuni<\/strong>&nbsp;Karksi-Nuia avaveeujumine, MT\u00dc AOK Arendus, Seeriav\u00f5istluse I etapp, <a href=\"https:\/\/my.raceresult.com\/204594\/\" target=\"_blank\" rel=\"noreferrer noopener\">tulemused<\/a><\/p>\n\n\n\n<p><strong>L 2. juuli<\/strong>&nbsp;Haapsalu-\u00d6sterby avaveeujumine, U-Klubi, Seeriav\u00f5istluse II etapp, <a href=\"https:\/\/www.racetecresults.com\/results.aspx?CId=16573&amp;RId=436&amp;EId=1&amp;fbclid=IwAR3Xy_1JFk8YtWmWOgS8N_-t0DhtU32kqvtIEBl1zaEonaFZrBoXcRiptGY\" target=\"_blank\" rel=\"noreferrer noopener\">tulemused<\/a>&nbsp;<\/p>\n\n\n\n<p><strong>L 2. juuli&nbsp;<\/strong>L\u00e4mmij\u00e4rve avaveeujumine, Mehikoorma veepidu, Tartumaa Spordiliit,&nbsp;<a href=\"https:\/\/tartumaasport.ee\/wp-content\/uploads\/2022\/06\/2022-Lammijarve-ujumine.pdf\" target=\"_blank\" rel=\"noreferrer noopener\">tulemused<\/a><\/p>\n\n\n\n<p><strong>L 9. juuli<\/strong>&nbsp;Tabivere avaveeujumine, Saadj\u00e4rv, MT\u00dc AOK Arendus, Seeriav\u00f5istluse III etapp,&nbsp; <a href=\"https:\/\/my.raceresult.com\/210347\/\" target=\"_blank\" rel=\"noreferrer noopener\">tulemused<\/a><\/p>\n\n\n\n<p><strong>L 16. juuli&nbsp;<\/strong>OW Estonia, K\u00e4smu-V\u00f5su avaveeujumine, MT\u00dc Rakvere Maraton, muu, <a href=\"https:\/\/xn--jooks-iuaa.ee\/et\/sundmused?competition_id=13&amp;action=results&amp;distance_id=42&amp;results_competition_id=13\" target=\"_blank\" rel=\"noreferrer noopener\">tulemused<\/a><\/p>\n\n\n\n<p><strong>P 17. juuli&nbsp;<\/strong>Eesti MV 5 ja 3,3 km, Viljandi j\u00e4rv, EUL \/ MT\u00dc AOK Arendus \/UK Karksi Sport, MV, <a href=\"https:\/\/my.raceresult.com\/204972\/results\" target=\"_blank\" rel=\"noreferrer noopener\">tulemused<\/a><\/p>\n\n\n\n<p><strong>L 23. juuli<\/strong>&nbsp;Elva avaveeujumine, Arbi j\u00e4rv, MT\u00dc AOK Arendus, Seeriav\u00f5istluse IV etapp, <a rel=\"noreferrer noopener\" href=\"https:\/\/my.raceresult.com\/210348\/\" target=\"_blank\">tulemused<\/a><\/p>\n\n\n\n<p><strong>P 24. juuli<\/strong>&nbsp;29. \u00dcle Saadj\u00e4rve ujumine, Tartumaa Spordiliit \/AOK Arendus, muu, <a href=\"https:\/\/my.raceresult.com\/210882\/\" target=\"_blank\" rel=\"noreferrer noopener\">tulemused<\/a><\/p>\n\n\n\n<p><strong>L 30. juuli<\/strong>&nbsp;29. V\u00e4ikese V\u00e4ina avaveeujumine, MT\u00dc Konnonkonn \/ U-Klubi, Seeriav\u00f5istluse V etapp, <a href=\"https:\/\/www.racetecresults.com\/results.aspx?CId=16573&amp;RId=441&amp;EId=1&amp;dt=0&amp;adv=0\" target=\"_blank\" rel=\"noreferrer noopener\">tulemused<\/a><\/p>\n\n\n\n<p><strong>P 7. august<\/strong>&nbsp;G.Otsa m\u00e4lestusv\u00f5istlus, Tamula j\u00e4rv, V\u00f5rumaa Spordiliit, Seeriav\u00f5istluse VI etapp, <a href=\"https:\/\/docs.google.com\/spreadsheets\/d\/18Y6VbxDFKuq4qqcv41zrJBJNB_FzQyOXZ0YqgjZUDck\/edit?fbclid=IwAR2Tf5kGYo5rSSb_EfDXpWmXfU-ffp8a0GpnY6PcqDKhATFn8lvMi_jPzks#gid=688223381\" target=\"_blank\" rel=\"noreferrer noopener\">tulemused<\/a><\/p>\n\n\n\n<p><strong>K 10. august<\/strong>&nbsp;Eesti MV 10 km MV, Elva, Ujumise Spordiklubi,<\/p>\n\n\n\n<p><strong>L 13. august<\/strong>&nbsp;2. O. Lukini m\u00e4lestusv\u00f5istlus, P\u00fchaj\u00e4rv, U-Klubi, Seeriav\u00f5istluse VII etapp,<\/p>\n\n\n\n<p><strong>P 14. august<\/strong>&nbsp;Eesti MV 4\u00d71,25 km, P\u00fchaj\u00e4rv, EUL \/ U-Klubi, MV<\/p>\n\n\n\n<p><strong>L 20. august<\/strong>&nbsp;Kahe silla retk, P\u00e4rnu, P\u00e4rnu UCA, muu<\/p>\n","protected":false},"excerpt":{"rendered":"<p>Seeriav\u00f5istluste\u00a0koondarvestus p\u00e4rast 6. etappi P 19. juuni&nbsp;Karksi-Nuia avaveeujumine, MT\u00dc AOK Arendus, Seeriav\u00f5istluse I etapp, tulemused L 2. juuli&nbsp;Haapsalu-\u00d6sterby avaveeujumine, U-Klubi, Seeriav\u00f5istluse II etapp, tulemused&nbsp; L 2. juuli&nbsp;L\u00e4mmij\u00e4rve avaveeujumine, Mehikoorma veepidu, Tartumaa Spordiliit,&nbsp;tulemused L 9. juuli&nbsp;Tabivere avaveeujumine, Saadj\u00e4rv, MT\u00dc AOK Arendus, Seeriav\u00f5istluse III etapp,&nbsp; tulemused L 16. juuli&nbsp;OW Estonia, K\u00e4smu-V\u00f5su avaveeujumine, MT\u00dc Rakvere Maraton, muu, tulemused &hellip; <a href=\"https:\/\/u-klubi.com\/avavesi\/index.php\/avaveeujumise-tulemused\/tulemused-2022\/\" class=\"more-link\">Loe edasi<span class=\"screen-reader-text\"> &#8220;2022 Tulemused&#8221;<\/span><\/a><\/p>\n","protected":false},"author":1,"featured_media":0,"parent":43,"menu_order":0,"comment_status":"closed","ping_status":"closed","template":"","meta":{"two_page_speed":[],"footnotes":""},"class_list":["post-655","page","type-page","status-publish","hentry"],"jetpack_sharing_enabled":true,"_links":{"self":[{"href":"https:\/\/u-klubi.com\/avavesi\/index.php\/wp-json\/wp\/v2\/pages\/655","targetHints":{"allow":["GET"]}}],"collection":[{"href":"https:\/\/u-klubi.com\/avavesi\/index.php\/wp-json\/wp\/v2\/pages"}],"about":[{"href":"https:\/\/u-klubi.com\/avavesi\/index.php\/wp-json\/wp\/v2\/types\/page"}],"author":[{"embeddable":true,"href":"https:\/\/u-klubi.com\/avavesi\/index.php\/wp-json\/wp\/v2\/users\/1"}],"replies":[{"embeddable":true,"href":"https:\/\/u-klubi.com\/avavesi\/index.php\/wp-json\/wp\/v2\/comments?post=655"}],"version-history":[{"count":5,"href":"https:\/\/u-klubi.com\/avavesi\/index.php\/wp-json\/wp\/v2\/pages\/655\/revisions"}],"predecessor-version":[{"id":678,"href":"https:\/\/u-klubi.com\/avavesi\/index.php\/wp-json\/wp\/v2\/pages\/655\/revisions\/678"}],"up":[{"embeddable":true,"href":"https:\/\/u-klubi.com\/avavesi\/index.php\/wp-json\/wp\/v2\/pages\/43"}],"wp:attachment":[{"href":"https:\/\/u-klubi.com\/avavesi\/index.php\/wp-json\/wp\/v2\/media?parent=655"}],"curies":[{"name":"wp","href":"https:\/\/api.w.org\/{rel}","templated":true}]}}