{"id":689,"date":"2023-05-26T15:44:26","date_gmt":"2023-05-26T13:44:26","guid":{"rendered":"https:\/\/u-klubi.com\/avavesi\/?page_id=689"},"modified":"2023-08-16T14:51:14","modified_gmt":"2023-08-16T12:51:14","slug":"avaveeujumine-2023","status":"publish","type":"page","link":"https:\/\/u-klubi.com\/avavesi\/index.php\/avaveeujumise-kalender\/avaveeujumine-2023\/","title":{"rendered":"Avaveeujumine 2023"},"content":{"rendered":"\n<p>Seeriav\u00f5istluste <a href=\"https:\/\/u-klubi.com\/avavesi\/wp-content\/uploads\/2023\/07\/avavesi2023_seeria_yldjuhend_v02.pdf\" target=\"_blank\" rel=\"noreferrer noopener\">\u00fcldjuhend<\/a><\/p>\n\n\n\n<p>Seeriav\u00f5istluste <a href=\"https:\/\/u-klubi.com\/avavesi\/wp-content\/uploads\/2023\/08\/23_avavee_koondtabel_6etappi.pdf\" target=\"_blank\" rel=\"noreferrer noopener\">koondtabel<\/a> p\u00e4rast <strong>kuut<\/strong> etappi.<\/p>\n\n\n\n<p>Avaveeujumise kalender failina allalaadimiseks <a rel=\"noreferrer noopener\" href=\"https:\/\/u-klubi.com\/avavesi\/index.php\/avaveeujumine-2023\/ows_kalender2023\/\" target=\"_blank\">pdf<\/a><\/p>\n\n\n\n<p><strong>P 18. juuni <\/strong>Karksi-Nuia, MT\u00dc AOK Arendus, seeriav\u00f5istluse I etapp, <a rel=\"noreferrer noopener\" href=\"https:\/\/docs.google.com\/document\/d\/18uvEnr24C7PMXR-y181Ug1YDog5LXZmKhKAkqQIi4Vg\/edit?fbclid=IwAR25WqCntEWqa040bv4MvAkIxEXuxUykJn2im1JqEFSjFmL5z1EnNxEOe6k\" target=\"_blank\">juhend<\/a><\/p>\n\n\n\n<p> <strong>L 1. juuli<\/strong> 3. Haapsalu-\u00d6sterby avaveeujumine, U-klubi, seeriav\u00f5istluse II etapp, <a href=\"https:\/\/u-klubi.com\/avavesi\/wp-content\/uploads\/2023\/06\/20230701_HaapsaluOsterby_juhend.pdf\" target=\"_blank\" rel=\"noreferrer noopener\">juhend<\/a><\/p>\n\n\n\n<p><strong>L 8. juuli<\/strong> Tabivere avaveeujumine, MT\u00dc AOK Arendus, seeriav\u00f5istluse III etapp, <a href=\"https:\/\/docs.google.com\/document\/d\/1DZKAqnq6B9i7boaw7sHcwLXNmNyfsP2qitObs-9Ig5M\/edit?usp=sharing\" target=\"_blank\" rel=\"noreferrer noopener\">juhend<\/a><\/p>\n\n\n\n<p><strong>L 15. juuli<\/strong> OW Estonia, Pirita avaveeujumine, MT\u00dc Rakvere Maraton, <a href=\"https:\/\/xn--jooks-iuaa.ee\/et\/sundmused?competition_id=22\" target=\"_blank\" rel=\"noreferrer noopener\">juhend<\/a><\/p>\n\n\n\n<p><strong>P 16. juuli<\/strong> Eesti MV-d, 5 ja 3,3 km, Viljandi, MT\u00dc AOK Arendus, <a href=\"https:\/\/u-klubi.com\/avavesi\/wp-content\/uploads\/2023\/06\/Eesti_MV_OW_3ja5km-juhend2023_v02.pdf\" target=\"_blank\" rel=\"noreferrer noopener\">juhend<\/a><\/p>\n\n\n\n<p><strong>L 22. juuli<\/strong> Elva avaveeujumine, MT\u00dc AOK Arendus, seeriav\u00f5istluse IV etapp, <a href=\"https:\/\/docs.google.com\/document\/d\/13t6xDxBHTR9lOthOdl5fl14Fn8k2lwTVvfZFoR0P1LI\/edit?fbclid=IwAR2lSA50CGm6cXrici4D0AJlGiSDhymo5bd6bvV70xrORImTlBZD259NmHA\" target=\"_blank\" rel=\"noreferrer noopener\">juhend<\/a><\/p>\n\n\n\n<p><strong>P 23. juuli<\/strong> 30. \u00fcle Saadj\u00e4rve ujumine, MT\u00dc AOK Arendus, <a href=\"https:\/\/docs.google.com\/document\/d\/1BKTrwNluLTv66K1qeOM-8cTDPNMqj-UYh1V7nqVJRow\/edit?fbclid=IwAR03fEg5e1pX5eQt_JuhugimpW1hzAB6b5QpHEaZcZK-bunUoGHeJ7ATg50\" target=\"_blank\" rel=\"noreferrer noopener\">juhend<\/a><\/p>\n\n\n\n<p><strong>L 29. juuli<\/strong> 30. V\u00e4ikese V\u00e4ina avaveeujumine, MT\u00dc Konnonkonn \/ U-klubi, seeriav\u00f5istluse V etapp, <a href=\"https:\/\/u-klubi.com\/avavesi\/wp-content\/uploads\/2023\/06\/20230729_30VaikeVain_juhend.pdf\" target=\"_blank\" rel=\"noreferrer noopener\">juhend<\/a><\/p>\n\n\n\n<p><strong>L29. juuli<\/strong> OW Estonia, K\u00e4smu-V\u00f5su avaveeujumine, MT\u00dc Rakvere Maraton, <a href=\"https:\/\/xn--jooks-iuaa.ee\/et\/sundmused?competition_id=19\" target=\"_blank\" rel=\"noreferrer noopener\">juhend<\/a><\/p>\n\n\n\n<p><strong>P 30. juuli<\/strong> Avamere ujumisp\u00e4ev Kaunispe sadamas<\/p>\n\n\n\n<p><strong>P 6. august<\/strong> G. Otsa m\u00e4lestusv\u00f5istlus Tamulas, V\u00f5rumaa Spordiliit, seeriav\u00f5istluse VI etapp, <a href=\"https:\/\/vorumaaspordiliit.ee\/uritused\/georg-ots\/\" target=\"_blank\" rel=\"noreferrer noopener\">juhend ja registreerimine<\/a><\/p>\n\n\n\n<p><strong>L 12.-P 13. august<\/strong> 4&#215;1,5 km ja 10 km, EMV, Elva, <a href=\"https:\/\/u-klubi.com\/avavesi\/wp-content\/uploads\/2023\/07\/Eesti_MV_OW_4x15ja10km_-juhend2023-1.pdf\" target=\"_blank\" rel=\"noreferrer noopener\">juhend<\/a><\/p>\n\n\n\n<p><strong>L 12. august<\/strong> L\u00e4mmij\u00e4rve avaveeujumine Mehikoormas, Tartumaa Spordiliit, <a href=\"https:\/\/tartumaasport.ee\/sundmused\/lammi-jarve-ujumine-mehikoorma-veepidu-ii\/\" target=\"_blank\" rel=\"noreferrer noopener\">juhend<\/a><\/p>\n\n\n\n<p><strong>L 19. august<\/strong> 3. O. Lukini m\u00e4lestusv\u00f5istlus P\u00fchaj\u00e4rvel, U-klubi, seeriav\u00f5istluse VII etapp, <a href=\"https:\/\/u-klubi.com\/avavesi\/wp-content\/uploads\/2023\/08\/20230819_Puhajarve_juhend.pdf\" target=\"_blank\" rel=\"noreferrer noopener\">juhend<\/a><\/p>\n\n\n\n<p><strong>P 20. august<\/strong> Kahe silla retk P\u00e4rnus, P\u00e4rnu UCA, <a href=\"https:\/\/www.facebook.com\/profile.php?id=100057276107618\" target=\"_blank\" rel=\"noreferrer noopener\">juhend FB-s<\/a><\/p>\n\n\n\n<p>  <\/p>\n","protected":false},"excerpt":{"rendered":"<p>Seeriav\u00f5istluste \u00fcldjuhend Seeriav\u00f5istluste koondtabel p\u00e4rast kuut etappi. Avaveeujumise kalender failina allalaadimiseks pdf P 18. juuni Karksi-Nuia, MT\u00dc AOK Arendus, seeriav\u00f5istluse I etapp, juhend L 1. juuli 3. Haapsalu-\u00d6sterby avaveeujumine, U-klubi, seeriav\u00f5istluse II etapp, juhend L 8. juuli Tabivere avaveeujumine, MT\u00dc AOK Arendus, seeriav\u00f5istluse III etapp, juhend L 15. juuli OW Estonia, Pirita avaveeujumine, MT\u00dc Rakvere &hellip; <a href=\"https:\/\/u-klubi.com\/avavesi\/index.php\/avaveeujumise-kalender\/avaveeujumine-2023\/\" class=\"more-link\">Loe edasi<span class=\"screen-reader-text\"> &#8220;Avaveeujumine 2023&#8221;<\/span><\/a><\/p>\n","protected":false},"author":1,"featured_media":0,"parent":18,"menu_order":0,"comment_status":"closed","ping_status":"closed","template":"","meta":{"two_page_speed":[],"footnotes":""},"class_list":["post-689","page","type-page","status-publish","hentry"],"jetpack_sharing_enabled":true,"_links":{"self":[{"href":"https:\/\/u-klubi.com\/avavesi\/index.php\/wp-json\/wp\/v2\/pages\/689","targetHints":{"allow":["GET"]}}],"collection":[{"href":"https:\/\/u-klubi.com\/avavesi\/index.php\/wp-json\/wp\/v2\/pages"}],"about":[{"href":"https:\/\/u-klubi.com\/avavesi\/index.php\/wp-json\/wp\/v2\/types\/page"}],"author":[{"embeddable":true,"href":"https:\/\/u-klubi.com\/avavesi\/index.php\/wp-json\/wp\/v2\/users\/1"}],"replies":[{"embeddable":true,"href":"https:\/\/u-klubi.com\/avavesi\/index.php\/wp-json\/wp\/v2\/comments?post=689"}],"version-history":[{"count":18,"href":"https:\/\/u-klubi.com\/avavesi\/index.php\/wp-json\/wp\/v2\/pages\/689\/revisions"}],"predecessor-version":[{"id":739,"href":"https:\/\/u-klubi.com\/avavesi\/index.php\/wp-json\/wp\/v2\/pages\/689\/revisions\/739"}],"up":[{"embeddable":true,"href":"https:\/\/u-klubi.com\/avavesi\/index.php\/wp-json\/wp\/v2\/pages\/18"}],"wp:attachment":[{"href":"https:\/\/u-klubi.com\/avavesi\/index.php\/wp-json\/wp\/v2\/media?parent=689"}],"curies":[{"name":"wp","href":"https:\/\/api.w.org\/{rel}","templated":true}]}}