{"id":740,"date":"2023-08-16T15:19:37","date_gmt":"2023-08-16T13:19:37","guid":{"rendered":"https:\/\/u-klubi.com\/avavesi\/?page_id=740"},"modified":"2023-08-21T17:01:05","modified_gmt":"2023-08-21T15:01:05","slug":"2023-tulemused","status":"publish","type":"page","link":"https:\/\/u-klubi.com\/avavesi\/index.php\/avaveeujumise-tulemused\/2023-tulemused\/","title":{"rendered":"2023 Tulemused"},"content":{"rendered":"\n<p>Seeriav\u00f5istluste\u00a0<strong>l\u00f5plik <a rel=\"noreferrer noopener\" href=\"https:\/\/u-klubi.com\/avavesi\/wp-content\/uploads\/2023\/08\/23_avavee_koondtabel_final.pdf\" target=\"_blank\">koondtabel<\/a><\/strong>.<\/p>\n\n\n\n<p><strong>P 18. juuni&nbsp;<\/strong>Karksi-Nuia, MT\u00dc AOK Arendus, seeriav\u00f5istluse I etapp,&nbsp;<a href=\"https:\/\/my.raceresult.com\/246216\/\" target=\"_blank\" rel=\"noreferrer noopener\">tulemused<\/a><\/p>\n\n\n\n<p><strong>L 1. juuli<\/strong>&nbsp;3. Haapsalu-\u00d6sterby avaveeujumine, U-klubi, seeriav\u00f5istluse II etapp,&nbsp;<a href=\"https:\/\/www.racetecresults.com\/results.aspx?CId=16573&amp;RId=486&amp;EId=1&amp;adv=0&amp;fbclid=IwAR3_cIkpgLAJf-PwthBJj8POLLf3vmfcBwhM-MsYRqySydymEbARhSre4-k\" target=\"_blank\" rel=\"noreferrer noopener\">tulemused<\/a><\/p>\n\n\n\n<p><strong>L 8. juuli<\/strong>&nbsp;Tabivere avaveeujumine, MT\u00dc AOK Arendus, seeriav\u00f5istluse III etapp,&nbsp;<a href=\"https:\/\/my.raceresult.com\/250342\/\" target=\"_blank\" rel=\"noreferrer noopener\">tulemused<\/a><\/p>\n\n\n\n<p><strong>L 15. juuli<\/strong>&nbsp;OW Estonia, Pirita avaveeujumine, MT\u00dc Rakvere Maraton, <a href=\"https:\/\/nelson.racetecresults.com\/results.aspx?CId=16267&amp;RId=6292&amp;EId=1&amp;dt=0&amp;fbclid=IwAR1BN0fAXaWIAs2IP_fK8n7g-grzX8r_fZagS0wWyg4VuWNRp8xw0wZn1Ls\" target=\"_blank\" rel=\"noreferrer noopener\">tulemused<\/a><\/p>\n\n\n\n<p><strong>P 16. juuli<\/strong>&nbsp;Eesti MV-d, 5 ja 3,3 km, Viljandi, MT\u00dc AOK Arendus,&nbsp;<a href=\"https:\/\/my.raceresult.com\/251316\/\" target=\"_blank\" rel=\"noreferrer noopener\">tulemused<\/a><\/p>\n\n\n\n<p><strong>L 22. juuli<\/strong>&nbsp;Elva avaveeujumine, MT\u00dc AOK Arendus, seeriav\u00f5istluse IV etapp,&nbsp;<a href=\"https:\/\/my.raceresult.com\/252646\/results?fbclid=IwAR3WJBBSuwc0uEQXyK99PMCOfcsdNF86H_JxziWauTpitds5BqHfQrZP31g\" target=\"_blank\" rel=\"noreferrer noopener\">tulemused<\/a><\/p>\n\n\n\n<p><strong>P 23. juuli<\/strong>&nbsp;30. \u00fcle Saadj\u00e4rve ujumine, MT\u00dc AOK Arendus,&nbsp;<a href=\"https:\/\/my.raceresult.com\/251424\/results?fbclid=IwAR1HoEOrrcdBP5o4uKMsnnV1uI0j1F68JmhKymvMD6BnEboE50gJUTFTs38#1_2E6DAB\" target=\"_blank\" rel=\"noreferrer noopener\">tulemused<\/a><\/p>\n\n\n\n<p><strong>L 29. juuli<\/strong>&nbsp;30. V\u00e4ikese V\u00e4ina avaveeujumine, MT\u00dc Konnonkonn \/ U-klubi, seeriav\u00f5istluse V etapp,&nbsp;<a href=\"https:\/\/www.racetecresults.com\/results.aspx?CId=16573&amp;RId=6057&amp;EId=1&amp;dt=0&amp;fbclid=IwAR3_cIkpgLAJf-PwthBJj8POLLf3vmfcBwhM-MsYRqySydymEbARhSre4-k\" data-type=\"link\" data-id=\"https:\/\/www.racetecresults.com\/results.aspx?CId=16573&amp;RId=6057&amp;EId=1&amp;dt=0&amp;fbclid=IwAR3_cIkpgLAJf-PwthBJj8POLLf3vmfcBwhM-MsYRqySydymEbARhSre4-k\" target=\"_blank\" rel=\"noreferrer noopener\">tulemused<\/a><\/p>\n\n\n\n<p><strong>L29. juuli<\/strong>&nbsp;OW Estonia, K\u00e4smu-V\u00f5su avaveeujumine, MT\u00dc Rakvere Maraton,&nbsp;<a rel=\"noreferrer noopener\" href=\"https:\/\/xn--jooks-iuaa.ee\/et\/sundmused?competition_id=19&amp;action=results&amp;distance_id=85&amp;results_competition_id=19\" target=\"_blank\">tulemused<\/a><\/p>\n\n\n\n<p><strong>P 6. august<\/strong>&nbsp;G. Otsa m\u00e4lestusv\u00f5istlus Tamulas, V\u00f5rumaa Spordiliit, seeriav\u00f5istluse VI etapp,&nbsp;<a href=\"https:\/\/docs.google.com\/spreadsheets\/d\/1AYeetT-cHQgkUyZktoTOw61iX_jg8MsYEQSbhXmpiXs\/edit#gid=688223381\" target=\"_blank\" rel=\"noreferrer noopener\">tulemused<\/a><\/p>\n\n\n\n<p><strong>L 12.-P 13. august<\/strong>&nbsp;4\u00d71,5 km ja 10 km, EMV, Elva,&nbsp;<a rel=\"noreferrer noopener\" href=\"https:\/\/u-klubi.com\/avavesi\/wp-content\/uploads\/2023\/08\/20230812_EMV_4x1.5km_tulemused.pdf\" data-type=\"link\" data-id=\"https:\/\/u-klubi.com\/avavesi\/wp-content\/uploads\/2023\/08\/20230812_EMV_4x1.5km_tulemused.pdf\" target=\"_blank\">4&#215;1,5 km tulemused<\/a> ja <a href=\"https:\/\/u-klubi.com\/avavesi\/wp-content\/uploads\/2023\/08\/20230813_EMV_10-km_tulemused.pdf\" data-type=\"link\" data-id=\"https:\/\/u-klubi.com\/avavesi\/wp-content\/uploads\/2023\/08\/20230813_EMV_10-km_tulemused.pdf\" target=\"_blank\" rel=\"noreferrer noopener\">10 km tulemused<\/a><\/p>\n\n\n\n<p><strong>L 12. august<\/strong>&nbsp;L\u00e4mmij\u00e4rve avaveeujumine Mehikoormas, Tartumaa Spordiliit,&nbsp;tulemused<\/p>\n\n\n\n<p><strong>L 19. august<\/strong>&nbsp;3. O. Lukini m\u00e4lestusv\u00f5istlus P\u00fchaj\u00e4rvel, U-klubi, seeriav\u00f5istluse VII etapp,&nbsp;tulemused<\/p>\n\n\n\n<p><strong>P 20. august<\/strong>&nbsp;Kahe silla retk P\u00e4rnus, P\u00e4rnu UCA,&nbsp;tulemused<\/p>\n","protected":false},"excerpt":{"rendered":"<p>Seeriav\u00f5istluste\u00a0l\u00f5plik koondtabel. P 18. juuni&nbsp;Karksi-Nuia, MT\u00dc AOK Arendus, seeriav\u00f5istluse I etapp,&nbsp;tulemused L 1. juuli&nbsp;3. Haapsalu-\u00d6sterby avaveeujumine, U-klubi, seeriav\u00f5istluse II etapp,&nbsp;tulemused L 8. juuli&nbsp;Tabivere avaveeujumine, MT\u00dc AOK Arendus, seeriav\u00f5istluse III etapp,&nbsp;tulemused L 15. juuli&nbsp;OW Estonia, Pirita avaveeujumine, MT\u00dc Rakvere Maraton, tulemused P 16. juuli&nbsp;Eesti MV-d, 5 ja 3,3 km, Viljandi, MT\u00dc AOK Arendus,&nbsp;tulemused L 22. juuli&nbsp;Elva &hellip; <a href=\"https:\/\/u-klubi.com\/avavesi\/index.php\/avaveeujumise-tulemused\/2023-tulemused\/\" class=\"more-link\">Loe edasi<span class=\"screen-reader-text\"> &#8220;2023 Tulemused&#8221;<\/span><\/a><\/p>\n","protected":false},"author":1,"featured_media":0,"parent":43,"menu_order":0,"comment_status":"closed","ping_status":"closed","template":"","meta":{"two_page_speed":null,"footnotes":""},"class_list":["post-740","page","type-page","status-publish","hentry"],"jetpack_sharing_enabled":true,"_links":{"self":[{"href":"https:\/\/u-klubi.com\/avavesi\/index.php\/wp-json\/wp\/v2\/pages\/740","targetHints":{"allow":["GET"]}}],"collection":[{"href":"https:\/\/u-klubi.com\/avavesi\/index.php\/wp-json\/wp\/v2\/pages"}],"about":[{"href":"https:\/\/u-klubi.com\/avavesi\/index.php\/wp-json\/wp\/v2\/types\/page"}],"author":[{"embeddable":true,"href":"https:\/\/u-klubi.com\/avavesi\/index.php\/wp-json\/wp\/v2\/users\/1"}],"replies":[{"embeddable":true,"href":"https:\/\/u-klubi.com\/avavesi\/index.php\/wp-json\/wp\/v2\/comments?post=740"}],"version-history":[{"count":5,"href":"https:\/\/u-klubi.com\/avavesi\/index.php\/wp-json\/wp\/v2\/pages\/740\/revisions"}],"predecessor-version":[{"id":749,"href":"https:\/\/u-klubi.com\/avavesi\/index.php\/wp-json\/wp\/v2\/pages\/740\/revisions\/749"}],"up":[{"embeddable":true,"href":"https:\/\/u-klubi.com\/avavesi\/index.php\/wp-json\/wp\/v2\/pages\/43"}],"wp:attachment":[{"href":"https:\/\/u-klubi.com\/avavesi\/index.php\/wp-json\/wp\/v2\/media?parent=740"}],"curies":[{"name":"wp","href":"https:\/\/api.w.org\/{rel}","templated":true}]}}