{"id":752,"date":"2024-03-25T17:55:47","date_gmt":"2024-03-25T15:55:47","guid":{"rendered":"https:\/\/u-klubi.com\/avavesi\/?page_id=752"},"modified":"2024-08-18T19:01:30","modified_gmt":"2024-08-18T17:01:30","slug":"avaveeujumine-2024","status":"publish","type":"page","link":"https:\/\/u-klubi.com\/avavesi\/index.php\/avaveeujumise-kalender\/avaveeujumine-2024\/","title":{"rendered":"Avaveeujumine 2024"},"content":{"rendered":"\n<p>Seeriav\u00f5istluste&nbsp;<a href=\"https:\/\/u-klubi.com\/avavesi\/wp-content\/uploads\/2024\/07\/avavesi2024_seeria_yldjuhend_v02.pdf\" target=\"_blank\" rel=\"noreferrer noopener\">\u00fcldjuhend<\/a><\/p>\n\n\n\n<p>Seeriav\u00f5istluste l\u00f5plik\u00a0<a href=\"https:\/\/u-klubi.com\/avavesi\/wp-content\/uploads\/2024\/08\/24_avavee_koondtabel_final.pdf\" target=\"_blank\" rel=\"noreferrer noopener\">koondarvestuse tabel<\/a>.<\/p>\n\n\n\n<p>Avaveeujumise <a href=\"https:\/\/u-klubi.com\/avavesi\/wp-content\/uploads\/2024\/07\/OWS_kalender2024_ver3-1.pdf\" target=\"_blank\" rel=\"noreferrer noopener\">kalender<\/a> (uuendatud) pdf-failina allalaadimiseks.<\/p>\n\n\n\n<p><strong>L 15. juuni&nbsp;<\/strong>Karksi-Nuia, MT\u00dc AOK Arendus, seeriav\u00f5istluse I etapp,&nbsp;<a href=\"https:\/\/ujumine.ee\/events\/karksi-nuia-avaveeujumine-i-etapp-15-06-2024\/\" target=\"_blank\" rel=\"noreferrer noopener\">juhend ja registreerimine<\/a><\/p>\n\n\n\n<p><strong>L 29.06.<\/strong> K\u00e4smu-V\u00f5su avaveeujumine, MT\u00dc Rakvere Maraton, <a href=\"https:\/\/eestimaraton.ee\/et\/sundmused?competition_id=30&amp;action=guide_by_id&amp;guide_id=62\" target=\"_blank\" rel=\"noreferrer noopener\">juhend<\/a><\/p>\n\n\n\n<p><strong>L 7. juuli<\/strong>&nbsp;Tabivere avaveeujumine, MT\u00dc AOK Arendus, seeriav\u00f5istluse II etapp,&nbsp;<a href=\"https:\/\/my.raceresult.com\/294306\/\" target=\"_blank\" rel=\"noreferrer noopener\">juhend<\/a><\/p>\n\n\n\n<p><strong>L 13. juuli<\/strong>&nbsp;OW Estonia, Pirita avaveeujumine, MT\u00dc Rakvere Maraton,&nbsp;<a href=\"https:\/\/eestimaraton.ee\/et\/eripakkumised?news_id=391\" target=\"_blank\" rel=\"noreferrer noopener\">juhend<\/a><\/p>\n\n\n\n<p><strong>P 14. juuli<\/strong>&nbsp;Elva avaveeujumine, MT\u00dc AOK Arendus, seeriav\u00f5istluse III etapp,&nbsp;<a href=\"https:\/\/u-klubi.com\/avavesi\/wp-content\/uploads\/2024\/07\/ELVA-AVAVEEUJUMINE-2024_v02.pdf\" target=\"_blank\" rel=\"noreferrer noopener\">juhend<\/a>, <strong>NB! v\u00f5istlus toimub <a href=\"https:\/\/www.facebook.com\/photo\/?fbid=924807456117351&amp;set=a.503689784895789&amp;notif_id=1720689992368240&amp;notif_t=feedback_reaction_generic&amp;ref=notif\" target=\"_blank\" rel=\"noreferrer noopener\">VEREVI j\u00e4rves<\/a> <\/strong><\/p>\n\n\n\n<p><strong>L 20. juuli<\/strong>&nbsp;Eesti MV-d, 5 ja 3,3 km, Viljandi, MT\u00dc AOK Arendus,&nbsp;<a href=\"https:\/\/swimming.ee\/kalender\/eesti-avaveeujumise-meistrivoistlused-5-ja-33-km\/\" target=\"_blank\" rel=\"noreferrer noopener\">juhend<\/a><\/p>\n\n\n\n<p><strong>P 21. juuli<\/strong>&nbsp;31. \u00fcle Saadj\u00e4rve ujumine, MT\u00dc AOK Arendus,&nbsp;<a href=\"https:\/\/docs.google.com\/document\/d\/1yafUDOKq-oJD5vSv6q9y_uiA_PlCrylNM64PR04crWE\/edit?usp=sharing\" target=\"_blank\" rel=\"noreferrer noopener\">juhend<\/a>, <a href=\"https:\/\/forms.gle\/gb6fdpUaEbisMZKH7\" target=\"_blank\" rel=\"noreferrer noopener\">registreerimine<\/a><\/p>\n\n\n\n<p><strong>L 27. juuli<\/strong>&nbsp;31. V\u00e4ikese V\u00e4ina avaveeujumine, MT\u00dc Konnonkonn \/ U-klubi, seeriav\u00f5istluse IV etapp,&nbsp;<a href=\"https:\/\/u-klubi.com\/avavesi\/wp-content\/uploads\/2024\/06\/2024-07-27_VaikeVain_juhend.pdf\" target=\"_blank\" rel=\"noreferrer noopener\">juhend<\/a><\/p>\n\n\n\n<p><strong>P 28. juuli<\/strong>&nbsp;Avamere ujumisp\u00e4ev Kaunispe sadamas, <a href=\"https:\/\/u-klubi.com\/avavesi\/wp-content\/uploads\/2024\/06\/2024-07-28_Kaunispe.jpg\" target=\"_blank\" rel=\"noreferrer noopener\">reklaamplakat<\/a><\/p>\n\n\n\n<p><strong>L 3. august<\/strong> 4. Haapsalu-\u00d6sterby avaveeujumine, U-klubi, seeriav\u00f5istluse V etapp,&nbsp;<a href=\"https:\/\/u-klubi.com\/avavesi\/wp-content\/uploads\/2024\/07\/2024-08-03_HO_juhend.pdf\" target=\"_blank\" rel=\"noreferrer noopener\">juhend<\/a><\/p>\n\n\n\n<p><strong>L 3. august<\/strong> L\u00e4mmij\u00e4rve ujumine, <a href=\"https:\/\/u-klubi.com\/avavesi\/wp-content\/uploads\/2024\/06\/2024-08-03_MehikoormaVeepidu.png\" target=\"_blank\" rel=\"noreferrer noopener\">reklaamplakat<\/a><\/p>\n\n\n\n<p><strong>R 9. august<\/strong>&nbsp;4. O. Lukini m\u00e4lestusv\u00f5istlus P\u00fchaj\u00e4rvel, U-klubi, seeriav\u00f5istluse VI etapp,&nbsp;<a href=\"https:\/\/u-klubi.com\/avavesi\/wp-content\/uploads\/2024\/07\/2024_08_09_Pyhajarve_juhend.pdf\" target=\"_blank\" rel=\"noreferrer noopener\">juhend<\/a><\/p>\n\n\n\n<p><strong>L 10. august<\/strong>&nbsp;4\u00d71,5 km ja 10 km, Eesti MV, P\u00fchaj\u00e4rve,&nbsp;<a href=\"https:\/\/swimming.ee\/kalender\/eesti-avaveeujumise-mv-4x15-km\/\" target=\"_blank\" rel=\"noreferrer noopener\">juhend<\/a><\/p>\n\n\n\n<p><strong>P 11. august<\/strong> 10 km Eesti MV, P\u00fchaj\u00e4rve, juhend<\/p>\n\n\n\n<p class=\"has-bright-red-color has-text-color has-link-color wp-elements-5fcbca3a9433b5dd56ec379b756b13c4\"><strong>NB! veel kord uus kuup\u00e4ev!<\/strong> P<strong> 11. august<\/strong>&nbsp;Kahe silla retk P\u00e4rnus, P\u00e4rnu UCA,&nbsp;juhend<\/p>\n\n\n\n<p><strong>L 17. august<\/strong>&nbsp;G. Otsa m\u00e4lestusv\u00f5istlus Tamulas, V\u00f5rumaa Spordiliit, seeriav\u00f5istluse VII etapp,&nbsp;<a href=\"https:\/\/vorumaaspordiliit.ee\/uritused\/georg-ots\/\" target=\"_blank\" rel=\"noreferrer noopener\">juhend ja registreerimine<\/a><\/p>\n\n\n\n<p><\/p>\n\n\n\n<p><\/p>\n\n\n\n<p><\/p>\n\n\n\n<p><\/p>\n","protected":false},"excerpt":{"rendered":"<p>Seeriav\u00f5istluste&nbsp;\u00fcldjuhend Seeriav\u00f5istluste l\u00f5plik\u00a0koondarvestuse tabel. Avaveeujumise kalender (uuendatud) pdf-failina allalaadimiseks. L 15. juuni&nbsp;Karksi-Nuia, MT\u00dc AOK Arendus, seeriav\u00f5istluse I etapp,&nbsp;juhend ja registreerimine L 29.06. K\u00e4smu-V\u00f5su avaveeujumine, MT\u00dc Rakvere Maraton, juhend L 7. juuli&nbsp;Tabivere avaveeujumine, MT\u00dc AOK Arendus, seeriav\u00f5istluse II etapp,&nbsp;juhend L 13. juuli&nbsp;OW Estonia, Pirita avaveeujumine, MT\u00dc Rakvere Maraton,&nbsp;juhend P 14. juuli&nbsp;Elva avaveeujumine, MT\u00dc AOK Arendus, seeriav\u00f5istluse &hellip; <a href=\"https:\/\/u-klubi.com\/avavesi\/index.php\/avaveeujumise-kalender\/avaveeujumine-2024\/\" class=\"more-link\">Loe edasi<span class=\"screen-reader-text\"> &#8220;Avaveeujumine 2024&#8221;<\/span><\/a><\/p>\n","protected":false},"author":1,"featured_media":0,"parent":18,"menu_order":0,"comment_status":"closed","ping_status":"closed","template":"","meta":{"two_page_speed":[],"footnotes":""},"class_list":["post-752","page","type-page","status-publish","hentry"],"jetpack_sharing_enabled":true,"_links":{"self":[{"href":"https:\/\/u-klubi.com\/avavesi\/index.php\/wp-json\/wp\/v2\/pages\/752","targetHints":{"allow":["GET"]}}],"collection":[{"href":"https:\/\/u-klubi.com\/avavesi\/index.php\/wp-json\/wp\/v2\/pages"}],"about":[{"href":"https:\/\/u-klubi.com\/avavesi\/index.php\/wp-json\/wp\/v2\/types\/page"}],"author":[{"embeddable":true,"href":"https:\/\/u-klubi.com\/avavesi\/index.php\/wp-json\/wp\/v2\/users\/1"}],"replies":[{"embeddable":true,"href":"https:\/\/u-klubi.com\/avavesi\/index.php\/wp-json\/wp\/v2\/comments?post=752"}],"version-history":[{"count":17,"href":"https:\/\/u-klubi.com\/avavesi\/index.php\/wp-json\/wp\/v2\/pages\/752\/revisions"}],"predecessor-version":[{"id":804,"href":"https:\/\/u-klubi.com\/avavesi\/index.php\/wp-json\/wp\/v2\/pages\/752\/revisions\/804"}],"up":[{"embeddable":true,"href":"https:\/\/u-klubi.com\/avavesi\/index.php\/wp-json\/wp\/v2\/pages\/18"}],"wp:attachment":[{"href":"https:\/\/u-klubi.com\/avavesi\/index.php\/wp-json\/wp\/v2\/media?parent=752"}],"curies":[{"name":"wp","href":"https:\/\/api.w.org\/{rel}","templated":true}]}}