{"id":81,"date":"2018-05-28T07:22:08","date_gmt":"2018-05-28T04:22:08","guid":{"rendered":"http:\/\/u-klubi.com\/avavesi\/?page_id=81"},"modified":"2018-08-03T19:39:12","modified_gmt":"2018-08-03T17:39:12","slug":"avaveeujumine-2018","status":"publish","type":"page","link":"https:\/\/u-klubi.com\/avavesi\/index.php\/avaveeujumise-kalender\/avaveeujumine-2018\/","title":{"rendered":"Avaveeujumine 2018"},"content":{"rendered":"<h5><strong>NB!<\/strong> 2018. aasta avaveeujumise hooaja\u00a0<strong>seeriav\u00f5istluste\u00a0<a href=\"https:\/\/u-klubi.com\/avavesi\/wp-content\/uploads\/2018\/06\/avavesi2018_seeria_yldjuhend_v02.pdf\" target=\"_blank\" rel=\"noopener\">\u00fcldjuhend<\/a>\u00a0<\/strong><\/h5>\n<h3>V\u00f5istlused nii Eestis kui ka l\u00e4hiriikides<\/h3>\n<p><strong>N 14.06.<\/strong>\u00a0P\u00fchaj\u00e4rve avaveeujumine, MT\u00dc Trismile, <a href=\"http:\/\/avaveeujumised.trismile.ee\/et\/puhajarve\/puhajarve-juhend\/\" target=\"_blank\" rel=\"noopener\">juhend<\/a>, (<a href=\"http:\/\/avaveeujumised.trismile.ee\/et\/registreerimine\/\" target=\"_blank\" rel=\"noopener\">eelregistreerimine<\/a> kuni 12.06., kell 23:59)<\/p>\n<p><strong>L 23.06.\u00a0<\/strong> Jaanip\u00e4eva avatud veefestival, maratonujumine 5\/2,2 km, &#8220;\u0160veits 2018&#8221;, \u0160veitsi k\u00fcla. Jonavase rajoon, Leedu, <a href=\"http:\/\/swimming.lv\/wp-content\/uploads\/2018\/05\/KPF-SWISS-RU-2018-.pdf\" target=\"_blank\" rel=\"noopener\">juhend<\/a><\/p>\n<p><strong>L 30.06.<\/strong>\u00a0T\u00f5rva avaveeujumine, MT\u00dc ABC Arendus, Seeriav\u00f5istluse I etapp, <a href=\"https:\/\/www.sportos.eu\/ee\/et\/torva-avaveeujumine\/\" target=\"_blank\" rel=\"noopener\">juhend<\/a> (eelregistreerimine l\u00f5peb 24.06.)<\/p>\n<p><strong>P 01.07.<\/strong>\u00a0Vaidava, L\u00e4ti, v\u00f5istluse algus kell 13.00, registreerimine\u00a0 12.00-12.45,\u00a0distants ~1500 m, osav\u00f5tutasu 5 \u20ac, <a href=\"https:\/\/u-klubi.com\/avavesi\/wp-content\/uploads\/2018\/06\/Vaidavas-vardul\u0113ns-18.pdf\" target=\"_blank\" rel=\"noopener\">juhend<\/a> (l\u00e4ti keeles)<\/p>\n<p><strong>L 14.07.<\/strong>\u00a0P\u00fchaj\u00e4rve avaveeujumine, MT\u00dc ABC Arendus, Seeriav\u00f5istluse II etapp, <a href=\"https:\/\/www.sportos.eu\/ee\/et\/puhajarve-avaveeujumisvoistlus\/\" target=\"_blank\" rel=\"noopener\">juhend<\/a>, (eelregistreerimine l\u00f5peb 8.07.)<\/p>\n<p><strong>L 14.07<\/strong>.\u00a0 Leedu 100. aastap\u00e4evale p\u00fchendatud avaveeujumise maraton 10 km, Kintai k\u00fcla, Leedu, <a href=\"http:\/\/swimming.lv\/wp-content\/uploads\/2018\/05\/14.07.2018-%D0%9B%D0%B8%D1%82%D0%B2%D0%B0-%D0%BE%D1%82%D0%BA%D1%80%D1%8B%D1%82%D0%B0%D1%8F-%D0%B2%D0%BE%D0%B4%D0%B0-%D0%9F%D0%BE%D0%BB%D0%BE%D0%B6%D0%B5%D0%BD%D0%B8%D0%B5-KKM-2018_RUS.pdf\" target=\"_blank\" rel=\"noopener\">juhend<\/a><\/p>\n<p><strong>N 19.07.<\/strong>\u00a0Tartu Mill avaveeujumine, MT\u00dc Trismile<\/p>\n<p><strong>L 21.07.<\/strong>\u00a0V Eesti MV 10 KM, P\u00fchaj\u00e4rve, Eesti Ujumisliit, Eesti meistriv\u00f5istlused, <a href=\"https:\/\/u-klubi.com\/avavesi\/wp-content\/uploads\/2018\/07\/Eesti-Meistriv\u00f5istlused_2018_avavesi-10km_juhend.pdf\" target=\"_blank\" rel=\"noopener\">juhend<\/a><\/p>\n<p><strong>L 21.07.<\/strong> Annimatsi Open, K\u00e4rnj\u00e4rv, Meisterujumise U-klubi, algusega kell 16:00;<br \/>\nosalemisest anna teada: Olav Lukin (tel 5041230) v\u00f5i Kristiina Arusoo (tel 56656831 v\u00f5i a_kristiina@hotmail.com), \u00f6\u00f6bimise v\u00f5imalus (~13 \u20ac), s\u00f6\u00f6k<\/p>\n<p><strong>P 22. 07.<\/strong>\u00a0XXV \u00dcle Saadj\u00e4rve ujumine, Tartumaa Spordiliit, <a href=\"https:\/\/u-klubi.com\/avavesi\/wp-content\/uploads\/2018\/07\/\u00fcle-Saadj\u00e4rve.pdf\" target=\"_blank\" rel=\"noopener\">juhend<\/a><\/p>\n<p><strong>L 28.07. <\/strong>XXV\u00a0V\u00e4ikese V\u00e4ina avaveeujumine, P. Kesk\u00fcla, MT\u00dc Konnonkonn, Seeriav\u00f5istluse III etapp, <a href=\"https:\/\/u-klubi.com\/avavesi\/wp-content\/uploads\/2018\/06\/25VaikeVain_20180728.pdf\" target=\"_blank\" rel=\"noopener\">juhend<\/a><\/p>\n<p><strong>P 29. 07.\u00a0<\/strong>S\u00f5rve avaveeujumine, O. Lukin; Kaunispe sadam<\/p>\n<p><strong>L 4. 08<\/strong>. Kuremaa avaveeujumine, MT\u00dc ABC Arendus, Seeriav\u00f5istluse IV etapp, <a href=\"https:\/\/www.sportos.eu\/ee\/et\/kuremaa-avaveeujumine\/\" target=\"_blank\" rel=\"noopener\">juhend<\/a>, (eelregistreerimine l\u00f5peb 29.07)<\/p>\n<p><strong>P 5. 08<\/strong>. Tabivere avaveeujumine, MT\u00dc AOK Arendus, Seeriav\u00f5istluse V etapp,\u00a0<a href=\"https:\/\/u-klubi.com\/avavesi\/wp-content\/uploads\/2018\/07\/20180805_juhend_TABIVERE_2.pdf\" target=\"_blank\" rel=\"noopener\">juhend<\/a><\/p>\n<p><strong>L 11. 08.<\/strong>\u00a0G. Otsa m\u00e4lestusv\u00f5istlus, V\u00f5rumaa Spordiliit, Seeriav\u00f5istluse VI etapp, <a href=\"https:\/\/www.facebook.com\/vorumaaspordiliit\/photos\/a.2220148911331846.1073741923.186491228030968\/2230925590254178\/?type=3&amp;theater\" target=\"_blank\" rel=\"noopener\">info<\/a><\/p>\n<p><strong>P 12. 08<\/strong>. Elva avaveeujumine, Elva Spordiliit, Seeriav\u00f5istluse VII etapp,\u00a0<a href=\"https:\/\/u-klubi.com\/avavesi\/wp-content\/uploads\/2018\/07\/20180812_Elva_juhend.pdf\" target=\"_blank\" rel=\"noopener\">juhend<\/a><\/p>\n<p><strong>L 18.08.<\/strong>\u00a0XXVIII Eesti MV 3 KM\/5 KM, Elva (Verevi), Eesti Ujumisliit, Eesti meistriv\u00f5istlused,\u00a0<a href=\"https:\/\/u-klubi.com\/avavesi\/wp-content\/uploads\/2018\/08\/Eesti_MV_OW_3ja5km_2018-doc.pdf\" target=\"_blank\" rel=\"noopener\">juhend<\/a><\/p>\n<p><strong>P 19.08<\/strong>. III Piirissaare ujumine, Tartumaa Spordiliit, <a href=\"https:\/\/u-klubi.com\/avavesi\/wp-content\/uploads\/2018\/07\/2018-Piirissaare-ujumine.pdf\" target=\"_blank\" rel=\"noopener\">juhend<\/a><\/p>\n<p><strong>E 20.08<\/strong>. Kahe silla retk, P\u00e4rnu, P\u00e4rnu UCA<\/p>\n<p><strong>L-P 8.-09.09<\/strong>. Avaveeujumise EM, Bled, Sloveenia, <a href=\"https:\/\/www.emc2018.com\/sports\/open-water-swimming\">koduleht<\/a><\/p>\n","protected":false},"excerpt":{"rendered":"<p>NB! 2018. aasta avaveeujumise hooaja\u00a0seeriav\u00f5istluste\u00a0\u00fcldjuhend\u00a0 V\u00f5istlused nii Eestis kui ka l\u00e4hiriikides N 14.06.\u00a0P\u00fchaj\u00e4rve avaveeujumine, MT\u00dc Trismile, juhend, (eelregistreerimine kuni 12.06., kell 23:59) L 23.06.\u00a0 Jaanip\u00e4eva avatud veefestival, maratonujumine 5\/2,2 km, &#8220;\u0160veits 2018&#8221;, \u0160veitsi k\u00fcla. Jonavase rajoon, Leedu, juhend L 30.06.\u00a0T\u00f5rva avaveeujumine, MT\u00dc ABC Arendus, Seeriav\u00f5istluse I etapp, juhend (eelregistreerimine l\u00f5peb 24.06.) P 01.07.\u00a0Vaidava, L\u00e4ti, v\u00f5istluse &hellip; <a href=\"https:\/\/u-klubi.com\/avavesi\/index.php\/avaveeujumise-kalender\/avaveeujumine-2018\/\" class=\"more-link\">Loe edasi<span class=\"screen-reader-text\"> &#8220;Avaveeujumine 2018&#8221;<\/span><\/a><\/p>\n","protected":false},"author":1,"featured_media":0,"parent":18,"menu_order":0,"comment_status":"closed","ping_status":"closed","template":"","meta":{"two_page_speed":[],"footnotes":""},"class_list":["post-81","page","type-page","status-publish","hentry"],"jetpack_sharing_enabled":true,"_links":{"self":[{"href":"https:\/\/u-klubi.com\/avavesi\/index.php\/wp-json\/wp\/v2\/pages\/81","targetHints":{"allow":["GET"]}}],"collection":[{"href":"https:\/\/u-klubi.com\/avavesi\/index.php\/wp-json\/wp\/v2\/pages"}],"about":[{"href":"https:\/\/u-klubi.com\/avavesi\/index.php\/wp-json\/wp\/v2\/types\/page"}],"author":[{"embeddable":true,"href":"https:\/\/u-klubi.com\/avavesi\/index.php\/wp-json\/wp\/v2\/users\/1"}],"replies":[{"embeddable":true,"href":"https:\/\/u-klubi.com\/avavesi\/index.php\/wp-json\/wp\/v2\/comments?post=81"}],"version-history":[{"count":24,"href":"https:\/\/u-klubi.com\/avavesi\/index.php\/wp-json\/wp\/v2\/pages\/81\/revisions"}],"predecessor-version":[{"id":153,"href":"https:\/\/u-klubi.com\/avavesi\/index.php\/wp-json\/wp\/v2\/pages\/81\/revisions\/153"}],"up":[{"embeddable":true,"href":"https:\/\/u-klubi.com\/avavesi\/index.php\/wp-json\/wp\/v2\/pages\/18"}],"wp:attachment":[{"href":"https:\/\/u-klubi.com\/avavesi\/index.php\/wp-json\/wp\/v2\/media?parent=81"}],"curies":[{"name":"wp","href":"https:\/\/api.w.org\/{rel}","templated":true}]}}