{"id":16,"date":"2017-09-11T19:43:19","date_gmt":"2017-09-11T16:43:19","guid":{"rendered":"https:\/\/u-klubi.com\/?page_id=16"},"modified":"2017-09-11T20:46:31","modified_gmt":"2017-09-11T17:46:31","slug":"2017-tulemused","status":"publish","type":"page","link":"https:\/\/u-klubi.com\/index.php\/avaveeujumise-tulemused\/2017-tulemused\/","title":{"rendered":"2017 tulemused"},"content":{"rendered":"<p>Avaveeujumise 2017. aasta seeriav\u00f5istluse koondtulemus.<br \/>\n<a href=\"https:\/\/u-klubi.com\/wp-content\/uploads\/2017\/09\/17_avavee_koond_final.pdf\">17_avavee_koond_final<\/a><\/p>\n<p><strong>29. juuli<\/strong> &#8211; V\u00e4ikese V\u00e4ina ujumine, <a href=\"http:\/\/www.racetecresults.com\/results.aspx?CId=16573&#038;RId=134\" target=\"_blank\">tulemused<\/a><\/p>\n<p><strong>22. juuli<\/strong> \u2013\u00a0T\u00f5rva avaveeujumine &#8211; Riiska j\u00e4rv, T\u00f5rva; Seeriav\u00f5istluse V etapp: <a href=\"https:\/\/u-klubi.com\/wp-content\/uploads\/2017\/09\/20170722_torva_yld-1.pdf\" target=\"_blank\">\u00fcldarvestus<\/a>, <a href=\"https:\/\/u-klubi.com\/wp-content\/uploads\/2017\/09\/20170722_torva_ag.pdf\" target=\"_blank\">vanuseklasside j\u00e4rgi<\/a><\/p>\n<p><strong>21. juuli<\/strong> \u2013 Valga avaveeujumine &#8211; Pedeli paisj\u00e4rv, Valga; Seeriav\u00f5istluse IV etapp, <a href=\"http:\/\/www.racetecresults.com\/Results.aspx?CId=16573&#038;RId=131\" target=\"_blank\">tulemused<\/a><\/p>\n<p><strong>15. juuli<\/strong> \u2013 Eesti MV, P\u00fchaj\u00e4rve 3 km ja 5 km, <a href=\"https:\/\/u-klubi.com\/wp-content\/uploads\/2017\/09\/20170715_P\u00fchaj\u00e4rve_EestiMV.pdf\" target=\"_blank\">tulemused<\/a><\/p>\n<p><strong>9. juuli<\/strong> &#8211; Georg Otsa m\u00e4lestusv\u00f5istlus &#8211; Tamula j\u00e4rv, V\u00f5ru; Seeriav\u00f5istluse III etapp, <a href=\"https:\/\/u-klubi.com\/wp-content\/uploads\/2017\/09\/20170709_Tamula.pdf\" target=\"_blank\">tulemused<\/a><\/p>\n<p><strong>7. juuli<\/strong> \u2013 Zoot Tartu avaveeujumine &#8211; Emaj\u00f5gi, Tartu; Seeriav\u00f5istluse II etapp, <a href=\"http:\/\/www.racetecresults.com\/Results.aspx?CId=16573&#038;RId=125\" target=\"_blank\">tulemused<\/a><\/p>\n<p><strong>2. juuli<\/strong> \u2013 Kuremaa avaveeujumine &#8211; Kuremaa j\u00e4rv, Kuremaa; Seeriav\u00f5istluse I etapp (Meie liigume)<br \/>\n<em>Seeriav\u00f5istluse I etapp Kuremaal toimus! 1,2 km p\u00f5hidistants 16,5 kraadises vees l\u00e4biti silmagi pilgutamata. Kiireimad olid Meribel Saar ja Sander Paavo. <\/p>\n<p>U-Klubi parimad olid seekord Alder Harkmann ja Kristiina Arusoo. Vanuseklasside v\u00f5idu pistsid taskusse u-klubilastest Kristiina, Jaana Leht, Merle Vantsi, Artur Tikkerb\u00e4r, Tiia Brakmann, Lembit Laht ja Eha Lilienthal. Rahvadistantsil t\u00f5usid poodiumi k\u00f5rgeimale astmele Eili Paap ja Olev Kooskora. <\/p>\n<p>Kiitus k\u00f5igile osalejatele! Seeriav\u00f5istlus j\u00e4tkub juba 7. juuli \u00f5htul Tartus Emaj\u00f5es allavoolu.<br \/>\nUjumiseks ebasobivat ilma ei ole.<\/em><\/p>\n<p><a href=\"https:\/\/u-klubi.com\/wp-content\/uploads\/2017\/09\/20170702_Kuremaa.pdf\" target=\"_blank\">Tulemused<\/a><\/p>\n<p><strong>9. juuni<\/strong> \u2013 Paide avaveeujumine, <a href=\"http:\/\/www.racetecresults.com\/Results.aspx?CId=16573&#038;RId=3069\" target=\"_blank\">tulemused<\/a><\/p>\n","protected":false},"excerpt":{"rendered":"<p>Avaveeujumise 2017. aasta seeriav\u00f5istluse koondtulemus. 17_avavee_koond_final 29. juuli &#8211; V\u00e4ikese V\u00e4ina ujumine, tulemused 22. juuli \u2013\u00a0T\u00f5rva avaveeujumine &#8211; Riiska j\u00e4rv, T\u00f5rva; Seeriav\u00f5istluse V etapp: \u00fcldarvestus, vanuseklasside j\u00e4rgi 21. juuli \u2013 Valga avaveeujumine &#8211; Pedeli paisj\u00e4rv, Valga; Seeriav\u00f5istluse IV etapp, tulemused 15. juuli \u2013 Eesti MV, P\u00fchaj\u00e4rve 3 km ja 5 km, tulemused 9. juuli &#8211; &hellip; <a href=\"https:\/\/u-klubi.com\/index.php\/avaveeujumise-tulemused\/2017-tulemused\/\" class=\"more-link\">Continue reading<span class=\"screen-reader-text\"> &#8220;2017 tulemused&#8221;<\/span><\/a><\/p>\n","protected":false},"author":1,"featured_media":0,"parent":43,"menu_order":0,"comment_status":"closed","ping_status":"closed","template":"","meta":{"two_page_speed":[],"footnotes":""},"class_list":["post-16","page","type-page","status-publish","hentry"],"jetpack_sharing_enabled":true,"_links":{"self":[{"href":"https:\/\/u-klubi.com\/index.php\/wp-json\/wp\/v2\/pages\/16","targetHints":{"allow":["GET"]}}],"collection":[{"href":"https:\/\/u-klubi.com\/index.php\/wp-json\/wp\/v2\/pages"}],"about":[{"href":"https:\/\/u-klubi.com\/index.php\/wp-json\/wp\/v2\/types\/page"}],"author":[{"embeddable":true,"href":"https:\/\/u-klubi.com\/index.php\/wp-json\/wp\/v2\/users\/1"}],"replies":[{"embeddable":true,"href":"https:\/\/u-klubi.com\/index.php\/wp-json\/wp\/v2\/comments?post=16"}],"version-history":[{"count":7,"href":"https:\/\/u-klubi.com\/index.php\/wp-json\/wp\/v2\/pages\/16\/revisions"}],"predecessor-version":[{"id":72,"href":"https:\/\/u-klubi.com\/index.php\/wp-json\/wp\/v2\/pages\/16\/revisions\/72"}],"up":[{"embeddable":true,"href":"https:\/\/u-klubi.com\/index.php\/wp-json\/wp\/v2\/pages\/43"}],"wp:attachment":[{"href":"https:\/\/u-klubi.com\/index.php\/wp-json\/wp\/v2\/media?parent=16"}],"curies":[{"name":"wp","href":"https:\/\/api.w.org\/{rel}","templated":true}]}}