{"id":494,"date":"2021-07-27T15:59:52","date_gmt":"2021-07-27T13:59:52","guid":{"rendered":"https:\/\/u-klubi.com\/?page_id=494"},"modified":"2021-08-26T19:16:16","modified_gmt":"2021-08-26T17:16:16","slug":"2021-tulemused","status":"publish","type":"page","link":"https:\/\/u-klubi.com\/index.php\/avaveeujumise-tulemused\/2021-tulemused\/","title":{"rendered":"2021 tulemused"},"content":{"rendered":"\n<p><strong>2021. aasta seeriav\u00f5istluse koondkokkuv\u00f5te: <a rel=\"noreferrer noopener\" href=\"https:\/\/u-klubi.com\/wp-content\/uploads\/2021\/08\/21_avavee_koondtabel.pdf\" target=\"_blank\">tulemused<\/a><\/strong><\/p>\n\n\n\n<p><strong>3. juuli<\/strong>&nbsp;\u2013 Karksi-Nuia avaveeujumine, seeriav\u00f5istluse I etapp, korraldab MT\u00dc AOK Arendus,&nbsp;<a href=\"https:\/\/my.raceresult.com\/167043\/\" target=\"_blank\" rel=\"noreferrer noopener\">tulemused<\/a><\/p>\n\n\n\n<p><strong>10. juuli<\/strong>&nbsp;\u2013 M\u00e4nniku avaveeujumine, seeriav\u00f5istluse II etapp, korraldab EUL \/ U-Klubi,&nbsp;<a href=\"https:\/\/my.raceresult.com\/174720\/results\" target=\"_blank\" rel=\"noreferrer noopener\">tulemused<\/a><\/p>\n\n\n\n<p><strong>17. juuli<\/strong>&nbsp;\u2013 K\u00e4smu \u2013 V\u00f5su avaveeujumine ehk Open Water Estonia 2021, korraldab MT\u00dc Rakvere maraton, <a href=\"http:\/\/nelson.racetecresults.com\/Results.aspx?CId=16267&amp;RId=6110&amp;EId=1&amp;fbclid=IwAR3TAr2pMw_fD_sRrrGaJkej7aryuEJQaDSvymS1NAZ5vg0VUabxZnkFJ0s\" target=\"_blank\" rel=\"noreferrer noopener\">tulemused<\/a><\/p>\n\n\n\n<p><strong>18. juuli<\/strong>&nbsp;Eesti MV 5 km, mastersite&nbsp;3,3 km, Viljandi j\u00e4rv, korraldab: EUL \/ MT\u00dc AOK Arendus \/UK Karksi Sport, <a href=\"https:\/\/my.raceresult.com\/171731\/\" target=\"_blank\" rel=\"noreferrer noopener\">tulemused<\/a> <\/p>\n\n\n\n<p><strong>24. juuli<\/strong>&nbsp;\u2013 Olav Lukini m\u00e4lestusv\u00f5istlus, P\u00fchaj\u00e4rvel. Korraldust koordineerib EUL, <a href=\"https:\/\/u-klubi.com\/wp-content\/uploads\/2021\/07\/210724_Pyhajarve-Lukin_tulemused.pdf\" target=\"_blank\" rel=\"noreferrer noopener\">tulemused<\/a>&nbsp;<\/p>\n\n\n\n<p><strong>25. juuli<\/strong>&nbsp;\u2013 28. \u00dcle Saadj\u00e4rve ujumine, korraldab MT\u00dc AOK Arendus, <a rel=\"noreferrer noopener\" href=\"https:\/\/u-klubi.com\/wp-content\/uploads\/2021\/07\/finisi-protokoll.pdf\" target=\"_blank\">tulemused<\/a>, <a rel=\"noreferrer noopener\" href=\"https:\/\/u-klubi.com\/wp-content\/uploads\/2021\/07\/vanusegrupid-MN-protokoll.pdf\" target=\"_blank\">vanusegrupid-MN-protokoll<\/a>, <a rel=\"noreferrer noopener\" href=\"https:\/\/u-klubi.com\/wp-content\/uploads\/2021\/07\/vanusegrupid-protokoll.pdf\" target=\"_blank\">vanusegrupid-protokoll<\/a><\/p>\n\n\n\n<p><strong>31. juuli<\/strong>&nbsp;\u2013 28. \u00dcle V\u00e4ikese V\u00e4ina ujumine, seeriav\u00f5istluse III etapp, korraldab MT\u00dc Konnonkonn, <a href=\"https:\/\/www.racetecresults.com\/results.aspx?CId=16573&amp;RId=373&amp;fbclid=IwAR3UMj14TFvYWUVCRtc2DhSGKYvYTpA7EcpBPrdegNcM-dwas7wA5683WB8\" target=\"_blank\" rel=\"noreferrer noopener\">tulemused<\/a><\/p>\n\n\n\n<p><strong>1. august<\/strong>&nbsp;\u2013 Tabivere avaveeujumine, seeriav\u00f5istluse IV etapp, korraldab MT\u00dc AOK Arendus,&nbsp;<a href=\"https:\/\/my.raceresult.com\/167203\/results?fbclid=IwAR3XFlraJpo_DO58JPk1GTvt3AsRDZspb1TlFKnhpy4R9kDetOkLK0EVF8A\" target=\"_blank\" rel=\"noreferrer noopener\">tulemused<\/a><\/p>\n\n\n\n<p><strong>1. august<\/strong>&nbsp;\u2013 Kaunispe avamere ujumisp\u00e4ev; korraldab MT\u00dc Sisemise S\u00e4ra Keskus, MT\u00dc Kaunispe Sadam koost\u00f6\u00f6s kogukonna aktivistidega, tulemused<\/p>\n\n\n\n<p><strong>7. august<\/strong>\u00a0\u2013 Haapsalu-\u00d6sterby avaveeujumine, korraldab U-Klubi; Uus ja p\u00f5nev ujumine, mille m\u00f5tte algatajaks on Aleks Kivinuk, kes kaasas U-Klubi v\u00f5istlust korraldama ja n\u00fc\u00fcd on sellest saamas Haapsalu-Noarootsi merep\u00e4evade \u00fcks keskseid \u00fcritusi. <a href=\"https:\/\/u-klubi.com\/wp-content\/uploads\/2021\/08\/20210807_HO_tulemused.pdf\" target=\"_blank\" rel=\"noreferrer noopener\">Tulemused<\/a><\/p>\n\n\n\n<p><strong>12. august<\/strong>&nbsp;Eesti MV 10 km maratonujumises, P\u00fchaj\u00e4rve, korraldab EUL \/ U-klubi, <a href=\"https:\/\/www.racetecresults.com\/results.aspx?CId=16573&amp;RId=385&amp;EId=1&amp;dt=2&amp;fbclid=IwAR2U6gjEfoSTCKJDLF4Z6yRrFKLFdVzOEv2H_ZuC33rRvW8FNcJOCPwYgpU\" target=\"_blank\" rel=\"noreferrer noopener\">tulemused<\/a><br>NB! Uus: Lisaks ujutakse ka 4\u00d71,25 km teateujumine (2M+2N)<\/p>\n\n\n\n<p><strong>14. august<\/strong>&nbsp;\u2013 Georg Otsa m\u00e4lestusv\u00f5istlus, V\u00f5ru, Tamula j\u00e4rv, korraldab V\u00f5rumaa Spordiliit, <a href=\"https:\/\/docs.google.com\/spreadsheets\/d\/1jxyNbmsXRy_YbUyrzowB6iUw2Q6eY4Sy_I0czAsw_eM\/edit?fbclid=IwAR2oZtJnAfVEXKeszyUoQTLbJY6FnSA6oQ6uiHY_qNL2D7fRwmymmpe53ak#gid=0\" target=\"_blank\" rel=\"noreferrer noopener\">tulemused<\/a><\/p>\n\n\n\n<p><strong>15. august<\/strong>&nbsp;\u2013 Elva avaveeujumine, Verevi j\u00e4rv, korraldab MT\u00dc AOK Arendus,&nbsp;<a href=\"https:\/\/my.raceresult.com\/167200\/registration?lang=en&amp;fbclid=IwAR2OSHYLNoE-AHMl7nEwkJah32dexX-lsxy7DibMrJnkMdf0l6JaPfwy8Wk\" target=\"_blank\" rel=\"noreferrer noopener\">tulemused<\/a><\/p>\n\n\n\n<p><strong>20. august<\/strong>\u00a0\u2013 Kahe Silla retk, P\u00e4rnu j\u00f5gi, korraldab: ujumisklubi P\u00e4rnu UCA, <a href=\"http:\/\/ujumisklubiuca.ee\/wp-content\/uploads\/2021\/08\/2silda.pdf\" target=\"_blank\" rel=\"noreferrer noopener\">tulemused<\/a><\/p>\n","protected":false},"excerpt":{"rendered":"<p>2021. aasta seeriav\u00f5istluse koondkokkuv\u00f5te: tulemused 3. juuli&nbsp;\u2013 Karksi-Nuia avaveeujumine, seeriav\u00f5istluse I etapp, korraldab MT\u00dc AOK Arendus,&nbsp;tulemused 10. juuli&nbsp;\u2013 M\u00e4nniku avaveeujumine, seeriav\u00f5istluse II etapp, korraldab EUL \/ U-Klubi,&nbsp;tulemused 17. juuli&nbsp;\u2013 K\u00e4smu \u2013 V\u00f5su avaveeujumine ehk Open Water Estonia 2021, korraldab MT\u00dc Rakvere maraton, tulemused 18. juuli&nbsp;Eesti MV 5 km, mastersite&nbsp;3,3 km, Viljandi j\u00e4rv, korraldab: EUL \/ &hellip; <a href=\"https:\/\/u-klubi.com\/index.php\/avaveeujumise-tulemused\/2021-tulemused\/\" class=\"more-link\">Continue reading<span class=\"screen-reader-text\"> &#8220;2021 tulemused&#8221;<\/span><\/a><\/p>\n","protected":false},"author":1,"featured_media":0,"parent":43,"menu_order":0,"comment_status":"closed","ping_status":"closed","template":"","meta":{"two_page_speed":[],"footnotes":""},"class_list":["post-494","page","type-page","status-publish","hentry"],"jetpack_sharing_enabled":true,"_links":{"self":[{"href":"https:\/\/u-klubi.com\/index.php\/wp-json\/wp\/v2\/pages\/494","targetHints":{"allow":["GET"]}}],"collection":[{"href":"https:\/\/u-klubi.com\/index.php\/wp-json\/wp\/v2\/pages"}],"about":[{"href":"https:\/\/u-klubi.com\/index.php\/wp-json\/wp\/v2\/types\/page"}],"author":[{"embeddable":true,"href":"https:\/\/u-klubi.com\/index.php\/wp-json\/wp\/v2\/users\/1"}],"replies":[{"embeddable":true,"href":"https:\/\/u-klubi.com\/index.php\/wp-json\/wp\/v2\/comments?post=494"}],"version-history":[{"count":7,"href":"https:\/\/u-klubi.com\/index.php\/wp-json\/wp\/v2\/pages\/494\/revisions"}],"predecessor-version":[{"id":540,"href":"https:\/\/u-klubi.com\/index.php\/wp-json\/wp\/v2\/pages\/494\/revisions\/540"}],"up":[{"embeddable":true,"href":"https:\/\/u-klubi.com\/index.php\/wp-json\/wp\/v2\/pages\/43"}],"wp:attachment":[{"href":"https:\/\/u-klubi.com\/index.php\/wp-json\/wp\/v2\/media?parent=494"}],"curies":[{"name":"wp","href":"https:\/\/api.w.org\/{rel}","templated":true}]}}