{"id":542,"date":"2022-05-22T18:52:48","date_gmt":"2022-05-22T16:52:48","guid":{"rendered":"https:\/\/u-klubi.com\/?page_id=542"},"modified":"2022-08-03T17:25:45","modified_gmt":"2022-08-03T15:25:45","slug":"avaveeujumine-2022","status":"publish","type":"page","link":"https:\/\/u-klubi.com\/index.php\/avaveeujumise-kalender\/avaveeujumine-2022\/","title":{"rendered":"Avaveeujumine 2022"},"content":{"rendered":"\n<p><strong><span class=\"has-inline-color has-black-color\">Seeriav\u00f5istluste <\/span><\/strong><a href=\"https:\/\/u-klubi.com\/wp-content\/uploads\/2022\/05\/avavesi2022_seeria_yldjuhend.pdf\" target=\"_blank\" rel=\"noreferrer noopener\"><strong>\u00fcldjuhend<\/strong><\/a><\/p>\n\n\n\n<p><strong>P 19. juuni<\/strong> Karksi-Nuia avaveeujumine, MT\u00dc AOK Arendus, Seeriav\u00f5istluse I etapp, <a rel=\"noreferrer noopener\" href=\"https:\/\/u-klubi.com\/wp-content\/uploads\/2022\/06\/20220619_Karksi-Nuia_juhend.pdf\" data-type=\"URL\" data-id=\"https:\/\/u-klubi.com\/wp-content\/uploads\/2022\/06\/20220619_Karksi-Nuia_juhend.pdf\" target=\"_blank\">juhend<\/a><\/p>\n\n\n\n<p><strong>L 2. juuli<\/strong> Haapsalu-\u00d6sterby avaveeujumine, U-Klubi, Seeriav\u00f5istluse II etapp, <a rel=\"noreferrer noopener\" href=\"https:\/\/u-klubi.com\/wp-content\/uploads\/2022\/06\/20220702_HaapsaluOsterby_juhend.pdf\" data-type=\"URL\" data-id=\"https:\/\/u-klubi.com\/wp-content\/uploads\/2022\/06\/20220702_HaapsaluOsterby_juhend.pdf\" target=\"_blank\">juhend<\/a><\/p>\n\n\n\n<p><strong>L 2. juuli <\/strong>L\u00e4mmij\u00e4rve avaveeujumine, Mehikoorma veepidu, Tartumaa Spordiliit, <a rel=\"noreferrer noopener\" href=\"https:\/\/u-klubi.com\/wp-content\/uploads\/2022\/06\/Mehikoorma-veepidu.pdf\" target=\"_blank\">juhend<\/a><\/p>\n\n\n\n<p><strong>L 9. juuli<\/strong> Tabivere avaveeujumine, Saadj\u00e4rv, MT\u00dc AOK Arendus, Seeriav\u00f5istluse III etapp, <a href=\"https:\/\/u-klubi.com\/wp-content\/uploads\/2022\/06\/20220709_Tabivere_juhend.pdf\" target=\"_blank\" rel=\"noreferrer noopener\">juhend<\/a><\/p>\n\n\n\n<p><strong>L 16. juuli <\/strong>OW Estonia, K\u00e4smu-V\u00f5su avaveeujumine, MT\u00dc Rakvere Maraton, muu, <a rel=\"noreferrer noopener\" href=\"https:\/\/xn--jooks-iuaa.ee\/et\/sundmused?competition_id=13\" target=\"_blank\">juhend<\/a><\/p>\n\n\n\n<p><strong>P 17. juuli <\/strong>Eesti MV 5 ja 3,3 km, Viljandi j\u00e4rv, EUL \/ MT\u00dc AOK Arendus \/UK Karksi Sport, MV, <a href=\"https:\/\/u-klubi.com\/wp-content\/uploads\/2022\/07\/Eesti_MV_OW_3ja5km-juhend2022_v02.pdf\">juhend<\/a> <mark style=\"background-color:rgba(0, 0, 0, 0)\" class=\"has-inline-color has-bright-red-color\">NB! muudetud ajakava<\/mark>(14.07.2022)<\/p>\n\n\n\n<p><strong>L 23. juuli<\/strong> Elva avaveeujumine, <strong><mark style=\"background-color:#ff675f\" class=\"has-inline-color has-yellow-color\">Arbi <\/mark><\/strong>j\u00e4rv, MT\u00dc AOK Arendus, Seeriav\u00f5istluse IV etapp, <a href=\"https:\/\/u-klubi.com\/wp-content\/uploads\/2022\/07\/20220723_Elva_juhend_v02.pdf\">juhend<\/a> &#8211; <mark style=\"background-color:#ff675f\" class=\"has-inline-color has-yellow-color\"><strong>NB!<\/strong> uus asukoht!!!!<\/mark> (20.07.2022)<\/p>\n\n\n\n<p><strong>P 24. juuli<\/strong> 29. \u00dcle Saadj\u00e4rve ujumine, Tartumaa Spordiliit \/AOK Arendus, muu, <a href=\"https:\/\/u-klubi.com\/wp-content\/uploads\/2022\/07\/20220724_29YleSaadjarve_juhend.pdf\" target=\"_blank\" rel=\"noreferrer noopener\">juhend<\/a><\/p>\n\n\n\n<p><strong>L 30. juuli<\/strong> 29. V\u00e4ikese V\u00e4ina avaveeujumine, MT\u00dc Konnonkonn \/ U-Klubi, Seeriav\u00f5istluse V etapp, <a href=\"https:\/\/u-klubi.com\/wp-content\/uploads\/2022\/06\/20220730_29.-VAIKESE-VAINA-UJUMINE-est.pdf\">juhend<\/a><\/p>\n\n\n\n<p><strong>P 7. august<\/strong> G.Otsa m\u00e4lestusv\u00f5istlus, Tamula j\u00e4rv, V\u00f5rumaa Spordiliit, Seeriav\u00f5istluse VI etapp, <a href=\"https:\/\/u-klubi.com\/wp-content\/uploads\/2022\/07\/20220807_Tamula_juhend.pdf\" target=\"_blank\" rel=\"noreferrer noopener\">juhend<\/a><\/p>\n\n\n\n<p><strong>K 10. august<\/strong> Eesti MV 10 km MV, Elva, Ujumise Spordiklubi, <a rel=\"noreferrer noopener\" href=\"https:\/\/u-klubi.com\/wp-content\/uploads\/2022\/06\/2022_08_10_Eesti-MV_OW_10km_Elva.pdf\" target=\"_blank\">juhend <\/a><\/p>\n\n\n\n<p><strong>L 13. august<\/strong> 2. O.Lukini m\u00e4lestusv\u00f5istlus, P\u00fchaj\u00e4rv, U-Klubi, Seeriav\u00f5istluse VII etapp, <a href=\"https:\/\/u-klubi.com\/wp-content\/uploads\/2022\/07\/20220813_Puhajarve_juhend.pdf\" target=\"_blank\" rel=\"noreferrer noopener\">juhend<\/a><\/p>\n\n\n\n<p><strong>P 14. august<\/strong> Eesti MV 4&#215;1,25 km, P\u00fchaj\u00e4rv, EUL \/ U-Klubi, MV, <a href=\"https:\/\/u-klubi.com\/wp-content\/uploads\/2022\/08\/Eesti_MV_OW_teade_-juhend2022.pdf\" target=\"_blank\" rel=\"noreferrer noopener\">juhend<\/a><\/p>\n\n\n\n<p><strong>L 20. august<\/strong> Kahe silla retk, P\u00e4rnu, P\u00e4rnu UCA, muu<\/p>\n","protected":false},"excerpt":{"rendered":"<p>Seeriav\u00f5istluste \u00fcldjuhend P 19. juuni Karksi-Nuia avaveeujumine, MT\u00dc AOK Arendus, Seeriav\u00f5istluse I etapp, juhend L 2. juuli Haapsalu-\u00d6sterby avaveeujumine, U-Klubi, Seeriav\u00f5istluse II etapp, juhend L 2. juuli L\u00e4mmij\u00e4rve avaveeujumine, Mehikoorma veepidu, Tartumaa Spordiliit, juhend L 9. juuli Tabivere avaveeujumine, Saadj\u00e4rv, MT\u00dc AOK Arendus, Seeriav\u00f5istluse III etapp, juhend L 16. juuli OW Estonia, K\u00e4smu-V\u00f5su avaveeujumine, MT\u00dc &hellip; <a href=\"https:\/\/u-klubi.com\/index.php\/avaveeujumise-kalender\/avaveeujumine-2022\/\" class=\"more-link\">Continue reading<span class=\"screen-reader-text\"> &#8220;Avaveeujumine 2022&#8221;<\/span><\/a><\/p>\n","protected":false},"author":1,"featured_media":0,"parent":18,"menu_order":0,"comment_status":"closed","ping_status":"closed","template":"","meta":{"two_page_speed":[],"footnotes":""},"class_list":["post-542","page","type-page","status-publish","hentry"],"jetpack_sharing_enabled":true,"_links":{"self":[{"href":"https:\/\/u-klubi.com\/index.php\/wp-json\/wp\/v2\/pages\/542","targetHints":{"allow":["GET"]}}],"collection":[{"href":"https:\/\/u-klubi.com\/index.php\/wp-json\/wp\/v2\/pages"}],"about":[{"href":"https:\/\/u-klubi.com\/index.php\/wp-json\/wp\/v2\/types\/page"}],"author":[{"embeddable":true,"href":"https:\/\/u-klubi.com\/index.php\/wp-json\/wp\/v2\/users\/1"}],"replies":[{"embeddable":true,"href":"https:\/\/u-klubi.com\/index.php\/wp-json\/wp\/v2\/comments?post=542"}],"version-history":[{"count":17,"href":"https:\/\/u-klubi.com\/index.php\/wp-json\/wp\/v2\/pages\/542\/revisions"}],"predecessor-version":[{"id":662,"href":"https:\/\/u-klubi.com\/index.php\/wp-json\/wp\/v2\/pages\/542\/revisions\/662"}],"up":[{"embeddable":true,"href":"https:\/\/u-klubi.com\/index.php\/wp-json\/wp\/v2\/pages\/18"}],"wp:attachment":[{"href":"https:\/\/u-klubi.com\/index.php\/wp-json\/wp\/v2\/media?parent=542"}],"curies":[{"name":"wp","href":"https:\/\/api.w.org\/{rel}","templated":true}]}}