{"id":1196,"date":"2020-02-16T09:50:34","date_gmt":"2020-02-16T07:50:34","guid":{"rendered":"http:\/\/u-klubi.com\/u-klubi\/?page_id=1196"},"modified":"2022-02-13T10:53:01","modified_gmt":"2022-02-13T08:53:01","slug":"tulemused-2020","status":"publish","type":"page","link":"https:\/\/u-klubi.com\/u-klubi\/index.php\/arhiiv\/tulemused-arhiiv\/tulemused-2020\/","title":{"rendered":"Tulemused 2020"},"content":{"rendered":"\n<p><strong>XIV T. Grosbergi m\u00e4lestusv\u00f5istlus<\/strong>, 04.01.2020, Suure-Jaani Tervisekoda, 25 m, <a href=\"https:\/\/u-klubi.com\/u-klubi\/wp-content\/uploads\/2020\/01\/200120_grosbergiMV.pdf\">tulemused<\/a><\/p>\n<p><strong>Valtu Open 2020<\/strong>, 15.02.2020, Valtu spordimaja, 25 m, <a href=\"https:\/\/u-klubi.com\/u-klubi\/wp-content\/uploads\/2020\/02\/200215_Valtu.pdf\" target=\"_blank\" rel=\"noopener noreferrer\">tulemused<\/a><\/p>\n<p><strong>Amber Cup 2020, 12. Balti MV<\/strong>, 22.-23.02.2020. Riia, 25 m, <a href=\"http:\/\/rigaambercup.lv\/wp-content\/uploads\/2020\/02\/12BAC_Results.pdf\" target=\"_blank\" rel=\"noopener noreferrer\">tulemused<\/a>, punktide j\u00e4rgi <a href=\"http:\/\/rigaambercup.lv\/wp-content\/uploads\/2020\/02\/12BAC_TOP.pdf\" target=\"_blank\" rel=\"noopener noreferrer\">tulemused<\/a>, v\u00f5istkondliku arvestuse <a href=\"http:\/\/rigaambercup.lv\/wp-content\/uploads\/2020\/02\/12BAC_Team_scoring.pdf\" target=\"_blank\" rel=\"noopener noreferrer\">tulemused<\/a><\/p>\n<p><strong>Nikolai Kr\u00f5lovi m\u00e4lestuskarikas<\/strong>, 29.-30.08.2020, Rezekne, L\u00e4ti, 25 m, <a href=\"https:\/\/u-klubi.com\/u-klubi\/wp-content\/uploads\/2020\/08\/result-2.pdf\" target=\"_blank\" rel=\"noopener noreferrer\">tulemused<\/a>, punktitabeli j\u00e4rgi <a href=\"https:\/\/u-klubi.com\/u-klubi\/wp-content\/uploads\/2020\/08\/perform.pdf\" target=\"_blank\" rel=\"noopener noreferrer\">tulemused<\/a><\/p>\n<p><strong>37. Tallinna MV,<\/strong> 26.-27.09.2020, N\u00f5mme, 25 m, <a href=\"https:\/\/u-klubi.com\/u-klubi\/wp-content\/uploads\/2020\/09\/Tallinn2020_results-total.pdf\" target=\"_blank\" rel=\"noopener noreferrer\">tulemused,<\/a> <a href=\"https:\/\/u-klubi.com\/u-klubi\/wp-content\/uploads\/2020\/09\/Tallinn2020_TOP10.pdf\" target=\"_blank\" rel=\"noopener noreferrer\">TOP-10<\/a>, <a href=\"https:\/\/u-klubi.com\/u-klubi\/wp-content\/uploads\/2020\/09\/Tallinn2020_BestPerfomance.pdf\" target=\"_blank\" rel=\"noopener noreferrer\">parim esitus<\/a>, klubide <a href=\"https:\/\/u-klubi.com\/u-klubi\/wp-content\/uploads\/2020\/09\/Tallinn2020_statistika.pdf\" target=\"_blank\" rel=\"noopener noreferrer\">statistika<\/a><\/p>\n","protected":false},"excerpt":{"rendered":"<p>XIV T. Grosbergi m\u00e4lestusv\u00f5istlus, 04.01.2020, Suure-Jaani Tervisekoda, 25 m, tulemused Valtu Open 2020, 15.02.2020, Valtu spordimaja, 25 m, tulemused Amber Cup 2020, 12. Balti MV, 22.-23.02.2020. Riia, 25 m, tulemused, punktide j\u00e4rgi tulemused, v\u00f5istkondliku arvestuse tulemused Nikolai Kr\u00f5lovi m\u00e4lestuskarikas, 29.-30.08.2020, Rezekne, L\u00e4ti, 25 m, tulemused, punktitabeli j\u00e4rgi tulemused 37. Tallinna MV, 26.-27.09.2020, N\u00f5mme, 25 m, &hellip; <a href=\"https:\/\/u-klubi.com\/u-klubi\/index.php\/arhiiv\/tulemused-arhiiv\/tulemused-2020\/\" class=\"more-link\">Loe edasi<span class=\"screen-reader-text\"> &#8220;Tulemused 2020&#8221;<\/span><\/a><\/p>\n","protected":false},"author":1,"featured_media":0,"parent":1530,"menu_order":1,"comment_status":"closed","ping_status":"closed","template":"","meta":{"_monsterinsights_skip_tracking":false,"_monsterinsights_sitenote_active":false,"_monsterinsights_sitenote_note":"","_monsterinsights_sitenote_category":0,"two_page_speed":[],"footnotes":""},"class_list":["post-1196","page","type-page","status-publish","hentry"],"_links":{"self":[{"href":"https:\/\/u-klubi.com\/u-klubi\/index.php\/wp-json\/wp\/v2\/pages\/1196","targetHints":{"allow":["GET"]}}],"collection":[{"href":"https:\/\/u-klubi.com\/u-klubi\/index.php\/wp-json\/wp\/v2\/pages"}],"about":[{"href":"https:\/\/u-klubi.com\/u-klubi\/index.php\/wp-json\/wp\/v2\/types\/page"}],"author":[{"embeddable":true,"href":"https:\/\/u-klubi.com\/u-klubi\/index.php\/wp-json\/wp\/v2\/users\/1"}],"replies":[{"embeddable":true,"href":"https:\/\/u-klubi.com\/u-klubi\/index.php\/wp-json\/wp\/v2\/comments?post=1196"}],"version-history":[{"count":4,"href":"https:\/\/u-klubi.com\/u-klubi\/index.php\/wp-json\/wp\/v2\/pages\/1196\/revisions"}],"predecessor-version":[{"id":1378,"href":"https:\/\/u-klubi.com\/u-klubi\/index.php\/wp-json\/wp\/v2\/pages\/1196\/revisions\/1378"}],"up":[{"embeddable":true,"href":"https:\/\/u-klubi.com\/u-klubi\/index.php\/wp-json\/wp\/v2\/pages\/1530"}],"wp:attachment":[{"href":"https:\/\/u-klubi.com\/u-klubi\/index.php\/wp-json\/wp\/v2\/media?parent=1196"}],"curies":[{"name":"wp","href":"https:\/\/api.w.org\/{rel}","templated":true}]}}