{"id":1275,"date":"2020-08-03T06:52:28","date_gmt":"2020-08-03T04:52:28","guid":{"rendered":"http:\/\/u-klubi.com\/u-klubi\/?page_id=1275"},"modified":"2021-07-20T19:36:23","modified_gmt":"2021-07-20T17:36:23","slug":"2020-2021-hooaja-voistluste-kalender","status":"publish","type":"page","link":"https:\/\/u-klubi.com\/u-klubi\/index.php\/voistluskalender\/2020-2021-hooaja-voistluste-kalender\/","title":{"rendered":"2020\/2021 hooaja v\u00f5istluste kalender"},"content":{"rendered":"\n<h3><span style=\"color: #0000ff;\">2020<\/span><\/h3>\n<h4><strong>September<\/strong><\/h4>\n<p><strong>12.09.<\/strong> Valmiera, 25 m, <a href=\"https:\/\/www.facebook.com\/events\/921232668395272\" target=\"_blank\" rel=\"noopener noreferrer\">info<\/a> (seekord vaid kohaliku t\u00e4htsusega)<\/p>\n<p><strong>26.-27.09.<\/strong> Tallinna lahtised MV, N\u00f5mme ujula, 25 m, <a href=\"https:\/\/u-klubi.com\/u-klubi\/wp-content\/uploads\/2020\/09\/tallinn_est_2020_.pdf\">juhend_et<\/a>, <a href=\"https:\/\/u-klubi.com\/u-klubi\/wp-content\/uploads\/2020\/09\/tallinn_eng_2020_.pdf\" target=\"_blank\" rel=\"noopener noreferrer\">juhend_en<\/a><\/p>\n<h4><strong>Oktoober<\/strong><\/h4>\n<p><strong><span style=\"color: #ff0000;\">NB! J\u00e4\u00e4b \u00e4ra <\/span>02.-04.10.<\/strong> Nordic Open Masters 2020,\u00a0T\u00f3rshavn, F\u00e4\u00e4ri saared, 25 m,\u00a0 v\u00f5istluste <a href=\"http:\/\/www.ssf.fo\/kapping\/nordic-open-masters-2020\/?fbclid=IwAR0hl96osHnT79aXwordPL9E5W-UMPIuwSiM_GdzfL4jLpXepkehil1nFLY\" target=\"_blank\" rel=\"noopener noreferrer\">koduleht<\/a><\/p>\n<p><strong>10.10.<\/strong> &#8220;ATVASARAS RELAKS VENTSPIL\u012a 2020 (KEVADL\u00d5\u00d5GASTUS VENTSPILSis 2020), <a href=\"https:\/\/u-klubi.com\/u-klubi\/wp-content\/uploads\/2020\/09\/\u041c\u0415\u0416\u0414\u0423\u041d\u0410\u0420\u041e\u0414\u041d\u042b\u0415-\u0421\u041e\u0420\u0415\u0412\u041d\u041e\u0412\u0410\u041d\u0418\u042f-\u041f\u041e-\u041f\u041b\u0410\u0412\u0410\u041d\u0418\u042e-\u0414\u041b\u042f-\u0412\u0415\u0422\u0415\u0420\u0410\u041d\u041e\u0412-2020.doc\" target=\"_blank\" rel=\"noopener noreferrer\">juhend<\/a><\/p>\n<p><strong>17.10.<\/strong> &#8220;V. ja V. Katkevi\u010diuse m\u00e4lestusv\u00f5istlus&#8221;; Baltic Super Masters IV 2. etapp; 2. Euraasia meistriv\u00f5istlused, Palanga, Leedu, 25 m, <a href=\"https:\/\/drive.google.com\/file\/d\/1a7-N0hnv_RmClL87yGm-7x9qhY7S8A4p\/view?fbclid=IwAR1xMqArcgz9Q8moiaTkS6Na_BE1zNcqzlsvGArB0Cbh8sNeQFTKc6EaClQ\" target=\"_blank\" rel=\"noopener noreferrer\">juhend<\/a> (leedu k); <a href=\"https:\/\/docs.google.com\/forms\/d\/e\/1FAIpQLSeC9Ag-IUSFOZ3QlS-YMzC_Vn387VrrvZLBYBqVE6G0rqNjFg\/viewform?fbclid=IwAR2jgSbX8i0ONKzVmLTLa7TqsmPQzeYN-FSGGpJAQY_IJ--88BXTr8JDlyU\" target=\"_blank\" rel=\"noopener noreferrer\">registreerimine<\/a><\/p>\n<p><strong>23.-25.10.<\/strong> Soome lahtised meisterujumise MV, Kuopio, Soome, 50m, <a href=\"https:\/\/www.uimaliitto.fi\/uinti\/arvokilpailut\/masters\/2020-2021\/kutsu50\/\" target=\"_blank\" rel=\"noopener noreferrer\">kutse<\/a><\/p>\n<p><strong>31.10.<\/strong> Harjumaa MV, <a href=\"http:\/\/www.harjusport.ee\/kalender\/137\" target=\"_blank\" rel=\"noopener noreferrer\">juhend<\/a><\/p>\n<h4><strong>November <\/strong><\/h4>\n<p><strong><span style=\"color: #ff0000;\">Covid-19 t\u00f5ttu liikluspiirangud allolevatesse riikidesse!<\/span><\/strong><\/p>\n<p><strong>07.11.<\/strong> Copenhagen Open Master, Kastrup, Taani, 25 m, v\u00f5istluste <a href=\"http:\/\/copenhagen-open-masters.dk\/?fbclid=IwAR2ZXJGj8VsPDMk2eByMu9XHFInRO0Id_G_Drs369J5Mj0djOS5XVGjdknw\" target=\"_blank\" rel=\"noopener noreferrer\">koduleht<\/a><\/p>\n<p><strong>14.11.<\/strong> \u201cKokneses Rudens 2020\u2033,\u00a0 Kokneses, L\u00e4ti, 25 m, <a href=\"https:\/\/www.facebook.com\/events\/539987710065173\" target=\"_blank\" rel=\"noopener noreferrer\">info<\/a><\/p>\n<p><strong>21.-22.11.<\/strong> Leedu meisterujumise MV, Kaunas, 50 m<\/p>\n<h4><strong>Detsember<\/strong><\/h4>\n<p><strong>05.12.<\/strong> Eesti MV, Supermasters, N\u00f5mme, 25 m, <a href=\"https:\/\/u-klubi.com\/u-klubi\/wp-content\/uploads\/2020\/11\/2020_Eesti_Masters_MV_juhend.pdf\" target=\"_blank\" rel=\"noopener noreferrer\">juhend<\/a><\/p>\n<h3><span style=\"color: #0000ff;\">2021<\/span><\/h3>\n<h4><strong>Jaanuar<\/strong><\/h4>\n<p><strong>09.01.<\/strong>\u00a0 T. Grosbergi m\u00e4lestusv\u00f5istlused &#8211; <span style=\"color: #ff0000;\">edasi l\u00fckatud 27.02.2021<\/span><\/p>\n<p><strong>16.01.<\/strong> EESTI UJUMISE AASTA GALA<\/p>\n<h4><strong>Veebruar<\/strong><\/h4>\n<p><span style=\"color: #ff0000;\"><strong>Edasi l\u00fckatud, kuup\u00e4ev t\u00e4psustamisel<\/strong>!<\/span> <strong>13.02.<\/strong> Valtu Open, Kaerapere, 25 m &#8211; <span style=\"color: #ff0000;\">NB! uus kuup\u00e4ev 19.06.<\/span><\/p>\n<p><strong><span style=\"color: #ff0000;\">Edasi l\u00fckatud, kuup\u00e4ev t\u00e4psustamisel! <\/span>27.02.<\/strong> T. Grosbergi m\u00e4lestusv\u00f5istlused<\/p>\n<h4><strong>Aprill<\/strong><\/h4>\n<p><strong><span style=\"color: #ff0000;\">Edasi l\u00fckatud, 25.-26.09.2021! <\/span>17.-18.04.<\/strong> Tallinna lahtised MV\u00a0<\/p>\n<h4><span style=\"color: #ff0000;\"><strong>UUS! Juuni<\/strong><\/span><\/h4>\n<p><strong>19.06.<\/strong> Valtu Open 2021, Kaerapere, 25 m<\/p>\n<p><strong>August<\/strong><\/p>\n<p><strong>07.-08.08. <\/strong> Rezekne linna lahtised meisterujumise v\u00f5istlused, <a href=\"https:\/\/swimming.lv\/wp-content\/uploads\/2021\/07\/Nolikums-RezeknesVecmeistaruSacPeldesana_2021-08-07.pdf\" target=\"_blank\" rel=\"noopener\">juhend<\/a><\/p>\n","protected":false},"excerpt":{"rendered":"<p>2020 September 12.09. Valmiera, 25 m, info (seekord vaid kohaliku t\u00e4htsusega) 26.-27.09. Tallinna lahtised MV, N\u00f5mme ujula, 25 m, juhend_et, juhend_en Oktoober NB! J\u00e4\u00e4b \u00e4ra 02.-04.10. Nordic Open Masters 2020,\u00a0T\u00f3rshavn, F\u00e4\u00e4ri saared, 25 m,\u00a0 v\u00f5istluste koduleht 10.10. &#8220;ATVASARAS RELAKS VENTSPIL\u012a 2020 (KEVADL\u00d5\u00d5GASTUS VENTSPILSis 2020), juhend 17.10. &#8220;V. ja V. Katkevi\u010diuse m\u00e4lestusv\u00f5istlus&#8221;; Baltic Super Masters IV &hellip; <a href=\"https:\/\/u-klubi.com\/u-klubi\/index.php\/voistluskalender\/2020-2021-hooaja-voistluste-kalender\/\" class=\"more-link\">Loe edasi<span class=\"screen-reader-text\"> &#8220;2020\/2021 hooaja v\u00f5istluste kalender&#8221;<\/span><\/a><\/p>\n","protected":false},"author":1,"featured_media":0,"parent":460,"menu_order":0,"comment_status":"closed","ping_status":"closed","template":"","meta":{"_monsterinsights_skip_tracking":false,"_monsterinsights_sitenote_active":false,"_monsterinsights_sitenote_note":"","_monsterinsights_sitenote_category":0,"two_page_speed":[],"footnotes":""},"class_list":["post-1275","page","type-page","status-publish","hentry"],"_links":{"self":[{"href":"https:\/\/u-klubi.com\/u-klubi\/index.php\/wp-json\/wp\/v2\/pages\/1275","targetHints":{"allow":["GET"]}}],"collection":[{"href":"https:\/\/u-klubi.com\/u-klubi\/index.php\/wp-json\/wp\/v2\/pages"}],"about":[{"href":"https:\/\/u-klubi.com\/u-klubi\/index.php\/wp-json\/wp\/v2\/types\/page"}],"author":[{"embeddable":true,"href":"https:\/\/u-klubi.com\/u-klubi\/index.php\/wp-json\/wp\/v2\/users\/1"}],"replies":[{"embeddable":true,"href":"https:\/\/u-klubi.com\/u-klubi\/index.php\/wp-json\/wp\/v2\/comments?post=1275"}],"version-history":[{"count":19,"href":"https:\/\/u-klubi.com\/u-klubi\/index.php\/wp-json\/wp\/v2\/pages\/1275\/revisions"}],"predecessor-version":[{"id":1659,"href":"https:\/\/u-klubi.com\/u-klubi\/index.php\/wp-json\/wp\/v2\/pages\/1275\/revisions\/1659"}],"up":[{"embeddable":true,"href":"https:\/\/u-klubi.com\/u-klubi\/index.php\/wp-json\/wp\/v2\/pages\/460"}],"wp:attachment":[{"href":"https:\/\/u-klubi.com\/u-klubi\/index.php\/wp-json\/wp\/v2\/media?parent=1275"}],"curies":[{"name":"wp","href":"https:\/\/api.w.org\/{rel}","templated":true}]}}