{"id":1532,"date":"2021-04-05T19:23:32","date_gmt":"2021-04-05T17:23:32","guid":{"rendered":"http:\/\/u-klubi.com\/u-klubi\/?page_id=1532"},"modified":"2021-04-06T17:42:15","modified_gmt":"2021-04-06T15:42:15","slug":"tulemused-2018","status":"publish","type":"page","link":"https:\/\/u-klubi.com\/u-klubi\/index.php\/arhiiv\/tulemused-arhiiv\/tulemused-2018\/","title":{"rendered":"Tulemused 2016"},"content":{"rendered":"\n<p><strong>Valtu Open Masters<\/strong>, 06.02.2018, Kaerapere, 25 m, <a href=\"https:\/\/u-klubi.com\/u-klubi\/wp-content\/uploads\/2021\/04\/160206_Valtu-2.pdf\" target=\"_blank\" rel=\"noopener\">tulemused<\/a>, ujutud <a href=\"https:\/\/u-klubi.com\/u-klubi\/wp-content\/uploads\/2021\/04\/160206_Valtu_rekordid.pdf\" target=\"_blank\" rel=\"noopener\">rekordid<\/a><\/p>\n<p><strong>8th Baltic Open Masters Championship\/Riga Amber Cup 2016<\/strong>, 20.-21.02.2016, Riia, L\u00e4ti, 25 m,\u00a0 <a href=\"https:\/\/u-klubi.com\/u-klubi\/wp-content\/uploads\/2021\/04\/8BAC_Results.pdf\" target=\"_blank\" rel=\"noopener\">tulemused<\/a>, <a href=\"https:\/\/u-klubi.com\/u-klubi\/wp-content\/uploads\/2021\/04\/8BAC_Best_performance_TOP.pdf\" target=\"_blank\" rel=\"noopener\">2 ala parim koond<\/a>, <a href=\"https:\/\/u-klubi.com\/u-klubi\/wp-content\/uploads\/2021\/04\/8BAC_Best_performance_TOP_women.pdf\" target=\"_blank\" rel=\"noopener\">2 ala parim naine<\/a>, <a href=\"https:\/\/u-klubi.com\/u-klubi\/wp-content\/uploads\/2021\/04\/8BAC_Best_performance_TOP_men.pdf\" target=\"_blank\" rel=\"noopener\">2 ala parim mees<\/a>, <a href=\"https:\/\/u-klubi.com\/u-klubi\/wp-content\/uploads\/2021\/04\/8BAC_Best_performance_TOP-1.pdf\" target=\"_blank\" rel=\"noopener\">v\u00f5istkondlik arvestus<\/a><\/p>\n<p><strong>XXXIII Tallinna meisterujumise meistriv\u00f5istlused<\/strong>, 19.-20.03.2016, N\u00f5mme, 25 m,<a href=\"https:\/\/u-klubi.com\/u-klubi\/wp-content\/uploads\/2021\/04\/160319-20_Tallinn2016_results.pdf\" target=\"_blank\" rel=\"noopener\">tulemused<\/a>, <a href=\"https:\/\/u-klubi.com\/u-klubi\/wp-content\/uploads\/2021\/04\/Tallinn2016_TOPpoints.pdf\" target=\"_blank\" rel=\"noopener\">2 ala parim koond<\/a><\/p>\n<p><strong>&#8220;V. ir V. Katkevi\u010di\u0173 memorialas&#8221;<\/strong>, 23.04.2016, Kaunas, Leedu, 25 m, <a href=\"https:\/\/u-klubi.com\/u-klubi\/wp-content\/uploads\/2021\/04\/katkeviciu_taure_2016.pdf\" target=\"_blank\" rel=\"noopener\">tulemused<\/a><\/p>\n<p><strong>Teine hingamine, Otra Elpa<\/strong>, 14.-15.05.2016, Valmiera, L\u00e4ti, 25 m, <a href=\"https:\/\/u-klubi.com\/u-klubi\/wp-content\/uploads\/2021\/04\/otra-elpa-2016-rez-.xls\" target=\"_blank\" rel=\"noopener\">tulemused<\/a><\/p>\n<p><strong>P\u00f5hjamaade MMV<\/strong>, 14.-15.10.2016, Asker, Norra, 50 m, <a href=\"https:\/\/u-klubi.com\/u-klubi\/wp-content\/uploads\/2021\/04\/NOM2016_Resultater.pdf\" target=\"_blank\" rel=\"noopener\">tulemused<\/a><\/p>\n<p><strong>Kokneses Rudens<\/strong>, 12.11.2016, Koknese, L\u00e4ti, 25 m, <a href=\"https:\/\/u-klubi.com\/u-klubi\/wp-content\/uploads\/2021\/04\/Kokneses_Results.pdf\" target=\"_blank\" rel=\"noopener\">tulemused<\/a>, <a href=\"https:\/\/u-klubi.com\/u-klubi\/wp-content\/uploads\/2021\/04\/Koknese_TOP_Relay.pdf\" target=\"_blank\" rel=\"noopener\">2 ala parim ja v\u00f5istkondlik arvestus<\/a><\/p>\n<p><strong>Supermasters, Eesti MMV<\/strong>, 03.12.2016, N\u00f5mme, 25 m, <a href=\"https:\/\/u-klubi.com\/u-klubi\/wp-content\/uploads\/2021\/04\/Masters-tulemused.pdf\" target=\"_blank\" rel=\"noopener\">tulemused<\/a>, <a href=\"https:\/\/u-klubi.com\/u-klubi\/wp-content\/uploads\/2021\/04\/Tallinn2016_TOPpoints-1.pdf\" target=\"_blank\" rel=\"noopener\">2 ala parim koond<\/a><\/p>\n<p>\u00a0<\/p>\n<p>\u00a0<\/p>\n<p>\u00a0<\/p>\n","protected":false},"excerpt":{"rendered":"<p>Valtu Open Masters, 06.02.2018, Kaerapere, 25 m, tulemused, ujutud rekordid 8th Baltic Open Masters Championship\/Riga Amber Cup 2016, 20.-21.02.2016, Riia, L\u00e4ti, 25 m,\u00a0 tulemused, 2 ala parim koond, 2 ala parim naine, 2 ala parim mees, v\u00f5istkondlik arvestus XXXIII Tallinna meisterujumise meistriv\u00f5istlused, 19.-20.03.2016, N\u00f5mme, 25 m,tulemused, 2 ala parim koond &#8220;V. ir V. Katkevi\u010di\u0173 memorialas&#8221;, &hellip; <a href=\"https:\/\/u-klubi.com\/u-klubi\/index.php\/arhiiv\/tulemused-arhiiv\/tulemused-2018\/\" class=\"more-link\">Loe edasi<span class=\"screen-reader-text\"> &#8220;Tulemused 2016&#8221;<\/span><\/a><\/p>\n","protected":false},"author":1,"featured_media":0,"parent":1530,"menu_order":0,"comment_status":"closed","ping_status":"closed","template":"","meta":{"_monsterinsights_skip_tracking":false,"_monsterinsights_sitenote_active":false,"_monsterinsights_sitenote_note":"","_monsterinsights_sitenote_category":0,"two_page_speed":[],"footnotes":""},"class_list":["post-1532","page","type-page","status-publish","hentry"],"_links":{"self":[{"href":"https:\/\/u-klubi.com\/u-klubi\/index.php\/wp-json\/wp\/v2\/pages\/1532","targetHints":{"allow":["GET"]}}],"collection":[{"href":"https:\/\/u-klubi.com\/u-klubi\/index.php\/wp-json\/wp\/v2\/pages"}],"about":[{"href":"https:\/\/u-klubi.com\/u-klubi\/index.php\/wp-json\/wp\/v2\/types\/page"}],"author":[{"embeddable":true,"href":"https:\/\/u-klubi.com\/u-klubi\/index.php\/wp-json\/wp\/v2\/users\/1"}],"replies":[{"embeddable":true,"href":"https:\/\/u-klubi.com\/u-klubi\/index.php\/wp-json\/wp\/v2\/comments?post=1532"}],"version-history":[{"count":6,"href":"https:\/\/u-klubi.com\/u-klubi\/index.php\/wp-json\/wp\/v2\/pages\/1532\/revisions"}],"predecessor-version":[{"id":1591,"href":"https:\/\/u-klubi.com\/u-klubi\/index.php\/wp-json\/wp\/v2\/pages\/1532\/revisions\/1591"}],"up":[{"embeddable":true,"href":"https:\/\/u-klubi.com\/u-klubi\/index.php\/wp-json\/wp\/v2\/pages\/1530"}],"wp:attachment":[{"href":"https:\/\/u-klubi.com\/u-klubi\/index.php\/wp-json\/wp\/v2\/media?parent=1532"}],"curies":[{"name":"wp","href":"https:\/\/api.w.org\/{rel}","templated":true}]}}