{"id":156,"date":"2017-09-05T18:10:17","date_gmt":"2017-09-05T16:10:17","guid":{"rendered":"http:\/\/u-klubi.com\/u-klubi\/?page_id=156"},"modified":"2018-04-16T07:02:46","modified_gmt":"2018-04-16T05:02:46","slug":"meie-toetajad","status":"publish","type":"page","link":"https:\/\/u-klubi.com\/u-klubi\/index.php\/meist\/meie-toetajad\/","title":{"rendered":"Meie toetajad"},"content":{"rendered":"<p><a href=\"https:\/\/u-klubi.com\/u-klubi\/wp-content\/uploads\/2018\/04\/ELI-Military.jpg\"><img loading=\"lazy\" decoding=\"async\" class=\"alignright size-medium wp-image-546\" src=\"https:\/\/u-klubi.com\/u-klubi\/wp-content\/uploads\/2018\/04\/ELI-Military.jpg\" alt=\"\" width=\"1\" height=\"1\" \/><\/a>Meisterujumise U-klubil on erinevatel \u00fcritustel nii pikaajalised toetajad kui ka uusi toetajaid, kes on oma \u00f5la alla pannud nii v\u00f5istluste korraldamisel kui ka v\u00f5istlustel parimatele auhindadega premeerimisel.<\/p>\n<p><img loading=\"lazy\" decoding=\"async\" class=\"alignleft\" src=\"https:\/\/u-klubi.com\/u-klubi\/wp-content\/uploads\/2017\/09\/kikas_logo_uuendatud.jpg\" alt=\"\" width=\"179\" height=\"218\" \/><\/p>\n<p><img loading=\"lazy\" decoding=\"async\" class=\"alignright\" src=\"https:\/\/u-klubi.com\/u-klubi\/wp-content\/uploads\/2017\/09\/Wurth.png\" alt=\"\" width=\"291\" height=\"92\" \/><\/p>\n<p><img loading=\"lazy\" decoding=\"async\" class=\"size-full wp-image-299 alignleft\" src=\"https:\/\/u-klubi.com\/u-klubi\/wp-content\/uploads\/2017\/09\/Salon.jpg\" alt=\"\" width=\"237\" height=\"91\" \/><\/p>\n<p><img loading=\"lazy\" decoding=\"async\" class=\"size-medium wp-image-300 alignright\" src=\"https:\/\/u-klubi.com\/u-klubi\/wp-content\/uploads\/2017\/09\/EuroPark-300x113.jpg\" alt=\"\" width=\"300\" height=\"113\" srcset=\"https:\/\/u-klubi.com\/u-klubi\/wp-content\/uploads\/2017\/09\/EuroPark-300x113.jpg 300w, https:\/\/u-klubi.com\/u-klubi\/wp-content\/uploads\/2017\/09\/EuroPark.jpg 336w\" sizes=\"auto, (max-width: 300px) 85vw, 300px\" \/><\/p>\n<p>&nbsp;<\/p>\n<p><u><\/u><a href=\"https:\/\/u-klubi.com\/u-klubi\/wp-content\/uploads\/2018\/04\/eli.png\"><br \/>\n<\/a><a href=\"https:\/\/u-klubi.com\/u-klubi\/wp-content\/uploads\/2018\/04\/eli.png\"><img loading=\"lazy\" decoding=\"async\" class=\"alignright wp-image-551 \" src=\"https:\/\/u-klubi.com\/u-klubi\/wp-content\/uploads\/2018\/04\/eli.png\" alt=\"\" width=\"129\" height=\"119\" \/><\/a><\/p>\n<p>&nbsp;<\/p>\n<p><span style=\"font-size: 18pt;\"><img loading=\"lazy\" decoding=\"async\" src=\"https:\/\/u-klubi.com\/u-klubi\/wp-content\/uploads\/2017\/09\/TYR_logo.jpg\" alt=\"\" width=\"142\" height=\"53\" \/>\u00a0\u00a0\u00a0\u00a0\u00a0\u00a0\u00a0\u00a0\u00a0\u00a0\u00a0<img loading=\"lazy\" decoding=\"async\" class=\"alignright\" src=\"https:\/\/u-klubi.com\/u-klubi\/wp-content\/uploads\/2017\/09\/Melte.png\" alt=\"\" width=\"259\" height=\"48\" \/><a href=\"https:\/\/u-klubi.com\/u-klubi\/wp-content\/uploads\/2018\/04\/MicroSport.jpg\"><img loading=\"lazy\" decoding=\"async\" class=\"alignright size-medium wp-image-543\" src=\"https:\/\/u-klubi.com\/u-klubi\/wp-content\/uploads\/2018\/04\/MicroSport-300x104.jpg\" alt=\"\" width=\"300\" height=\"104\" srcset=\"https:\/\/u-klubi.com\/u-klubi\/wp-content\/uploads\/2018\/04\/MicroSport-300x104.jpg 300w, https:\/\/u-klubi.com\/u-klubi\/wp-content\/uploads\/2018\/04\/MicroSport.jpg 336w\" sizes=\"auto, (max-width: 300px) 85vw, 300px\" \/><\/a><\/span><\/p>\n<p><a href=\"https:\/\/u-klubi.com\/u-klubi\/wp-content\/uploads\/2018\/04\/TLN_spordi-noorsoo.png\"><img loading=\"lazy\" decoding=\"async\" class=\"alignright size-medium wp-image-547\" src=\"https:\/\/u-klubi.com\/u-klubi\/wp-content\/uploads\/2018\/04\/TLN_spordi-noorsoo-300x111.png\" alt=\"\" width=\"300\" height=\"111\" srcset=\"https:\/\/u-klubi.com\/u-klubi\/wp-content\/uploads\/2018\/04\/TLN_spordi-noorsoo-300x111.png 300w, https:\/\/u-klubi.com\/u-klubi\/wp-content\/uploads\/2018\/04\/TLN_spordi-noorsoo.png 369w\" sizes=\"auto, (max-width: 300px) 85vw, 300px\" \/><br \/>\n<\/a><\/p>\n<p><a href=\"https:\/\/u-klubi.com\/u-klubi\/wp-content\/uploads\/2018\/04\/ViimsiVeeklubi.png\"><img loading=\"lazy\" decoding=\"async\" class=\" wp-image-541 alignleft\" src=\"https:\/\/u-klubi.com\/u-klubi\/wp-content\/uploads\/2018\/04\/ViimsiVeeklubi.png\" alt=\"\" width=\"183\" height=\"95\" \/><\/a><\/p>\n<p><a href=\"https:\/\/u-klubi.com\/u-klubi\/wp-content\/uploads\/2018\/04\/N\u00f5mmeUjula.jpg\"><img loading=\"lazy\" decoding=\"async\" class=\"alignright size-medium wp-image-548\" src=\"https:\/\/u-klubi.com\/u-klubi\/wp-content\/uploads\/2018\/04\/N\u00f5mmeUjula-300x52.jpg\" alt=\"\" width=\"300\" height=\"52\" srcset=\"https:\/\/u-klubi.com\/u-klubi\/wp-content\/uploads\/2018\/04\/N\u00f5mmeUjula-300x52.jpg 300w, https:\/\/u-klubi.com\/u-klubi\/wp-content\/uploads\/2018\/04\/N\u00f5mmeUjula.jpg 415w\" sizes=\"auto, (max-width: 300px) 85vw, 300px\" \/><br \/>\n<\/a><a href=\"https:\/\/u-klubi.com\/u-klubi\/wp-content\/uploads\/2018\/04\/untitled.png\"><img loading=\"lazy\" decoding=\"async\" class=\"alignleft wp-image-542\" src=\"https:\/\/u-klubi.com\/u-klubi\/wp-content\/uploads\/2018\/04\/untitled-150x150.png\" alt=\"\" width=\"117\" height=\"117\" \/><br \/>\n<\/a><a href=\"https:\/\/u-klubi.com\/u-klubi\/wp-content\/uploads\/2018\/04\/untitled.png\"><br \/>\n<\/a>\u00a0<a href=\"https:\/\/u-klubi.com\/u-klubi\/wp-content\/uploads\/2018\/04\/Briis.jpg\"><img loading=\"lazy\" decoding=\"async\" class=\"alignright  wp-image-545\" src=\"https:\/\/u-klubi.com\/u-klubi\/wp-content\/uploads\/2018\/04\/Briis.jpg\" alt=\"\" width=\"134\" height=\"59\" \/><br \/>\n<\/a><a href=\"https:\/\/u-klubi.com\/u-klubi\/wp-content\/uploads\/2018\/04\/BALBIINO-logo-01.jpg\"><img loading=\"lazy\" decoding=\"async\" class=\"wp-image-544 alignleft\" src=\"https:\/\/u-klubi.com\/u-klubi\/wp-content\/uploads\/2018\/04\/BALBIINO-logo-01-300x252.jpg\" alt=\"\" width=\"169\" height=\"142\" srcset=\"https:\/\/u-klubi.com\/u-klubi\/wp-content\/uploads\/2018\/04\/BALBIINO-logo-01-300x252.jpg 300w, https:\/\/u-klubi.com\/u-klubi\/wp-content\/uploads\/2018\/04\/BALBIINO-logo-01.jpg 604w\" sizes=\"auto, (max-width: 169px) 85vw, 169px\" \/><\/a><\/p>\n<p><a href=\"https:\/\/u-klubi.com\/u-klubi\/wp-content\/uploads\/2018\/04\/TLN_spordi-noorsoo.png\">\u00a0<\/a><\/p>\n<p><a href=\"https:\/\/u-klubi.com\/u-klubi\/wp-content\/uploads\/2018\/04\/untitled.png\">\u00a0<\/a><\/p>\n<p><a href=\"https:\/\/u-klubi.com\/u-klubi\/wp-content\/uploads\/2018\/04\/SanoSwiss.jpg\"><img loading=\"lazy\" decoding=\"async\" class=\"size-medium wp-image-550 alignleft\" src=\"https:\/\/u-klubi.com\/u-klubi\/wp-content\/uploads\/2018\/04\/SanoSwiss-300x73.jpg\" alt=\"\" width=\"300\" height=\"73\" srcset=\"https:\/\/u-klubi.com\/u-klubi\/wp-content\/uploads\/2018\/04\/SanoSwiss-300x73.jpg 300w, https:\/\/u-klubi.com\/u-klubi\/wp-content\/uploads\/2018\/04\/SanoSwiss.jpg 308w\" sizes=\"auto, (max-width: 300px) 85vw, 300px\" \/><\/a><a href=\"https:\/\/u-klubi.com\/u-klubi\/wp-content\/uploads\/2018\/04\/untitled.png\"><br \/>\n<\/a><a href=\"https:\/\/u-klubi.com\/u-klubi\/wp-content\/uploads\/2018\/04\/SanoSwiss.jpg\"><br \/>\n<\/a><a href=\"https:\/\/u-klubi.com\/u-klubi\/wp-content\/uploads\/2018\/04\/untitled.png\"><br \/>\n<\/a><\/p>\n<p><a href=\"https:\/\/u-klubi.com\/u-klubi\/wp-content\/uploads\/2018\/04\/ELI-Military.jpg\"><img loading=\"lazy\" decoding=\"async\" class=\"alignright size-medium wp-image-546\" src=\"https:\/\/u-klubi.com\/u-klubi\/wp-content\/uploads\/2018\/04\/ELI-Military.jpg\" alt=\"\" width=\"1\" height=\"1\" \/><\/a><a href=\"https:\/\/u-klubi.com\/u-klubi\/wp-content\/uploads\/2018\/04\/SanoSwiss.jpg\"><br \/>\n<\/a><\/p>\n","protected":false},"excerpt":{"rendered":"<p>Meisterujumise U-klubil on erinevatel \u00fcritustel nii pikaajalised toetajad kui ka uusi toetajaid, kes on oma \u00f5la alla pannud nii v\u00f5istluste korraldamisel kui ka v\u00f5istlustel parimatele auhindadega premeerimisel. &nbsp; &nbsp; \u00a0\u00a0\u00a0\u00a0\u00a0\u00a0\u00a0\u00a0\u00a0\u00a0\u00a0 \u00a0 \u00a0 \u00a0<\/p>\n","protected":false},"author":1,"featured_media":0,"parent":92,"menu_order":3,"comment_status":"closed","ping_status":"closed","template":"","meta":{"_monsterinsights_skip_tracking":false,"_monsterinsights_sitenote_active":false,"_monsterinsights_sitenote_note":"","_monsterinsights_sitenote_category":0,"two_page_speed":[],"footnotes":""},"class_list":["post-156","page","type-page","status-publish","hentry"],"_links":{"self":[{"href":"https:\/\/u-klubi.com\/u-klubi\/index.php\/wp-json\/wp\/v2\/pages\/156","targetHints":{"allow":["GET"]}}],"collection":[{"href":"https:\/\/u-klubi.com\/u-klubi\/index.php\/wp-json\/wp\/v2\/pages"}],"about":[{"href":"https:\/\/u-klubi.com\/u-klubi\/index.php\/wp-json\/wp\/v2\/types\/page"}],"author":[{"embeddable":true,"href":"https:\/\/u-klubi.com\/u-klubi\/index.php\/wp-json\/wp\/v2\/users\/1"}],"replies":[{"embeddable":true,"href":"https:\/\/u-klubi.com\/u-klubi\/index.php\/wp-json\/wp\/v2\/comments?post=156"}],"version-history":[{"count":11,"href":"https:\/\/u-klubi.com\/u-klubi\/index.php\/wp-json\/wp\/v2\/pages\/156\/revisions"}],"predecessor-version":[{"id":556,"href":"https:\/\/u-klubi.com\/u-klubi\/index.php\/wp-json\/wp\/v2\/pages\/156\/revisions\/556"}],"up":[{"embeddable":true,"href":"https:\/\/u-klubi.com\/u-klubi\/index.php\/wp-json\/wp\/v2\/pages\/92"}],"wp:attachment":[{"href":"https:\/\/u-klubi.com\/u-klubi\/index.php\/wp-json\/wp\/v2\/media?parent=156"}],"curies":[{"name":"wp","href":"https:\/\/api.w.org\/{rel}","templated":true}]}}