{"id":1614,"date":"2021-04-07T18:29:52","date_gmt":"2021-04-07T16:29:52","guid":{"rendered":"http:\/\/u-klubi.com\/u-klubi\/?page_id=1614"},"modified":"2022-11-22T16:59:58","modified_gmt":"2022-11-22T14:59:58","slug":"2021-2022-hooaja-voistluste-kalender","status":"publish","type":"page","link":"https:\/\/u-klubi.com\/u-klubi\/index.php\/voistluskalender\/2021-2022-hooaja-voistluste-kalender\/","title":{"rendered":"2021\/2022 hooaja v\u00f5istluste kalender"},"content":{"rendered":"\n<h1><span style=\"color: #000000;\">2021<\/span><\/h1>\n<h3>September<\/h3>\n<p><strong>18.09.<\/strong> V. ja V. Katkeviciuste memoriaal ehk kohalik Supermasters, Druskininkai, Leedu, 25 m,\u00a0 <a href=\"https:\/\/u-klubi.com\/u-klubi\/wp-content\/uploads\/2021\/09\/Supermasters-Druskininkai-2021-galut-2.pdf\" target=\"_blank\" rel=\"noopener\">juhend<\/a>; FB-s \u00fcrituse <a href=\"https:\/\/www.facebook.com\/events\/441989614009505\/?acontext=%7B%22event_action_history%22%3A[%7B%22mechanism%22%3A%22calendar_tab_event%22%2C%22surface%22%3A%22bookmark_calendar%22%7D]%2C%22ref_notif_type%22%3Anull%7D\" target=\"_blank\" rel=\"noopener\">leht<\/a>\u00a0<\/p>\n<p><strong>25.-26.09. <\/strong>XXXVIII Tallinna lahtised meisterujumise MV, N\u00f5mme, Tallinn, 25 m, <a href=\"https:\/\/u-klubi.com\/u-klubi\/wp-content\/uploads\/2021\/09\/tallinn_est_2021_v02.pdf\" target=\"_blank\" rel=\"noopener\">juhend<\/a> (et),<br \/>XXXVIII Tallinn Open Masters Swimming Championships, <a href=\"https:\/\/u-klubi.com\/u-klubi\/wp-content\/uploads\/2021\/09\/tallinn_eng_2021_v02-2.pdf\" target=\"_blank\" rel=\"noopener\">invitation<\/a><\/p>\n<h3>Oktoober<\/h3>\n<p><strong>09.10.<\/strong> &#8220;Atvasaras relakss&#8221;, Ventspils, L\u00e4ti, 25 m, <a href=\"https:\/\/u-klubi.com\/u-klubi\/wp-content\/uploads\/2021\/09\/\u041c\u0415\u0416\u0414\u0423\u041d\u0410\u0420\u041e\u0414\u041d\u042b\u0415-\u0421\u041e\u0420\u0415\u0412\u041d\u041e\u0412\u0410\u041d\u0418\u042f-\u041f\u041e-\u041f\u041b\u0410\u0412\u0410\u041d\u0418\u042e-\u0414\u041b\u042f-\u0412\u0415\u0422\u0415\u0420\u0410\u041d\u041e\u0412-2021-1.doc\" target=\"_blank\" rel=\"noopener\">juhend<\/a><\/p>\n<p><strong>08.-10.10.<\/strong> P\u00f5hjamaade meisterujumise MV, Reykjavik, Island, 50 m, <a href=\"https:\/\/u-klubi.com\/u-klubi\/wp-content\/uploads\/2021\/07\/Invitation-Nordic-Masters-Championships-2021_1.pdf\" target=\"_blank\" rel=\"noopener\">kutse ja juhend<\/a><\/p>\n<p><strong>22.-24.10.<\/strong> Soome lahtised meisterujumise MV, Kuopio, Soome, 50 m, <a href=\"https:\/\/www.uimaliitto.fi\/uinti\/kilpailut\/masters\/2020-2021\/kutsu50\/\" target=\"_blank\" rel=\"noopener\">v\u00f5istluste koduleht<\/a>\u00a0<\/p>\n<h3>November<\/h3>\n<p><strong><span style=\"color: #ff0000;\">T\u00dcHISTATUD!<\/span> 20.11.<\/strong> Kokneses Rudens, Kokneses, L\u00e4ti, 25 m, <a href=\"https:\/\/www.facebook.com\/events\/1455964054784847\/?ref=newsfeed\" target=\"_blank\" rel=\"noopener\">info FB-s\u00a0<\/a>\u00a0<\/p>\n<p><strong>20.11.<\/strong> Tartu t\u00e4hed, Tartu, 25 m, <a href=\"https:\/\/ujumine.ee\/wp-content\/uploads\/2021\/09\/2021_11_20_Tartu_Ta%CC%88hed_Juhend_16.okt_viimane.pdf\" target=\"_blank\" rel=\"noopener\">juhend<\/a><\/p>\n<p><strong>27.-28.11.<\/strong> Leedu lahtised meisterujumise MV, Kaunas, 50 m, <a href=\"https:\/\/u-klubi.com\/u-klubi\/wp-content\/uploads\/2021\/10\/Veteranai-lvc2021eng-1.doc\" target=\"_blank\" rel=\"noopener\">juhend<\/a><\/p>\n<h3>Detsember<\/h3>\n<p><strong>04.12.<\/strong> XXXII Eesti lahtised meisterujumise MV \/ Supermasters, Tallinn, 25 m, <a href=\"https:\/\/u-klubi.com\/u-klubi\/wp-content\/uploads\/2021\/11\/2021_Eesti_Masters_MV_juhend-2.pdf\" target=\"_blank\" rel=\"noopener\">juhend<\/a><\/p>\n<h1>2022<\/h1>\n<h3>Jaanuar<\/h3>\n<p><strong>08.01.<\/strong> T. Grosbergi m\u00e4lestusv\u00f5istlused 2022, Olustvere, <a href=\"https:\/\/www.facebook.com\/permalink.php?story_fbid=4754592394620741&amp;id=246733842073308\" target=\"_blank\" rel=\"noopener\">info<\/a><\/p>\n<p><strong>29.01.<\/strong> Sillam\u00e4e Open 2022, Sillam\u00e4e, 25 m, <a href=\"https:\/\/u-klubi.com\/u-klubi\/wp-content\/uploads\/2022\/01\/Sillamae-Open-2022-juhend.doc\" target=\"_blank\" rel=\"noopener\">juhend<\/a><\/p>\n<h3>Veebruar<\/h3>\n<p><strong><span style=\"color: #ff0000;\">Edasi l\u00fckatud!<\/span> 05.02.<\/strong> Balti Supermasters Cup, 1. etapp, Riia, L\u00e4ti<\/p>\n<p><strong>12.02.<\/strong> Valtu Open 2022, Kaerapere, 25 m<\/p>\n<h3>M\u00e4rts<\/h3>\n<p><strong>18.-20.03<\/strong>. Rootsi lahtised meisterujumise MV, Sundsvall, Rootsi, 25 m<\/p>\n<p><strong>25.-27.03.<\/strong> Soome lahtised meisterujumise MV, Sein\u00e4joki, Soome, 25 m, <a href=\"https:\/\/www.uimaliitto.fi\/uinti\/kilpailut\/masters\/2020-2021\/kutsu-25m\/\" target=\"_blank\" rel=\"noopener\">kutse<\/a><\/p>\n<h3>Aprill<\/h3>\n<p><strong>01.-03.04.<\/strong> Norra lahtised meisterujumise MV, Oslo, Norra, 25 m<\/p>\n<p><strong>09.-10.04.<\/strong> XXXIX Tallinna lahtised meisterujumise MV, Tallinn, 25 m, <a href=\"https:\/\/u-klubi.com\/u-klubi\/wp-content\/uploads\/2022\/02\/tallinn_est_2022.pdf\" target=\"_blank\" rel=\"noopener\">juhend,<\/a>\u00a0<a href=\"https:\/\/u-klubi.com\/u-klubi\/wp-content\/uploads\/2022\/02\/tallinn_eng_2022.pdf\" target=\"_blank\" rel=\"noopener\">invitation<\/a>, <br \/><span style=\"color: #ff0000;\">NB!<\/span> Laup\u00e4eval on soojendusujumine 14:00-14:45<br \/><span style=\"color: #ff0000;\">NB!<\/span> Warm-up on Saturday will be from 14:00-14:45\u00a0<\/p>\n<p><strong>22.-24.04.<\/strong> Venemaa lahtised meisterujumise MV, St. Peterburg, Venemaa, 50 m<\/p>\n<p><strong>23.-24.04.<\/strong> XXVI Mallorca Open Masters, Palma de Mallorca, Hispaania, 25 m, <a href=\"https:\/\/mallorcaopenmasters.es\/en\/\" target=\"_blank\" rel=\"noopener\">v\u00f5istluste veebileht<\/a><\/p>\n<p><strong>30.04.-01.05.<\/strong> L\u00e4ti lahtised meisterujumise MV, Riia, L\u00e4ti, 50 m, <a href=\"https:\/\/u-klubi.com\/u-klubi\/wp-content\/uploads\/2022\/04\/LC-vecmeistariem_en_MT.pdf\" target=\"_blank\" rel=\"noopener\">juhend<\/a><\/p>\n<h3>Mai-Juuni<\/h3>\n<p><strong>11.-15.05.<\/strong> Tunesia Open Masters, Tunis, Tuneesia, <a href=\"https:\/\/www.facebook.com\/events\/901562393746908\/?acontext=%7B%22event_action_history%22%3A[%7B%22mechanism%22%3A%22group_featured_unit%22%2C%22surface%22%3A%22group%22%7D]%2C%22ref_notif_type%22%3Anull%7D\" target=\"_blank\" rel=\"noopener\">FB info<\/a><\/p>\n<p><strong><span style=\"color: #ff0000;\">Edasi l\u00fckatud!<\/span> 13.-29.05.<\/strong> Veteranide maailmam\u00e4ngud, Kansai, Jaapan, <a href=\"https:\/\/wmg2021.jp\/en\/\" target=\"_blank\" rel=\"noopener\">m\u00e4ngude koduleht<\/a>, <a href=\"https:\/\/wmg2021.jp\/en\/games\/detail?id=992\" target=\"_blank\" rel=\"noopener\">ujumise info<\/a>\u00a0<\/p>\n<p><strong>28.-29.05.<\/strong> &#8220;Otra Elpa&#8221; Valmiera, L\u00e4ti, 25 m, <a href=\"https:\/\/swimming.lv\/wp-content\/uploads\/2022\/04\/Nolikums_otra.elpa2022_Eng-1.pdf\" target=\"_blank\" rel=\"noopener\">juhend<\/a><\/p>\n<p><strong><span style=\"color: #ff0000;\">Edasi l\u00fckatud!<\/span> loe t\u00e4psemalt <a href=\"https:\/\/www.fina.org\/news\/2474102\/fina-confirms-new-dates-for-the-fina-world-masters-championships-2022\" target=\"_blank\" rel=\"noopener\">SIIT<\/a> <br \/><\/strong><strong>31.05.-09.06.<\/strong> Meisterujumise MM, Fukuoka, Jaapan, <a href=\"https:\/\/www.fina-fukuoka2022.org\/en\/masters\/outline.html\" target=\"_blank\" rel=\"noopener\">v\u00f5istluste koduleht<\/a> &#8211; <span style=\"color: #ff0000;\">uued kuup\u00e4evad <strong>02.-11.08.2023<\/strong><\/span><\/p>\n<h3>Juuni<\/h3>\n<p><strong>04.-05.06.<\/strong> St. Peterburg Open, St. Peterburg, Venemaa<\/p>\n<p><strong>08.-11.06. <\/strong>Med Senior Games 2022, Genova, Itaalia, <a href=\"https:\/\/u-klubi.com\/u-klubi\/wp-content\/uploads\/2021\/11\/13-SWIMMING-SPORT-GUIDE_ENG_rev-00.pdf\" target=\"_blank\" rel=\"noopener\">juhend<\/a>, Genova tutvustuse <a href=\"https:\/\/u-klubi.com\/u-klubi\/wp-content\/uploads\/2021\/11\/CBG-2021-ITA-promo-18-03.pdf\" target=\"_blank\" rel=\"noopener\">infobro\u0161\u00fc\u00fcr<\/a>\u00a0<\/p>\n<p><strong>10.-12.06.<\/strong> Poola suvised meisterujumise MV, Olsztyn, Poola, 50 m, <a href=\"https:\/\/u-klubi.com\/u-klubi\/wp-content\/uploads\/2022\/05\/Komunikat-organizacyjny-LMPM-2022-1.pdf\" target=\"_blank\" rel=\"noopener\">juhend<\/a><\/p>\n<p><strong>18.-19.06.<\/strong> Rahvusvaheline meisterujujate kohtumine, Belgrad, Serbia, 50 m, <a href=\"https:\/\/u-klubi.com\/u-klubi\/wp-content\/uploads\/2022\/06\/2022-SRB-Multinations-M-SRB-06-2022.pdf\" target=\"_blank\" rel=\"noopener\">juhend<\/a><\/p>\n<h3>Juuli<\/h3>\n<p><strong>01. -03.07.<\/strong> Kreeka meisterujumise MV, Ateena, Kreeka, 50 m, <a href=\"https:\/\/u-klubi.com\/u-klubi\/wp-content\/uploads\/2022\/06\/National-Masters-Swimming-Championship.pdf\" target=\"_blank\" rel=\"noopener\">juhend<\/a><\/p>\n<h3><strong>August-September<\/strong><\/h3>\n<p><strong>13.-14.08.<\/strong> Rezekne linna lahtised meisterujumise v\u00f5istlused, <a href=\"https:\/\/u-klubi.com\/u-klubi\/wp-content\/uploads\/2022\/07\/Nolikums_2022_Vecmeistari_peld_Rezekne_OCR.pdf\" target=\"_blank\" rel=\"noopener\">juhend<\/a><\/p>\n<p><strong>25.08.-04.09.<\/strong> Meisterujumise EM, Rooma, Itaalia, <a href=\"https:\/\/www.roma2022.eu\/wp-content\/uploads\/2021\/09\/brochure.pdf\" target=\"_blank\" rel=\"noopener\">infobro\u0161\u00fc\u00fcr<\/a>, v\u00f5istluste <a href=\"https:\/\/www.roma2022.eu\/en\/masters\/homepage\/\" target=\"_blank\" rel=\"noopener\">koduleht<\/a><\/p>\n<p><strong>17.09.<\/strong> Valmiera lahtised seenioride spordim\u00e4ngud 2022, Valmiera, 25 m,\u00a0 <a href=\"https:\/\/swimming.lv\/wp-content\/uploads\/2022\/08\/NOLIKUMS_VN_veteranu_senioru_sporta_speles_2022-3.pdf\" target=\"_blank\" rel=\"noopener\">juhend<\/a><\/p>\n<p><strong>30.09.-01.10.<\/strong> Nordic Open Masters Championships, T\u00f3rshavn, F\u00e4\u00e4ri saared, 25 m, <a href=\"https:\/\/ssf.fo\/nom2022\/?fbclid=IwAR0JEC2gqA_5XDIVQH8Xg6xBc1dsnfZayr9SFKEJGSNr0AHyKQNVKU-4lYo\" target=\"_blank\" rel=\"noopener\">info<\/a>\u00a0<\/p>\n<h3><strong>Oktoober<\/strong><\/h3>\n<p><strong>08.10.<\/strong> Atvasaras Relaks Ventspili 2022, Ventpils, L\u00e4ti, <a href=\"https:\/\/u-klubi.com\/u-klubi\/wp-content\/uploads\/2022\/09\/STARPTAUTISKAS-VECMEISTARU-SACENSIBAS-PELDESANA-ATVASARA-RELAKS-VENTSPILI2022.pdf\" target=\"_blank\" rel=\"noopener\">juhend<\/a><\/p>\n<p><strong>08.-09.10.<\/strong> Luxembourg Open Masters, Luksemburg, 50 m, <a href=\"https:\/\/swimming.lu\/lux-masters-open\/?fbclid=IwAR2zEou-PcZbrEnLzN8bGfbx5zr2JkjF74vRzleGYIcUvwK7FV50plHmxeQ\" target=\"_blank\" rel=\"noopener\">juhend<\/a><\/p>\n<p><strong>22.-23.10.<\/strong> 5th Cypros International Masters Swimming Meet, Limassol, K\u00fcpros, 50 m, <a href=\"https:\/\/u-klubi.com\/u-klubi\/wp-content\/uploads\/2022\/09\/MASTERS-2022-INVITATION-new-2.pdf\" target=\"_blank\" rel=\"noopener\">kutse<\/a><\/p>\n<h3><strong>November<\/strong><\/h3>\n<p><strong>05.11.<\/strong> Copenhagen Open Masters, Copenhagen, Taani, 25 m, <a href=\"http:\/\/copenhagen-open-masters.dk\/\" target=\"_blank\" rel=\"noopener\">juhend-koduleht<\/a><\/p>\n<p><strong><span style=\"color: #ff0000;\">Ikka toimub! <\/span>12.11.<\/strong> Kokneses Rudens, Koknese, L\u00e4ti, 25 m, <a href=\"https:\/\/u-klubi.com\/u-klubi\/wp-content\/uploads\/2022\/10\/2022_nolikums_koknese_lv.pdf\" target=\"_blank\" rel=\"noopener\">juhend<\/a> (l\u00e4tikeelne)<\/p>\n<p><strong>18.-20.11<\/strong>. Soome lahtised meisterujumise MV, Vantaa Tikkurila, Soome, 50 m, <a href=\"https:\/\/d2t6wyhz55tig8.cloudfront.net\/assets\/files\/25394\/mastersmestaruusuinnit_2022-_vantaa.pdf\" target=\"_blank\" rel=\"noopener\">juhend<\/a><\/p>\n<p><strong>26.-27.11.<\/strong>\u00a0Leedu lahtised meisterujumise MV, Kaunas, 50 m, <a href=\"https:\/\/ltuswimming.com\/images\/stories\/Varzybos\/2022\/nuostatai\/2022-11-26-27-LTU-master-championships.pdf\" target=\"_blank\" rel=\"noopener\">juhend<\/a><\/p>\n<h3><strong>Detsember<\/strong><\/h3>\n<p><strong>10.12.<\/strong> Eesti lahtised masters MV ja Supermasters, Tallinn, N\u00f5mme ujula, 25 m, <a href=\"https:\/\/u-klubi.com\/u-klubi\/wp-content\/uploads\/2022\/11\/2022_Eesti_Masters_MV_juhend.pdf\" target=\"_blank\" rel=\"noopener\">juhend<\/a>, <a href=\"https:\/\/u-klubi.com\/u-klubi\/wp-content\/uploads\/2022\/11\/EstMasters_Champs_2022_ENG.pdf\" target=\"_blank\" rel=\"noopener\">invitation<\/a><\/p>\n\n\n","protected":false},"excerpt":{"rendered":"<p>2021 September 18.09. V. ja V. Katkeviciuste memoriaal ehk kohalik Supermasters, Druskininkai, Leedu, 25 m,\u00a0 juhend; FB-s \u00fcrituse leht\u00a0 25.-26.09. XXXVIII Tallinna lahtised meisterujumise MV, N\u00f5mme, Tallinn, 25 m, juhend (et),XXXVIII Tallinn Open Masters Swimming Championships, invitation Oktoober 09.10. &#8220;Atvasaras relakss&#8221;, Ventspils, L\u00e4ti, 25 m, juhend 08.-10.10. P\u00f5hjamaade meisterujumise MV, Reykjavik, Island, 50 m, kutse &hellip; <a href=\"https:\/\/u-klubi.com\/u-klubi\/index.php\/voistluskalender\/2021-2022-hooaja-voistluste-kalender\/\" class=\"more-link\">Loe edasi<span class=\"screen-reader-text\"> &#8220;2021\/2022 hooaja v\u00f5istluste kalender&#8221;<\/span><\/a><\/p>\n","protected":false},"author":1,"featured_media":0,"parent":460,"menu_order":0,"comment_status":"closed","ping_status":"closed","template":"","meta":{"_monsterinsights_skip_tracking":false,"_monsterinsights_sitenote_active":false,"_monsterinsights_sitenote_note":"","_monsterinsights_sitenote_category":0,"two_page_speed":[],"footnotes":""},"class_list":["post-1614","page","type-page","status-publish","hentry"],"_links":{"self":[{"href":"https:\/\/u-klubi.com\/u-klubi\/index.php\/wp-json\/wp\/v2\/pages\/1614","targetHints":{"allow":["GET"]}}],"collection":[{"href":"https:\/\/u-klubi.com\/u-klubi\/index.php\/wp-json\/wp\/v2\/pages"}],"about":[{"href":"https:\/\/u-klubi.com\/u-klubi\/index.php\/wp-json\/wp\/v2\/types\/page"}],"author":[{"embeddable":true,"href":"https:\/\/u-klubi.com\/u-klubi\/index.php\/wp-json\/wp\/v2\/users\/1"}],"replies":[{"embeddable":true,"href":"https:\/\/u-klubi.com\/u-klubi\/index.php\/wp-json\/wp\/v2\/comments?post=1614"}],"version-history":[{"count":52,"href":"https:\/\/u-klubi.com\/u-klubi\/index.php\/wp-json\/wp\/v2\/pages\/1614\/revisions"}],"predecessor-version":[{"id":2002,"href":"https:\/\/u-klubi.com\/u-klubi\/index.php\/wp-json\/wp\/v2\/pages\/1614\/revisions\/2002"}],"up":[{"embeddable":true,"href":"https:\/\/u-klubi.com\/u-klubi\/index.php\/wp-json\/wp\/v2\/pages\/460"}],"wp:attachment":[{"href":"https:\/\/u-klubi.com\/u-klubi\/index.php\/wp-json\/wp\/v2\/media?parent=1614"}],"curies":[{"name":"wp","href":"https:\/\/api.w.org\/{rel}","templated":true}]}}