{"id":1843,"date":"2022-10-31T19:31:44","date_gmt":"2022-10-31T17:31:44","guid":{"rendered":"http:\/\/u-klubi.com\/u-klubi\/?page_id=1843"},"modified":"2023-11-16T18:08:25","modified_gmt":"2023-11-16T16:08:25","slug":"2023-mastersite-voistluskalender","status":"publish","type":"page","link":"https:\/\/u-klubi.com\/u-klubi\/index.php\/voistluskalender\/2023-mastersite-voistluskalender\/","title":{"rendered":"2023 mastersite v\u00f5istluskalender"},"content":{"rendered":"\n\n\n<h3>J,AANUAR<\/h3>\n<p><strong>14.01.<\/strong> T. Grosbergi m\u00e4lestusv\u00f5istlused, <a href=\"https:\/\/u-klubi.com\/u-klubi\/wp-content\/uploads\/2023\/01\/Toivo-Grosbergi-ujumisv-juhend-2023.pdf\" target=\"_blank\" rel=\"noopener\">juhend<\/a>, Sakalamaa Angerjas I etapp, <a href=\"https:\/\/u-klubi.com\/u-klubi\/wp-content\/uploads\/2023\/01\/SAKALAMAA-ANGERJAS-I-ETAPP-kuulutus-2-scaled.jpg\" target=\"_blank\" rel=\"noopener\">juhend<\/a>, <a href=\"https:\/\/u-klubi.com\/u-klubi\/wp-content\/uploads\/2023\/01\/Sakalamaa-Angerjas-uldjuhend-2023.pdf\" target=\"_blank\" rel=\"noopener\">\u00fcldjuhend<\/a>, Suure-Jaani, 25 m<\/p>\n<p><strong>14.01.\u00a0<\/strong> Viriilit Vintsat, Espoonlahti, Espoo, Soome, 25 m, <a href=\"https:\/\/u-klubi.com\/u-klubi\/wp-content\/uploads\/2023\/01\/viriilit_vinstat_invitation1.pdf\" target=\"_blank\" rel=\"noopener\">juhend<\/a><\/p>\n<p><strong>21.01.<\/strong> EUL Gala<\/p>\n<p><strong>28.01.<\/strong> Sillam\u00e4e Open, Sillam\u00e4e, 25 m, <a href=\"https:\/\/u-klubi.com\/u-klubi\/wp-content\/uploads\/2022\/12\/Sillamae_Open_2023_juhend.doc\" target=\"_blank\" rel=\"noopener\">juhend<\/a><\/p>\n<h3>VEEBRUAR<\/h3>\n<p><strong>16.-19.02.<\/strong> Hollandi mastersujumise meistriv\u00f5istlused, Heerenveen, Holland, 25 m, <a href=\"https:\/\/u-klubi.com\/u-klubi\/wp-content\/uploads\/2023\/01\/ONMK2023kb_Heerenveen_Programma_Bepalingen_def_v1_web.pdf\" target=\"_blank\" rel=\"noopener\">juhend<\/a><\/p>\n<p><strong>25.02.<\/strong> 41. Internationales F\u00f6rde &#8211; Masters 2023, Flensburg, Saksamaa, 25\u00a0 m, <a href=\"https:\/\/www.shsv.de\/wp-content\/uploads\/2022\/09\/2023-02-25_FSK_Foerdemasters_A.pdf\" target=\"_blank\" rel=\"noopener\">juhend<\/a><\/p>\n<h3>M\u00c4RTS<\/h3>\n<p><strong>04.03.<\/strong> 38. Eesti omavalitsuste talim\u00e4ngud, ujumine Tartus, <a href=\"http:\/\/www.joud.ee\/est\/g78s5821\" target=\"_blank\" rel=\"noopener\">juhend<\/a><\/p>\n<p><strong>04.03.<\/strong> Scania Open Masters 2023, Lund, Rootsi, 25 m, <a href=\"https:\/\/livetiming.se\/file_archive\/6947\/Masters_DM_Inbjudan_2023.pdf\" target=\"_blank\" rel=\"noopener\">juhend<\/a><\/p>\n<p><strong>11.03.<\/strong> Valtu Open, Kaerapere, 25 m, <a href=\"https:\/\/u-klubi.com\/u-klubi\/index.php\/2023\/02\/14\/valtu-open-2023\/\" target=\"_blank\" rel=\"noopener\">juhend<\/a><\/p>\n<p><strong>11.-12.03.<\/strong> Taani l\u00fchiraja mastersujumise meistriv\u00f5istlused, 25 m<\/p>\n<p><strong>17.-19.03.<\/strong> Rootsi mastersujumise meistriv\u00f5istlused, Stenungsund, Rootsi, 25 m, <a href=\"https:\/\/livetiming.se\/file_archive\/7048\/Inbjudan_Master_SM_2023_S77_1.pdf\" target=\"_blank\" rel=\"noopener\">juhend<\/a><\/p>\n<p><strong>24.-26.03.<\/strong> Soome l\u00fchiraja mastersujumise meistriv\u00f5istlused, Lappeenrantaa, Soome, 25 m, <a href=\"https:\/\/d2t6wyhz55tig8.cloudfront.net\/assets\/files\/24999\/mastersmestaruusuinnit_k2023_lappeenranta-1.pdf\" target=\"_blank\" rel=\"noopener\">juhend<\/a><\/p>\n<p><strong>25.-26.03.<\/strong> Amber Cup 2023, Riia, 25 m, <a href=\"https:\/\/swimming.lv\/wp-content\/uploads\/2023\/02\/2023_Nolikums_AMBER_LV.pdf\" target=\"_blank\" rel=\"noopener\">juhend<\/a> (l\u00e4ti k)<\/p>\n<p><strong>26.03.<\/strong> Harjumaa meistriv\u00f5istlused, Keila, 25 m, <a href=\"http:\/\/www.harjusport.ee\/kalender\/245\" target=\"_blank\" rel=\"noopener\">juhend<\/a><\/p>\n<h3>APRILL<\/h3>\n<p><strong>15.-16.04.<\/strong> 40. Tallinna lahtised mastersujumise meistriv\u00f5istlused, N\u00f5mme, 25 m, <a href=\"https:\/\/u-klubi.com\/u-klubi\/wp-content\/uploads\/2023\/03\/tallinn_est_2023.pdf\" target=\"_blank\" rel=\"noopener\">juhend<\/a>, <a href=\"https:\/\/u-klubi.com\/u-klubi\/wp-content\/uploads\/2023\/03\/tallinn_eng_2023.pdf\" target=\"_blank\" rel=\"noopener\">invitation<\/a><\/p>\n<p><strong>15.-16.04.<\/strong> Mallorca Open Masters 2023, Palma de Mallorca, Hispaania, <a href=\"https:\/\/mallorcaopenmasters.es\/en\/\" target=\"_blank\" rel=\"noopener\">juhend<\/a><\/p>\n<p><strong>29.-30.04.<\/strong> L\u00e4ti lahtised masterujumise meistriv\u00f5istlused, Riia, L\u00e4ti, 50 m, <a href=\"https:\/\/swimming.lv\/wp-content\/uploads\/2023\/03\/LC-vecmeistariem_un-tautas_klase_EN_2023.pdf\" target=\"_blank\" rel=\"noopener\">juhend<\/a>, <a href=\"https:\/\/www.facebook.com\/events\/897416744876189\" target=\"_blank\" rel=\"noopener\">FB<\/a><\/p>\n<p>29.-30.04 Taani lahtised masterujumise meistriv\u00f5istlused, Ringr,Taani, 25 m,\u00a0 <a href=\"https:\/\/xn--svmmetider-1cb.dk\/filer\/staevner\/10349\/uploads\/Invitation%20Danske%20Open%20Masters%20kortbane%202023.pdf?fbclid=IwAR2jbmFXjvu042Jtjtf8vPPHkTOvGHCLOgEioUIbUxi4hGWSUZwYm3rXaE0\" target=\"_blank\" rel=\"noopener\">juhend<\/a>\u00a0<\/p>\n<h3>MAI<\/h3>\n<p><strong>05.-07.05.\u00a0<\/strong> Norra mastersujumise meistriv\u00f5istlused, Sarpsborg, Norra, 25 m, <a href=\"https:\/\/u-klubi.com\/u-klubi\/wp-content\/uploads\/2023\/01\/NorraMV_IndbydelseNMmasters2023.pdf\" target=\"_blank\" rel=\"noopener\">juhend<\/a> (norra keeles)<\/p>\n<p><b>10.-14.05. <\/b>Tunisian Open Masters 2023, Tunis<\/p>\n<p><strong>13.05.<\/strong> Vantaa Meet, Vantaa, Soome, 25 m, <a href=\"https:\/\/d2t6wyhz55tig8.cloudfront.net\/assets\/files\/25005\/vantaa_meet_2023_kutsu.pdf\" target=\"_blank\" rel=\"noopener\">juhend<\/a><\/p>\n<p><strong>13.-14.05.<\/strong> Leedu mastersujumise meistriv\u00f5istlused, Kaunas, Leedu, 50 m, <a href=\"https:\/\/www.ltuswimming.com\/wp-content\/uploads\/2023\/01\/Lithuanian-Open-Masters-Swimming-Championships-2023-Invitation.pdf\" target=\"_blank\" rel=\"noopener\">juhend<\/a><\/p>\n<p><strong>27.05.<\/strong> &#8220;Teine hingamine&#8221; &#8211; \u201cOtr\u0101 elpa\u201d, Valmiera, L\u00e4ti, 25 m, <a href=\"https:\/\/www.facebook.com\/events\/240338035068353\/?acontext=%7B%22event_action_history%22%3A[%7B%22surface%22%3A%22saved_dashboard%22%7D%2C%7B%22mechanism%22%3A%22your_upcoming_events_unit%22%2C%22surface%22%3A%22bookmark%22%7D]%2C%22ref_notif_type%22%3Anull%7D\" target=\"_blank\" rel=\"noopener\">FB<\/a>, <a href=\"https:\/\/u-klubi.com\/u-klubi\/wp-content\/uploads\/2023\/05\/Nolikums_otra.elpa2023_Eng.pdf\" target=\"_blank\" rel=\"noopener\">juhend<\/a><\/p>\n<p><strong>29.05.<\/strong> Taani pikaraja mastersujumise meistriv\u00f5istluse, Gentofte, Taani, 50 m, <a href=\"https:\/\/xn--svmmetider-1cb.dk\/filer\/staevner\/10482\/uploads\/Invitation%20Danske%20Open%20Masters%20langbane%202023.pdf?fbclid=IwAR3H0MsEXFl_CiilOu_Ske-n_7usRg1QC5EHXZmoe8bz0h3i6oJPoVWPD3A\" target=\"_blank\" rel=\"noopener\">juhend<\/a> (taani keeles)<\/p>\n<h3>JUUNI<\/h3>\n<p><strong>10.06.<\/strong> Rostock Masters Sprint Cup 2023, Rostock, Saksamaa<\/p>\n<p><strong>17.06.<\/strong> &#8220;Hope Swimming 2023&#8221;, Klaipeda, Leedu, 25 m, <a href=\"https:\/\/u-klubi.com\/u-klubi\/wp-content\/uploads\/2023\/05\/HOPE-SWIMMING-2023-EN.pdf\" target=\"_blank\" rel=\"noopener\">juhend<\/a><\/p>\n<h3>JUULI<\/h3>\n<p><strong>06.-09.07.\u00a0<\/strong> Euroopa masters m\u00e4ngud, Tampere, Soome 50 m, <a href=\"https:\/\/www.emg2023.fi\/\" target=\"_blank\" rel=\"noopener\">koduleht,<\/a> <span style=\"color: #ff0000;\">NB! registreerimise t\u00e4htaega on pikendatud kuni 28. maini k.a!<\/span><\/p>\n<h3>AUGUST<\/h3>\n<p><strong>02.-11.08.<\/strong> Mastersujumise maailmameistriv\u00f5istlused, Fukuoka, Kyushu, Jaapan, 50 m, <a href=\"https:\/\/www.fina-fukuoka2022.org\/en\/masters\/\" target=\"_blank\" rel=\"noopener\">koduleht<\/a><\/p>\n<p><strong>12.-13.08.<\/strong>\u00a0 Rezekne linna lahtised mastersujumise v\u00f5istlused, Rezekne, L\u00e4ti, 25 m, <a href=\"https:\/\/www.facebook.com\/events\/2129649560577628\" target=\"_blank\" rel=\"noopener\">FB<\/a>, <a href=\"https:\/\/u-klubi.com\/u-klubi\/wp-content\/uploads\/2023\/08\/Nolikums_2023_Vecmeistari_peld_Rezekne_OCR.pdf\" target=\"_blank\" rel=\"noopener\">juhend<\/a> (l\u00e4ti keeles)<\/p>\n<h3>SEPTEMBER<\/h3>\n<p><strong>23.09.<\/strong> Spordin\u00e4dala masters-ujumise p\u00e4ev, N\u00f5mme ujula, Tallinn, 25 m, <a href=\"https:\/\/www.facebook.com\/events\/787924896399280\" target=\"_blank\" rel=\"noopener\">FB<\/a><\/p>\n<p><strong>30. 09.-01.10.<\/strong> Nordic Open Masters 2023, Kopenhaagen, Taani, 25 m, <a href=\"https:\/\/xn--svmmetider-1cb.dk\/staevne\/?11003&amp;fbclid=IwAR06aWdv4mcqkw2oaTrCaWljS7HiTaYpahB0BmxEhNA-dbgM5tRQNuh7Atc\" target=\"_blank\" rel=\"noopener\">FB<\/a>, <a href=\"https:\/\/u-klubi.com\/u-klubi\/wp-content\/uploads\/2023\/06\/Nordic-Open-Masters-2023-Invitation-090523.pdf\" target=\"_blank\" rel=\"noopener\">juhend<\/a>, <a href=\"http:\/\/www.nom2023.dk\" target=\"_blank\" rel=\"noopener\">koduleht<\/a><\/p>\n<h3>OKTOOBER\u00a0<\/h3>\n<p><strong>14.10<\/strong>. &#8220;Atvasaras Relaks Ventspils 2023&#8221;, Ventspils, L\u00e4ti, 25 m, <a href=\"https:\/\/www.facebook.com\/events\/814551297497722\" target=\"_blank\" rel=\"noopener\">FB<\/a>, <a href=\"https:\/\/u-klubi.com\/u-klubi\/wp-content\/uploads\/2023\/09\/\u041c\u0415\u0416\u0414\u0423\u041d\u0410\u0420\u041e\u0414\u041d\u042b\u0415-\u0421\u041e\u0420\u0415\u0412\u041d\u041e\u0412\u0410\u041d\u0418\u042f-\u041f\u041e-\u041f\u041b\u0410\u0412\u0410\u041d\u0418\u042e-\u0414\u041b\u042f-\u0412\u0415\u0422\u0415\u0420\u0410\u041d\u041e\u0412-2023.doc\" target=\"_blank\" rel=\"noopener\">juhend<\/a>, <a href=\"https:\/\/u-klubi.com\/u-klubi\/wp-content\/uploads\/2023\/09\/ventspils-entries_2023.xls\" target=\"_blank\" rel=\"noopener\">registreerimisleht<\/a><\/p>\n<p>14.-15.10. LUX Masters Open 2023, Luksemburg, 50 m, juhend<\/p>\n<p><strong>21.-22.10.<\/strong> 6th Cyprus International Masters Swimming Meet, Limassol, K\u00fcpros, 50 m, <a href=\"https:\/\/u-klubi.com\/u-klubi\/wp-content\/uploads\/2023\/06\/MASTERS-2023-INVITATION.pdf\" target=\"_blank\" rel=\"noopener\">juhend<\/a><\/p>\n<p><strong>27.-29.10.<\/strong> Soome lahtised mastersujumise meistriv\u00f5istlused, Tikkurila, Vantaa, Soome, 50 m, <a href=\"https:\/\/d2t6wyhz55tig8.cloudfront.net\/assets\/files\/26781\/mastersmestaruus50_s2023_kutsu.pdf\" target=\"_blank\" rel=\"noopener\">juhend<\/a>, <a href=\"https:\/\/d2t6wyhz55tig8.cloudfront.net\/assets\/files\/22906\/program_masterssm_50pariton.pdf\" target=\"_blank\" rel=\"noopener\">programm<\/a><\/p>\n<h3>NOVEMBER<\/h3>\n<p><strong>04.11.<\/strong> Copenhagen Open Masters 2023, Kastrup, Taani, <a href=\"https:\/\/copenhagen-open-masters.kvikkastrup.dk\/\" target=\"_blank\" rel=\"noopener\">juhend<\/a><\/p>\n<p><strong>11.11.<\/strong> Kokneses Rudens 2023, Koknese, L\u00e4ti, <a href=\"https:\/\/www.facebook.com\/events\/652398860364727\/?ref=newsfeed\" target=\"_blank\" rel=\"noopener\">FB<\/a>, <a href=\"https:\/\/u-klubi.com\/u-klubi\/wp-content\/uploads\/2023\/10\/2023_Kokneses-Rudens_nolikums.pdf\" target=\"_blank\" rel=\"noopener\">juhend<\/a><\/p>\n<p><strong>11.11.<\/strong> P\u00e4rnumaa meistriv\u00f5istlused ujumises (mastersitele on v\u00f5istlused lahtised), P\u00e4rnu, 25 m, <a href=\"https:\/\/u-klubi.com\/u-klubi\/wp-content\/uploads\/2023\/10\/2023-Parnumaa-MV-ujumine.docx\" target=\"_blank\" rel=\"noopener\">juhend<\/a><\/p>\n<p><strong>19.-25.11.<\/strong> Euroopa mastersite l\u00fchiraja v\u00f5istlused, Madeira, Portugal, 25 m,\u00a0 <a href=\"https:\/\/www.len.eu\/masters-in-madeira-len-launches-2023-european-short-course-swimming-event\/?fbclid=IwAR3FDKJiiOoiZL8njIFMfFJPi_7dKCfXPfCXeN7Co_caMW0ZMJ9Ke-LAX9o\" target=\"_blank\" rel=\"noopener\">koduleht<\/a>, <span style=\"color: #ff0000;\">registreerimine l\u00f5peb 30. sept! <a href=\"https:\/\/mastersmadeira2023.com\/\">EMSCSC \u2013 EMSCSC Madeira 2023 (mastersmadeira2023.com)<\/a><\/span><\/p>\n<h3>\u00a0DETSEMBER<\/h3>\n<p><strong>02.12.<\/strong> Leedu l\u00fchiraja mastersujumise meistriv\u00f5istlused, Druskininkai, Leedu, 25 m, <a href=\"https:\/\/u-klubi.com\/u-klubi\/wp-content\/uploads\/2023\/11\/Lithuanian-Open-Masters-Short-Course-Swimming-Championships-2023.pdf\" target=\"_blank\" rel=\"noopener\">juhend<\/a>, <span style=\"color: #ff0000;\">uus kuup\u00e4ev ja uus koht!<\/span><\/p>\n<p><strong>09.12.\u00a0<\/strong> Eesti mastersujumise meistriv\u00f5istlused, N\u00f5mme, Tallinn, 25 m, <a href=\"https:\/\/u-klubi.com\/u-klubi\/wp-content\/uploads\/2023\/11\/2023_Eesti_Masters_MV_juhend.pdf\" target=\"_blank\" rel=\"noopener\">juhend<\/a>, <a href=\"https:\/\/u-klubi.com\/u-klubi\/wp-content\/uploads\/2023\/11\/EstMasters_Champs_2023_ENG.pdf\" target=\"_blank\" rel=\"noopener\">invitation<\/a><\/p>\n<p>\u00a0<\/p>\n<h3>\u00a0<\/h3>\n","protected":false},"excerpt":{"rendered":"<p>J,AANUAR 14.01. T. Grosbergi m\u00e4lestusv\u00f5istlused, juhend, Sakalamaa Angerjas I etapp, juhend, \u00fcldjuhend, Suure-Jaani, 25 m 14.01.\u00a0 Viriilit Vintsat, Espoonlahti, Espoo, Soome, 25 m, juhend 21.01. EUL Gala 28.01. Sillam\u00e4e Open, Sillam\u00e4e, 25 m, juhend VEEBRUAR 16.-19.02. Hollandi mastersujumise meistriv\u00f5istlused, Heerenveen, Holland, 25 m, juhend 25.02. 41. Internationales F\u00f6rde &#8211; Masters 2023, Flensburg, Saksamaa, 25\u00a0 m, &hellip; <a href=\"https:\/\/u-klubi.com\/u-klubi\/index.php\/voistluskalender\/2023-mastersite-voistluskalender\/\" class=\"more-link\">Loe edasi<span class=\"screen-reader-text\"> &#8220;2023 mastersite v\u00f5istluskalender&#8221;<\/span><\/a><\/p>\n","protected":false},"author":1,"featured_media":0,"parent":460,"menu_order":1,"comment_status":"closed","ping_status":"closed","template":"","meta":{"_monsterinsights_skip_tracking":false,"_monsterinsights_sitenote_active":false,"_monsterinsights_sitenote_note":"","_monsterinsights_sitenote_category":0,"two_page_speed":[],"footnotes":""},"class_list":["post-1843","page","type-page","status-publish","hentry"],"_links":{"self":[{"href":"https:\/\/u-klubi.com\/u-klubi\/index.php\/wp-json\/wp\/v2\/pages\/1843","targetHints":{"allow":["GET"]}}],"collection":[{"href":"https:\/\/u-klubi.com\/u-klubi\/index.php\/wp-json\/wp\/v2\/pages"}],"about":[{"href":"https:\/\/u-klubi.com\/u-klubi\/index.php\/wp-json\/wp\/v2\/types\/page"}],"author":[{"embeddable":true,"href":"https:\/\/u-klubi.com\/u-klubi\/index.php\/wp-json\/wp\/v2\/users\/1"}],"replies":[{"embeddable":true,"href":"https:\/\/u-klubi.com\/u-klubi\/index.php\/wp-json\/wp\/v2\/comments?post=1843"}],"version-history":[{"count":55,"href":"https:\/\/u-klubi.com\/u-klubi\/index.php\/wp-json\/wp\/v2\/pages\/1843\/revisions"}],"predecessor-version":[{"id":2269,"href":"https:\/\/u-klubi.com\/u-klubi\/index.php\/wp-json\/wp\/v2\/pages\/1843\/revisions\/2269"}],"up":[{"embeddable":true,"href":"https:\/\/u-klubi.com\/u-klubi\/index.php\/wp-json\/wp\/v2\/pages\/460"}],"wp:attachment":[{"href":"https:\/\/u-klubi.com\/u-klubi\/index.php\/wp-json\/wp\/v2\/media?parent=1843"}],"curies":[{"name":"wp","href":"https:\/\/api.w.org\/{rel}","templated":true}]}}