{"id":1865,"date":"2022-02-13T10:50:46","date_gmt":"2022-02-13T08:50:46","guid":{"rendered":"https:\/\/u-klubi.com\/u-klubi\/?page_id=1865"},"modified":"2023-11-16T18:23:45","modified_gmt":"2023-11-16T16:23:45","slug":"tulemused-2022","status":"publish","type":"page","link":"https:\/\/u-klubi.com\/u-klubi\/index.php\/tulemused\/tulemused-2022\/","title":{"rendered":"Tulemused 2022"},"content":{"rendered":"\n<p><strong>12.02.2022<\/strong> Valtu Open 2022, Kaerapere, 25 m, <a href=\"https:\/\/u-klubi.com\/u-klubi\/wp-content\/uploads\/2022\/02\/220212_Valtu_tulemused.pdf\" target=\"_blank\" rel=\"noopener\">tulemused<\/a><\/p>\n<p><strong>26.-27.03.2022 <\/strong>Soome meisterujumise MV, l\u00fchirada, Sein\u00e4joki, 25 m, <a href=\"https:\/\/u-klubi.com\/u-klubi\/wp-content\/uploads\/2022\/03\/Soome_luhirada_lopulliset_tulokset.pdf\" target=\"_blank\" rel=\"noopener\">tulemused<\/a>, <a href=\"https:\/\/u-klubi.com\/u-klubi\/wp-content\/uploads\/2022\/03\/Soome_luhirada_seurapisteet_2.pdf\" target=\"_blank\" rel=\"noopener\">klubide arvestus<\/a><\/p>\n<p><strong>09.-10.04.2022<\/strong> XXXIX Tallinna meisterujumise MV, N\u00f5mme, 25 m, <a href=\"https:\/\/live.swimrankings.net\/33037\/\" target=\"_blank\" rel=\"noopener\">tulemused<\/a>, <a href=\"https:\/\/u-klubi.com\/u-klubi\/wp-content\/uploads\/2022\/04\/TallinnOpen_2022_results.pdf\" target=\"_blank\" rel=\"noopener\">tulemused<\/a> (pdf), <a href=\"https:\/\/u-klubi.com\/u-klubi\/wp-content\/uploads\/2022\/04\/TallinnOpen_2022_TOP.pdf\" target=\"_blank\" rel=\"noopener\">TOP 10<\/a>, <a href=\"https:\/\/u-klubi.com\/u-klubi\/wp-content\/uploads\/2022\/04\/TallinnOpen_2022_allPoints.pdf\" target=\"_blank\" rel=\"noopener\">k\u00f5ik punktid<\/a>\u00a0<\/p>\n<p><strong>28.-29.05.2022<\/strong> \u201cOtra Elpa\u201d ehk&#8221;Teine hingamine&#8221;, Valmiera, L\u00e4ti, 25 m, <a href=\"https:\/\/live.swimrankings.net\/33775\/?fbclid=IwAR0ErcdaYGgLwvMR1XtBXD-Ujg1dM-0CWhF4Xi1PWLigq8auSr1CEJVU3Mg\" target=\"_blank\" rel=\"noopener\">tulemused<\/a>,\u00a0 <a href=\"https:\/\/u-klubi.com\/u-klubi\/wp-content\/uploads\/2022\/05\/BestPerformance.pdf\" target=\"_blank\" rel=\"noopener\">edetabel punktide j\u00e4rgi<\/a><\/p>\n<p><strong>13.-14.08.<\/strong> Rezekne linna lahtised meisterujumise v\u00f5istlused, <a href=\"https:\/\/swimming.lv\/wp-content\/uploads\/2022\/08\/Rezult_Rezekne_13-14-08-2022.pdf\" target=\"_blank\" rel=\"noopener\">tulemused<\/a> (Paap, Kooskora)<\/p>\n<p><strong>25.08.-04.09.<\/strong> Meisterujumise EM, Rooma, Itaalia, <a href=\"https:\/\/history.u-klubi.com\/tiitlivoistlused\/index.php\/maailma-ja-euroopa-meistrivoistlused\/2022-tulemused\/\" target=\"_blank\" rel=\"noopener\">tulemused<\/a><\/p>\n<p><strong>30.09.-01.10.<\/strong> Nordic Maters Championships, T\u00f3rshavn, F\u00e4\u00e4ri saared,<a href=\"https:\/\/livetiming.se\/results.php?cid=6713&amp;session=0&amp;all=1\" target=\"_blank\" rel=\"noopener\"> tulemused<\/a><\/p>\n<p><strong>08.10.<\/strong> Atvasaras Relaks Ventspili 2022, <a href=\"https:\/\/live.swimrankings.net\/34805\/\" target=\"_blank\" rel=\"noopener\">tulemused<\/a> (Vantsi, Laht)<\/p>\n<p><strong>05.11.<\/strong> Copenhagen Open Masters, <a href=\"https:\/\/livetiming.dk\/results.php?cid=6963\" target=\"_blank\" rel=\"noopener\">tulemused<\/a>, (Paap, Kooskora)<\/p>\n<p><strong>12.11.<\/strong> Kokneses Rudens, <a href=\"https:\/\/live.swimrankings.net\/35468\/\" target=\"_blank\" rel=\"noopener\">tulemused<\/a>, (Vantsi, Brakmann, Laht, Luige, Bati\u0161t\u0161ev)<\/p>\n<p><strong>18.-20.11<\/strong>. Soome lahtised meisterujumise MV, <a href=\"https:\/\/www.livetiming.fi\/results.php?cid=6934&amp;session=0&amp;all=1\" target=\"_blank\" rel=\"noopener\">tulemused<\/a><\/p>\n<p><strong>26.-27.11.<\/strong> Leedu lahtised meisterujumise MV, <a href=\"https:\/\/u-klubi.com\/u-klubi\/wp-content\/uploads\/2023\/01\/LeeduMV2022-Veteranu-LC-rezultatai.pdf\" target=\"_blank\" rel=\"noopener\">tulemused<\/a> (Kulla)<\/p>\n<p><strong>10.12.<\/strong> Eesti lahtised masters MV ja Supermasters, <a href=\"https:\/\/www.swimrankings.net\/index.php?page=meetDetail&amp;meetId=634927\" target=\"_blank\" rel=\"noopener\">tulemused<\/a><\/p>\n<p>\u00a0<\/p>\n\n\n","protected":false},"excerpt":{"rendered":"<p>12.02.2022 Valtu Open 2022, Kaerapere, 25 m, tulemused 26.-27.03.2022 Soome meisterujumise MV, l\u00fchirada, Sein\u00e4joki, 25 m, tulemused, klubide arvestus 09.-10.04.2022 XXXIX Tallinna meisterujumise MV, N\u00f5mme, 25 m, tulemused, tulemused (pdf), TOP 10, k\u00f5ik punktid\u00a0 28.-29.05.2022 \u201cOtra Elpa\u201d ehk&#8221;Teine hingamine&#8221;, Valmiera, L\u00e4ti, 25 m, tulemused,\u00a0 edetabel punktide j\u00e4rgi 13.-14.08. Rezekne linna lahtised meisterujumise v\u00f5istlused, tulemused (Paap, &hellip; <a href=\"https:\/\/u-klubi.com\/u-klubi\/index.php\/tulemused\/tulemused-2022\/\" class=\"more-link\">Loe edasi<span class=\"screen-reader-text\"> &#8220;Tulemused 2022&#8221;<\/span><\/a><\/p>\n","protected":false},"author":1,"featured_media":0,"parent":471,"menu_order":0,"comment_status":"closed","ping_status":"closed","template":"","meta":{"_monsterinsights_skip_tracking":false,"_monsterinsights_sitenote_active":false,"_monsterinsights_sitenote_note":"","_monsterinsights_sitenote_category":0,"two_page_speed":[],"footnotes":""},"class_list":["post-1865","page","type-page","status-publish","hentry"],"_links":{"self":[{"href":"https:\/\/u-klubi.com\/u-klubi\/index.php\/wp-json\/wp\/v2\/pages\/1865","targetHints":{"allow":["GET"]}}],"collection":[{"href":"https:\/\/u-klubi.com\/u-klubi\/index.php\/wp-json\/wp\/v2\/pages"}],"about":[{"href":"https:\/\/u-klubi.com\/u-klubi\/index.php\/wp-json\/wp\/v2\/types\/page"}],"author":[{"embeddable":true,"href":"https:\/\/u-klubi.com\/u-klubi\/index.php\/wp-json\/wp\/v2\/users\/1"}],"replies":[{"embeddable":true,"href":"https:\/\/u-klubi.com\/u-klubi\/index.php\/wp-json\/wp\/v2\/comments?post=1865"}],"version-history":[{"count":10,"href":"https:\/\/u-klubi.com\/u-klubi\/index.php\/wp-json\/wp\/v2\/pages\/1865\/revisions"}],"predecessor-version":[{"id":2270,"href":"https:\/\/u-klubi.com\/u-klubi\/index.php\/wp-json\/wp\/v2\/pages\/1865\/revisions\/2270"}],"up":[{"embeddable":true,"href":"https:\/\/u-klubi.com\/u-klubi\/index.php\/wp-json\/wp\/v2\/pages\/471"}],"wp:attachment":[{"href":"https:\/\/u-klubi.com\/u-klubi\/index.php\/wp-json\/wp\/v2\/media?parent=1865"}],"curies":[{"name":"wp","href":"https:\/\/api.w.org\/{rel}","templated":true}]}}