{"id":19,"date":"2017-08-28T20:35:41","date_gmt":"2017-08-28T18:35:41","guid":{"rendered":"http:\/\/u-klubi.com\/u-klubi\/?page_id=19"},"modified":"2018-03-19T07:38:55","modified_gmt":"2018-03-19T05:38:55","slug":"voistlused-ja-tulemused","status":"publish","type":"page","link":"https:\/\/u-klubi.com\/u-klubi\/index.php\/voistlused-ja-tulemused\/","title":{"rendered":"V\u00f5istlused ja tulemused"},"content":{"rendered":"<h3 style=\"text-align: left;\">2017\/2018 hooaja v\u00f5istluste kalender<\/h3>\n<p><span style=\"font-size: 14pt;\"><strong>Oktoober 2017<\/strong><\/span><\/p>\n<p><strong>07.10.<\/strong> &#8220;ATVASARAS RELAKS VENTSPIL\u012a 2017&#8221;, Ventspils, L\u00e4ti, 25 m,\u00a0<a href=\"https:\/\/u-klubi.com\/u-klubi\/wp-content\/uploads\/2017\/08\/nolikums_ventspils2017_ru.pdf\" target=\"_blank\" rel=\"noopener\">juhend<\/a>, registreerimine kuni \u00a0 \u00a0 \u00a0 30.09.2017<\/p>\n<p><strong>14.-15.10.<\/strong> Luksemburgi meisterujumise MV, Luksemburg, 50 m, <a href=\"http:\/\/swimming.lv\/wp-content\/uploads\/2017\/09\/LuxOpenMaster2017.pdf\" target=\"_blank\" rel=\"noopener\">juhend<\/a><\/p>\n<p><strong>21.-22-10.<\/strong> Masters Open 2017, Kiiev, Ukraina,\u00a0<a href=\"https:\/\/u-klubi.com\/u-klubi\/wp-content\/uploads\/2017\/08\/invitation_kiev2017.pdf\" target=\"_blank\" rel=\"noopener\">juhend<\/a>, registreerimine kuni 19.10.2017<\/p>\n<p><strong>27.-29.10<\/strong>. Soome meisterujumise MV, pikk rada, Vantaa, Soome, 50 m,\u00a0<a href=\"http:\/\/www.vanders.fi\/masters-sm-2017\/\" target=\"_blank\" rel=\"noopener\">v\u00f5istluste koduleht<\/a>, <a href=\"https:\/\/u-klubi.com\/u-klubi\/wp-content\/uploads\/2017\/08\/Kilpailukutsu_Vantaa2017.pdf\" target=\"_blank\" rel=\"noopener\">juhend<\/a>, registreerimine kuni 18.10.2017<\/p>\n<p><span style=\"font-size: 14pt;\"><strong>November 2017<\/strong><\/span><\/p>\n<p><strong>11.11.<\/strong> &#8220;Kokneses rudens&#8221;, Koknese, L\u00e4ti, 25 m, <a href=\"https:\/\/u-klubi.com\/u-klubi\/wp-content\/uploads\/2017\/08\/nolikums_Koknese2017_ru.pdf\" target=\"_blank\" rel=\"noopener\">juhend_ru<\/a>, registreerimine kuni 06.11.2017<\/p>\n<p><strong>11.-12.11.<\/strong>\u00a0Leedu MV, Kaunas, Leedu, 50 m, <a href=\"https:\/\/u-klubi.com\/u-klubi\/wp-content\/uploads\/2017\/08\/litva-2017_announcement.pdf\" target=\"_blank\" rel=\"noopener\">juhend<\/a>, registreerimine kuni 05.11.2017<\/p>\n<p><strong>24.-26.11.<\/strong>\u00a0Venemaa Karikav\u00f5istlused, Kaasan, Venemaa, 25 m<\/p>\n<p><span style=\"font-size: 14pt;\"><strong>Detsember 2017<\/strong><\/span><\/p>\n<p><strong>09.12.<\/strong> Eesti MV, Supermasters, N\u00f5mme ujula, Tallinn, 25 m, <a href=\"https:\/\/u-klubi.com\/u-klubi\/wp-content\/uploads\/2017\/08\/Eesti_Masters_MV_juhend_2017.pdf\" target=\"_blank\" rel=\"noopener\">Eesti_Masters_MV_juhend_2017<\/a><\/p>\n<p>&nbsp;<\/p>\n<p><span style=\"font-size: 14pt;\"><strong>Jaanuar 2018<\/strong><\/span><\/p>\n<p><strong>06.-07.01.<\/strong>\u00a0 J\u00f5ulukarikas 2018, Sankt Peterburg, Venemaa, 25 m, <a href=\"http:\/\/swimmasters.ru\/main\/2017\/12\/rozhdestvenskij-kubok-2018-polozhenie\/\" target=\"_blank\" rel=\"noopener\">juhend<\/a><\/p>\n<p><strong>13.01.<\/strong>\u00a0II Balti Supermasters, Riia, L\u00e4ti, 25 m, <a href=\"http:\/\/swimming.lv\/wp-content\/uploads\/2017\/12\/Nolikums_SuperM_2018_RU.pdf\" target=\"_blank\" rel=\"noopener\">juhend\u00a0<\/a><\/p>\n<p><strong>20.01.<\/strong> Ujujate GALA<\/p>\n<p><strong>27.01.<\/strong> Sillam\u00e4e Open, <a href=\"https:\/\/u-klubi.com\/u-klubi\/wp-content\/uploads\/2017\/08\/Sillamae-Open-2018-juhend.pdf\" target=\"_blank\" rel=\"noopener\">juhend<\/a><\/p>\n<p><span style=\"font-size: 14pt;\"><strong>Veebruar 2018<\/strong><\/span><\/p>\n<p><strong>04.02<\/strong>. Olustvere <a href=\"https:\/\/u-klubi.com\/u-klubi\/index.php\/2017\/12\/20\/toivo-grosbergi-malestusvoistlused-2018\/\" target=\"_blank\" rel=\"noopener\">kutse<\/a><\/p>\n<p><strong>10.02.<\/strong> Valtu Open <a href=\"https:\/\/u-klubi.com\/u-klubi\/index.php\/2017\/12\/17\/valtu-open-2018\/\" target=\"_blank\" rel=\"noopener\">kutse<\/a><\/p>\n<p><strong>17.-18.02.<\/strong>\u00a0X Baltic Open Masters Championships\/Amber Cup, Riia, L\u00e4ti, 25 m, <a href=\"http:\/\/rigaambercup.lv\/\" target=\"_blank\" rel=\"noopener\">v\u00f5istluste koduleht<\/a>, <a href=\"https:\/\/u-klubi.com\/u-klubi\/wp-content\/uploads\/2017\/08\/Riga-Amber-Cup_Invitation.pdf\" target=\"_blank\" rel=\"noopener\">v\u00f5istluste info<\/a><\/p>\n<p><span style=\"font-size: 14pt;\"><strong>M\u00e4rts 2018<\/strong><\/span><\/p>\n<p><strong>23.-25.03.<\/strong> Soome meisterujumise meistriv\u00f5istlused, l\u00fchike rada, Salo, Soome, 25 m, <a href=\"http:\/\/www.uimaliitto.fi\/uinti\/arvokilpailut\/masters\/2017-2018\/\" target=\"_blank\" rel=\"noopener\">v\u00f5istluste info<\/a>, v\u00f5istluste <a href=\"https:\/\/www.salonuimarit.fi\/lyhyen-radan-masters-mestaruuski\/\" target=\"_blank\" rel=\"noopener\">koduleht<\/a><\/p>\n<p><span style=\"font-size: 14pt;\"><strong>Aprill 2018<\/strong><\/span><\/p>\n<p><strong>07.04.<\/strong> Supermasters , Balti karikasarja II etapp, Kaunas,\u00a0<a href=\"https:\/\/u-klubi.com\/u-klubi\/wp-content\/uploads\/2017\/08\/KaunasPF-FIRMIN-rusu-2018.pdf\" target=\"_blank\" rel=\"noopener\">juhend<\/a><\/p>\n<p><strong>14.-15.04<\/strong>. XXXV\u00a0Tallinna lahtised meisterujumise MV, N\u00f5mme, 25 m ujula, <a href=\"https:\/\/u-klubi.com\/u-klubi\/wp-content\/uploads\/2018\/03\/tallinn_est_2018.pdf\" target=\"_blank\" rel=\"noopener\">v\u00f5istluste info<\/a>\u00a0(et), <a href=\"https:\/\/u-klubi.com\/u-klubi\/wp-content\/uploads\/2018\/03\/tallinn_eng_2018.pdf\" target=\"_blank\" rel=\"noopener\">invitation<\/a> (en), registreerimise t\u00e4htaeg \/ deadline for registration\u00a0<span style=\"font-size: 12pt;\"><strong>04.04.2018<\/strong><\/span><\/p>\n<p><strong>27.-29.04.<\/strong> Venemaa meistriv\u00f5istlused, Obninsk, Kalu\u017eki oblast\u00a0(Moskva l\u00e4hedal), 50 m ujula, <a href=\"http:\/\/data.swim.ms\/meets\/299\" target=\"_blank\" rel=\"noopener\">v\u00f5istluste info<\/a><\/p>\n<p><span style=\"font-size: 14pt;\"><strong>Mai 2018<\/strong><\/span><\/p>\n<p><strong>12.05.<\/strong> Poola Supermasters<\/p>\n<p><strong>19.-20.05.<\/strong> &#8220;Teine hingamine&#8221;, Valmiera<\/p>\n<p><strong>26.-27.05.\u00a0<\/strong>\u00a0Lahtised L\u00e4ti meisterujumise meistriv\u00f5istlused, Riia, 50 m, <a href=\"http:\/\/swimming.lv\/wp-content\/uploads\/2017\/09\/L\u010c-vecmeistariem_en.pdf\" target=\"_blank\" rel=\"noopener\">juhend <\/a><\/p>\n<p><span style=\"font-size: 14pt;\"><strong>Juuni 2018<\/strong><\/span><\/p>\n<p>02.-03.06. XIII Rahvusvaheline meisterujumise\u00a0turniir &#8220;St-Petersburg OPEN 2018&#8221;, St-Peterburg, 50 m ujula, <a href=\"http:\/\/data.swim.ms\/meets\/304\" target=\"_blank\" rel=\"noopener\">v\u00f5istluste info<\/a><\/p>\n<p><span style=\"font-size: 14pt;\"><strong>September 2018<\/strong><\/span><\/p>\n<p><strong>02.-09.09.2018<\/strong> meisterujumise Euroopa Meistriv\u00f5istlused, Kranj, Bled, Sloveenia, 50 m ujula, <a href=\"http:\/\/www.emc2018.com\/en\/\" target=\"_blank\" rel=\"noopener\">v\u00f5istluste koduleht<\/a><\/p>\n<p><span style=\"font-size: 14pt;\"><strong>Oktoober 2018<\/strong><\/span><\/p>\n<p><strong>26.-28.10.<\/strong> Soome meisterujumise MV, pikk rada, Turu, 50 m<\/p>\n<p><span style=\"font-size: 14pt;\"><strong>August 2019<\/strong><\/span><\/p>\n<p><strong>05.-16.08.2019<\/strong> meisterujumise Maailma Meistriv\u00f5istlused, Gwangju, L\u00f5una-Korea, <a href=\"http:\/\/www.fina-gwangju2019.com\/menu\/103\/view.do;jsessionid=9E4D6822A75A0A59B0292A3A7EDE50D8\" target=\"_blank\" rel=\"noopener\">koduleht<\/a><\/p>\n<p>&nbsp;<\/p>\n<p>&nbsp;<\/p>\n","protected":false},"excerpt":{"rendered":"<p>2017\/2018 hooaja v\u00f5istluste kalender Oktoober 2017 07.10. &#8220;ATVASARAS RELAKS VENTSPIL\u012a 2017&#8221;, Ventspils, L\u00e4ti, 25 m,\u00a0juhend, registreerimine kuni \u00a0 \u00a0 \u00a0 30.09.2017 14.-15.10. Luksemburgi meisterujumise MV, Luksemburg, 50 m, juhend 21.-22-10. Masters Open 2017, Kiiev, Ukraina,\u00a0juhend, registreerimine kuni 19.10.2017 27.-29.10. Soome meisterujumise MV, pikk rada, Vantaa, Soome, 50 m,\u00a0v\u00f5istluste koduleht, juhend, registreerimine kuni 18.10.2017 November 2017 &hellip; <a href=\"https:\/\/u-klubi.com\/u-klubi\/index.php\/voistlused-ja-tulemused\/\" class=\"more-link\">Loe edasi<span class=\"screen-reader-text\"> &#8220;V\u00f5istlused ja tulemused&#8221;<\/span><\/a><\/p>\n","protected":false},"author":1,"featured_media":0,"parent":0,"menu_order":2,"comment_status":"closed","ping_status":"closed","template":"","meta":{"_monsterinsights_skip_tracking":false,"_monsterinsights_sitenote_active":false,"_monsterinsights_sitenote_note":"","_monsterinsights_sitenote_category":0,"two_page_speed":[],"footnotes":""},"class_list":["post-19","page","type-page","status-publish","hentry"],"_links":{"self":[{"href":"https:\/\/u-klubi.com\/u-klubi\/index.php\/wp-json\/wp\/v2\/pages\/19","targetHints":{"allow":["GET"]}}],"collection":[{"href":"https:\/\/u-klubi.com\/u-klubi\/index.php\/wp-json\/wp\/v2\/pages"}],"about":[{"href":"https:\/\/u-klubi.com\/u-klubi\/index.php\/wp-json\/wp\/v2\/types\/page"}],"author":[{"embeddable":true,"href":"https:\/\/u-klubi.com\/u-klubi\/index.php\/wp-json\/wp\/v2\/users\/1"}],"replies":[{"embeddable":true,"href":"https:\/\/u-klubi.com\/u-klubi\/index.php\/wp-json\/wp\/v2\/comments?post=19"}],"version-history":[{"count":29,"href":"https:\/\/u-klubi.com\/u-klubi\/index.php\/wp-json\/wp\/v2\/pages\/19\/revisions"}],"predecessor-version":[{"id":478,"href":"https:\/\/u-klubi.com\/u-klubi\/index.php\/wp-json\/wp\/v2\/pages\/19\/revisions\/478"}],"wp:attachment":[{"href":"https:\/\/u-klubi.com\/u-klubi\/index.php\/wp-json\/wp\/v2\/media?parent=19"}],"curies":[{"name":"wp","href":"https:\/\/api.w.org\/{rel}","templated":true}]}}