{"id":190,"date":"2017-10-01T14:36:29","date_gmt":"2017-10-01T12:36:29","guid":{"rendered":"http:\/\/u-klubi.com\/u-klubi\/?page_id=190"},"modified":"2025-12-30T11:20:13","modified_gmt":"2025-12-30T09:20:13","slug":"oktoobrikuu-sunnipaevalapsed-2017","status":"publish","type":"page","link":"https:\/\/u-klubi.com\/u-klubi\/index.php\/meist\/voistlused-2\/oktoobrikuu-sunnipaevalapsed-2017\/","title":{"rendered":"Oktoobrikuu s\u00fcnnip\u00e4evad, 2026"},"content":{"rendered":"<p>1. oktoober Jukka Laikkari<br \/>\n4. oktoober Sirje Eirand<br \/>\n6. oktoober Rita Miront\u0161enko<br \/>\n7. oktoober Anu Sakala<br \/>\n8. oktoober Aleksandr Gu\u0161t\u0161in<span style=\"color: #ff0000;\"><br \/>\n<\/span>12. oktoober Margarita Bere\u017eevskaja<br \/>\n25. oktoober Innar Malleus<br \/>\n25. oktoober Eili Paap<\/p>\n<p><strong>PALJU \u00d5NNE!<\/strong><\/p>\n<p><img loading=\"lazy\" decoding=\"async\" class=\"alignnone size-medium wp-image-191\" src=\"https:\/\/u-klubi.com\/u-klubi\/wp-content\/uploads\/2017\/10\/Lill-300x191.jpg\" alt=\"\" width=\"300\" height=\"191\" srcset=\"https:\/\/u-klubi.com\/u-klubi\/wp-content\/uploads\/2017\/10\/Lill-300x191.jpg 300w, https:\/\/u-klubi.com\/u-klubi\/wp-content\/uploads\/2017\/10\/Lill-768x490.jpg 768w, https:\/\/u-klubi.com\/u-klubi\/wp-content\/uploads\/2017\/10\/Lill.jpg 942w\" sizes=\"auto, (max-width: 300px) 85vw, 300px\" \/><\/p>\n","protected":false},"excerpt":{"rendered":"<p>1. oktoober Jukka Laikkari 4. oktoober Sirje Eirand 6. oktoober Rita Miront\u0161enko 7. oktoober Anu Sakala 8. oktoober Aleksandr Gu\u0161t\u0161in 12. oktoober Margarita Bere\u017eevskaja 25. oktoober Innar Malleus 25. oktoober Eili Paap PALJU \u00d5NNE!<\/p>\n","protected":false},"author":1,"featured_media":0,"parent":14,"menu_order":11,"comment_status":"closed","ping_status":"closed","template":"","meta":{"_monsterinsights_skip_tracking":false,"_monsterinsights_sitenote_active":false,"_monsterinsights_sitenote_note":"","_monsterinsights_sitenote_category":0,"two_page_speed":[],"footnotes":""},"class_list":["post-190","page","type-page","status-publish","hentry"],"_links":{"self":[{"href":"https:\/\/u-klubi.com\/u-klubi\/index.php\/wp-json\/wp\/v2\/pages\/190","targetHints":{"allow":["GET"]}}],"collection":[{"href":"https:\/\/u-klubi.com\/u-klubi\/index.php\/wp-json\/wp\/v2\/pages"}],"about":[{"href":"https:\/\/u-klubi.com\/u-klubi\/index.php\/wp-json\/wp\/v2\/types\/page"}],"author":[{"embeddable":true,"href":"https:\/\/u-klubi.com\/u-klubi\/index.php\/wp-json\/wp\/v2\/users\/1"}],"replies":[{"embeddable":true,"href":"https:\/\/u-klubi.com\/u-klubi\/index.php\/wp-json\/wp\/v2\/comments?post=190"}],"version-history":[{"count":12,"href":"https:\/\/u-klubi.com\/u-klubi\/index.php\/wp-json\/wp\/v2\/pages\/190\/revisions"}],"predecessor-version":[{"id":2753,"href":"https:\/\/u-klubi.com\/u-klubi\/index.php\/wp-json\/wp\/v2\/pages\/190\/revisions\/2753"}],"up":[{"embeddable":true,"href":"https:\/\/u-klubi.com\/u-klubi\/index.php\/wp-json\/wp\/v2\/pages\/14"}],"wp:attachment":[{"href":"https:\/\/u-klubi.com\/u-klubi\/index.php\/wp-json\/wp\/v2\/media?parent=190"}],"curies":[{"name":"wp","href":"https:\/\/api.w.org\/{rel}","templated":true}]}}