{"id":2071,"date":"2023-01-18T19:00:00","date_gmt":"2023-01-18T17:00:00","guid":{"rendered":"https:\/\/u-klubi.com\/u-klubi\/?page_id=2071"},"modified":"2024-11-05T20:18:03","modified_gmt":"2024-11-05T18:18:03","slug":"tulemused-2023","status":"publish","type":"page","link":"https:\/\/u-klubi.com\/u-klubi\/index.php\/tulemused\/tulemused-2023\/","title":{"rendered":"Tulemused 2023"},"content":{"rendered":"\n<p><strong>14.01.<\/strong> T. Grosbergi m\u00e4lestusv\u00f5istlused, Sakalamaa Angerjas I etapp, <a href=\"https:\/\/live.swimrankings.net\/36330\/\" target=\"_blank\" rel=\"noopener\">tulemused<\/a><\/p>\n<p><strong>14.01.<\/strong> Viriilit Vintsat, Espoonlahti, Espoo, Soome, 25 m, <a href=\"https:\/\/www.livetiming.se\/results.php?cid=7115\" target=\"_blank\" rel=\"noopener\">tulemused<\/a> (Vallemaa)<\/p>\n<p><strong>04.03.<\/strong> 38. Eesti omavalitsuste talim\u00e4ngud, ujumine Tartus, <a href=\"https:\/\/u-klubi.com\/u-klubi\/wp-content\/uploads\/2024\/03\/2023_talimangud_ujumine_tulemused.pdf\" target=\"_blank\" rel=\"noopener\">tulemused<\/a><\/p>\n<p><strong>11.03.<\/strong> Valtu Open, Kaerapere 25 m, <a href=\"https:\/\/u-klubi.com\/u-klubi\/wp-content\/uploads\/2023\/03\/Valtu2023_tulemused.pdf\" target=\"_blank\" rel=\"noopener\">tulemused<\/a><\/p>\n<p><strong>24.-26.03.<\/strong> Soome l\u00fchiraja mastersujumise meistriv\u00f5istlused, Lappeenrantaa, Soome, 25 m, <a href=\"https:\/\/livetiming.fi\/results.php?cid=7264&amp;session=0&amp;all=1\" target=\"_blank\" rel=\"noopener\">tulemused<\/a><\/p>\n<p><strong>25.-26.03.<\/strong> Amber Cup 2023, Riia, 25 m, <a href=\"https:\/\/u-klubi.com\/u-klubi\/wp-content\/uploads\/2023\/03\/13BAC_Results.pdf\" target=\"_blank\" rel=\"noopener\">tulemused<\/a>, <a href=\"https:\/\/u-klubi.com\/u-klubi\/wp-content\/uploads\/2023\/03\/13BAC_TOP.pdf\" target=\"_blank\" rel=\"noopener\">TOP<\/a>, <a href=\"https:\/\/u-klubi.com\/u-klubi\/wp-content\/uploads\/2023\/03\/13BAC_Team_scoring.pdf\" target=\"_blank\" rel=\"noopener\">v\u00f5istkondlik arvestus<\/a><\/p>\n<p><strong>26.03.<\/strong> Harjumaa meistriv\u00f5istlused, Keila, 25 m, <a href=\"http:\/\/www.harjusport.ee\/kalender\/245\" target=\"_blank\" rel=\"noopener\">tulemused<\/a> (Tere\u0161t\u0161enkov)<\/p>\n<p><strong>15.-16.04.<\/strong> 40. Tallinna lahtised meisterujumise MV, N\u00f5mme, 25 m, <a href=\"https:\/\/u-klubi.com\/u-klubi\/wp-content\/uploads\/2023\/04\/Tallinn2023_results-2.pdf\" target=\"_blank\" rel=\"noopener\">tulemused<\/a>, <a href=\"https:\/\/u-klubi.com\/u-klubi\/wp-content\/uploads\/2023\/04\/Tallinn2023_TOP-points.pdf\" target=\"_blank\" rel=\"noopener\">TOP10<\/a> naised ja mehed<\/p>\n<p><strong>29.-30.04.<\/strong> L\u00e4ti lahtised masterujumise meistriv\u00f5istlused, Riia, L\u00e4ti, 50 m, <a href=\"https:\/\/www.swimrankings.net\/index.php?page=meetDetail&amp;meetId=637728\" target=\"_blank\" rel=\"noopener\">tulemused<\/a><\/p>\n<p><strong>13.05.<\/strong> Vantaa Meet, Vantaa, Soome, 25 m, <a href=\"https:\/\/livetiming.fi\/results.php?cid=7348\" target=\"_blank\" rel=\"noopener\">tulemused<\/a><\/p>\n<p><strong>13.-14.05.<\/strong>\u00a0Leedu mastersujumise meistriv\u00f5istlused, Kaunas, Leedu, 50 m<\/p>\n<p><strong>27.05.<\/strong> \u201cTeine hingamine\u201d \u2013 \u201cOtr\u0101 elpa\u201d, Valmiera, L\u00e4ti, 25 m, <a href=\"https:\/\/swimming.lv\/wp-content\/uploads\/2023\/05\/26Oe_Results.pdf\" target=\"_blank\" rel=\"noopener\">tulemused<\/a><\/p>\n<p><strong>17.06.<\/strong> \u201cHope Swimming 2023\u201d, Klaipeda, Leedu, 25 m, <a href=\"https:\/\/u-klubi.com\/u-klubi\/wp-content\/uploads\/2023\/06\/Viltis2023Rezultatai.pdf\" target=\"_blank\" rel=\"noopener\">tulemused<\/a>, <a href=\"https:\/\/u-klubi.com\/u-klubi\/wp-content\/uploads\/2023\/06\/Viltis2023TOP5x2.pdf\" target=\"_blank\" rel=\"noopener\">TOP5+5<\/a> naised ja mehed (Vantsi, Tikkerb\u00e4r, Laht)<\/p>\n<p><strong>06.-09.07.\u00a0<\/strong> Euroopa masters m\u00e4ngud, Tampere, Soome 50 m, <a href=\"https:\/\/www.emg2023.fi\/wp-content\/uploads\/EMG23-Swimming-Results.pdf\" target=\"_blank\" rel=\"noopener\">tulemused<\/a><\/p>\n<p><strong>02.-11.08.<\/strong> Mastersujumise maailmameistriv\u00f5istlused, Fukuoka, Kyushu, Jaapan, 50 m, <a href=\"https:\/\/www.worldaquatics.com\/masters\/2023-masters-championships\" target=\"_blank\" rel=\"noopener\">tulemused<\/a><\/p>\n<p><strong>12.-13.08.<\/strong>\u00a0 Rezekne linna lahtised mastersujumise v\u00f5istlused, Rezekne, L\u00e4ti, 25 m, <a href=\"https:\/\/www.swimrankings.net\/index.php?page=meetDetail&amp;meetId=639842\" target=\"_blank\" rel=\"noopener\">tulemused<\/a><\/p>\n<p><strong>23.09.<\/strong>\u00a0Spordin\u00e4dala masters-ujumise p\u00e4ev, N\u00f5mme ujula, Tallinn, 25 m,\u00a0<\/p>\n<p><strong>30. 09.-01.10.<\/strong> Nordic Open Masters 2023, Kopenhaagen, Taani, 25 m, <a href=\"https:\/\/livetiming.fi\/results.php?cid=7495&amp;session=1\" target=\"_blank\" rel=\"noopener\">tulemused<\/a><\/p>\n<p><strong>14.10<\/strong>. \u201cAtvasaras Relaks Ventspils 2023\u201d, Ventspils, L\u00e4ti, 25 m,\u00a0<\/p>\n<p><strong>27.-29.10.<\/strong> Soome lahtised mastersujumise meistriv\u00f5istlused, Tikkurila, Vantaa, Soome, 50 m, <a href=\"https:\/\/livetiming.fi\/results.php?cid=7693&amp;session=0&amp;all=1\" target=\"_blank\" rel=\"noopener\">tulemused<\/a><\/p>\n<p><strong>04.11.<\/strong>\u00a0Copenhagen Open Masters 2023, Kastrup, Taani,\u00a0<\/p>\n<p><strong>11.11.<\/strong> Kokneses Rudens 2023, Koknese, L\u00e4ti, <a href=\"https:\/\/live.swimrankings.net\/39917\/\" target=\"_blank\" rel=\"noopener\">tulemused<\/a><\/p>\n<p><strong>11.11.<\/strong>\u00a0P\u00e4rnumaa meistriv\u00f5istlused ujumises (mastersitele on v\u00f5istlused lahtised), P\u00e4rnu, 25 m,\u00a0<\/p>\n<p><strong>19.-25.11.<\/strong>\u00a0Euroopa mastersite l\u00fchiraja v\u00f5istlused, Madeira, Portugal, 25 m,\u00a0\u00a0<\/p>\n<p><strong>02.12.<\/strong> Leedu l\u00fchiraja mastersujumise meistriv\u00f5istlused, Druskininkai, Leedu, 25 m, <a href=\"https:\/\/ltuaquatics.com\/wp-content\/uploads\/2023\/01\/Lithuanian-Open-Masters-Short-Course-Swimming-Championships-2023-SCM-Results.pdf\" target=\"_blank\" rel=\"noopener\">tulemused<\/a><\/p>\n<p><strong>09.12.\u00a0<\/strong> Eesti mastersujumise meistriv\u00f5istlused, Supermasters, N\u00f5mme, Tallinn, 25 m, <a href=\"https:\/\/u-klubi.com\/u-klubi\/wp-content\/uploads\/2024\/11\/EstMasters2023_tulemused.pdf\" target=\"_blank\" rel=\"noopener\">tulemused<\/a>, <a href=\"https:\/\/u-klubi.com\/u-klubi\/wp-content\/uploads\/2024\/11\/supermeister2023_tulemused.pdf\" target=\"_blank\" rel=\"noopener\">Supermasters arvestus<\/a><\/p>\n\n\n","protected":false},"excerpt":{"rendered":"<p>14.01. T. Grosbergi m\u00e4lestusv\u00f5istlused, Sakalamaa Angerjas I etapp, tulemused 14.01. Viriilit Vintsat, Espoonlahti, Espoo, Soome, 25 m, tulemused (Vallemaa) 04.03. 38. Eesti omavalitsuste talim\u00e4ngud, ujumine Tartus, tulemused 11.03. Valtu Open, Kaerapere 25 m, tulemused 24.-26.03. Soome l\u00fchiraja mastersujumise meistriv\u00f5istlused, Lappeenrantaa, Soome, 25 m, tulemused 25.-26.03. Amber Cup 2023, Riia, 25 m, tulemused, TOP, v\u00f5istkondlik arvestus &hellip; <a href=\"https:\/\/u-klubi.com\/u-klubi\/index.php\/tulemused\/tulemused-2023\/\" class=\"more-link\">Loe edasi<span class=\"screen-reader-text\"> &#8220;Tulemused 2023&#8221;<\/span><\/a><\/p>\n","protected":false},"author":1,"featured_media":0,"parent":471,"menu_order":1,"comment_status":"closed","ping_status":"closed","template":"","meta":{"_monsterinsights_skip_tracking":false,"_monsterinsights_sitenote_active":false,"_monsterinsights_sitenote_note":"","_monsterinsights_sitenote_category":0,"two_page_speed":[],"footnotes":""},"class_list":["post-2071","page","type-page","status-publish","hentry"],"_links":{"self":[{"href":"https:\/\/u-klubi.com\/u-klubi\/index.php\/wp-json\/wp\/v2\/pages\/2071","targetHints":{"allow":["GET"]}}],"collection":[{"href":"https:\/\/u-klubi.com\/u-klubi\/index.php\/wp-json\/wp\/v2\/pages"}],"about":[{"href":"https:\/\/u-klubi.com\/u-klubi\/index.php\/wp-json\/wp\/v2\/types\/page"}],"author":[{"embeddable":true,"href":"https:\/\/u-klubi.com\/u-klubi\/index.php\/wp-json\/wp\/v2\/users\/1"}],"replies":[{"embeddable":true,"href":"https:\/\/u-klubi.com\/u-klubi\/index.php\/wp-json\/wp\/v2\/comments?post=2071"}],"version-history":[{"count":11,"href":"https:\/\/u-klubi.com\/u-klubi\/index.php\/wp-json\/wp\/v2\/pages\/2071\/revisions"}],"predecessor-version":[{"id":2508,"href":"https:\/\/u-klubi.com\/u-klubi\/index.php\/wp-json\/wp\/v2\/pages\/2071\/revisions\/2508"}],"up":[{"embeddable":true,"href":"https:\/\/u-klubi.com\/u-klubi\/index.php\/wp-json\/wp\/v2\/pages\/471"}],"wp:attachment":[{"href":"https:\/\/u-klubi.com\/u-klubi\/index.php\/wp-json\/wp\/v2\/media?parent=2071"}],"curies":[{"name":"wp","href":"https:\/\/api.w.org\/{rel}","templated":true}]}}