{"id":24,"date":"2017-08-28T20:33:22","date_gmt":"2017-08-28T18:33:22","guid":{"rendered":"http:\/\/u-klubi.com\/u-klubi\/?page_id=24"},"modified":"2018-02-07T21:45:19","modified_gmt":"2018-02-07T19:45:19","slug":"tulemused_2017","status":"publish","type":"page","link":"https:\/\/u-klubi.com\/u-klubi\/index.php\/voistlused-ja-tulemused\/tulemused_2017\/","title":{"rendered":"Tulemused 2017"},"content":{"rendered":"<h5>17.01.2017 XI Toivo Grosbergi m\u00e4lestusv\u00f5istlused, Viljandi Jakobsoni kool, 25 m ujula,\u00a0<a href=\"https:\/\/u-klubi.com\/u-klubi\/wp-content\/uploads\/2017\/08\/170121_grosberg-2.pdf\" target=\"_blank\" rel=\"noopener\">tulemused\u00a0<\/a><\/h5>\n<h5><strong>04.02.2017 Valtu Open, 25 m,\u00a0\u00a0<a href=\"https:\/\/u-klubi.com\/u-klubi\/wp-content\/uploads\/2017\/08\/170204-valtu-1.pdf\" target=\"_blank\" rel=\"noopener\">tulemused<\/a><\/strong><\/h5>\n<h5>27.-29.10.2017 Soome pikaraja meisterujumise meistriv\u00f5istlused, Tikkurila-Vantaa, Soome, 50 m ujula<\/h5>\n<p style=\"padding-left: 60px;\">27.-29.10.2017 toimusid Vantaas, <a href=\"http:\/\/www.vantaa.fi\/vapaa-aika\/liikunta\/uimahallit_ja_kuntosalit\/tikkurilan_uimahalli_ja_kuntosali\" target=\"_blank\" rel=\"noopener\">Tikkurila 50 m ujulas<\/a>\u00a0Soome meisterujumise meistriv\u00f5istlused. U-klubi esindasid sel korral Eve-Mai Maurer (80-84), Sirje Voolmaa (60-64), Kaia Kulla (54-59), Anu Sakala (50-54), Eili Paap (40-44), Kristiina Arusoo (35-39),\u00a0Mihkel Virkus (75-79), Olav Lukin (70-74), Lembit Laht (65-69), Aksel Luige (65-69), Peep Kesk\u00fcla (60-64), Ossi Vallemaa (60-64) ja Marko Paap (35-39).<\/p>\n<p style=\"padding-left: 60px;\">V\u00e4simatult esines seekord 9 stardiga Peep, kes p\u00e4rjati seitsmekordseks Soome meistriks, millest 4 oli individuaalsed esikohad (50 ja 100 delfiini, 50 selili ja 200 kompleksi) ja 3 v\u00f5istkondlikku. Lisaks sai Peep veel kaks 2. kohta.<\/p>\n<p style=\"padding-left: 60px;\">Viiekordseks Soome meistriks tuli Kaia (3 olid individuaalsed &#8211; 50, 100 ja 200 rinnuli). Neljakordseks Soome meistriks tulid Olav (3 individuaalsed &#8211; 50, 100 ja 200 delfiini) ja Lembit (2 individuaalsed &#8211; 400 kompleksi ja 200 rinnuli) ning kahekordseks Soome meistriks tuli Eve-Mai (50 ja 100 rinnuli).<\/p>\n<p style=\"padding-left: 60px;\">V\u00f5istkondlikult tulid Soome meistriteks ja said medalid kaela veel Sirje, Aksel ja Mihkel.<\/p>\n<p style=\"padding-left: 60px;\">Kuigi k\u00f5ik ei tulnud meistriteks, siis \u00fckski U-klubilane medalist ilma ei j\u00e4\u00e4nud &#8211; ka 2. ja 3. koht oli v\u00e4\u00e4rt medalit.<\/p>\n<p>K\u00f5ik <a href=\"https:\/\/www.livetiming.fi\/results.php?cid=3510&amp;session=0&amp;all=1\" target=\"_blank\" rel=\"noopener\">tulemused<\/a><\/p>\n","protected":false},"excerpt":{"rendered":"<p>17.01.2017 XI Toivo Grosbergi m\u00e4lestusv\u00f5istlused, Viljandi Jakobsoni kool, 25 m ujula,\u00a0tulemused\u00a0 04.02.2017 Valtu Open, 25 m,\u00a0\u00a0tulemused 27.-29.10.2017 Soome pikaraja meisterujumise meistriv\u00f5istlused, Tikkurila-Vantaa, Soome, 50 m ujula 27.-29.10.2017 toimusid Vantaas, Tikkurila 50 m ujulas\u00a0Soome meisterujumise meistriv\u00f5istlused. U-klubi esindasid sel korral Eve-Mai Maurer (80-84), Sirje Voolmaa (60-64), Kaia Kulla (54-59), Anu Sakala (50-54), Eili Paap (40-44), Kristiina &hellip; <a href=\"https:\/\/u-klubi.com\/u-klubi\/index.php\/voistlused-ja-tulemused\/tulemused_2017\/\" class=\"more-link\">Loe edasi<span class=\"screen-reader-text\"> &#8220;Tulemused 2017&#8221;<\/span><\/a><\/p>\n","protected":false},"author":1,"featured_media":0,"parent":19,"menu_order":3,"comment_status":"closed","ping_status":"closed","template":"","meta":{"_monsterinsights_skip_tracking":false,"_monsterinsights_sitenote_active":false,"_monsterinsights_sitenote_note":"","_monsterinsights_sitenote_category":0,"two_page_speed":[],"footnotes":""},"class_list":["post-24","page","type-page","status-publish","hentry"],"_links":{"self":[{"href":"https:\/\/u-klubi.com\/u-klubi\/index.php\/wp-json\/wp\/v2\/pages\/24","targetHints":{"allow":["GET"]}}],"collection":[{"href":"https:\/\/u-klubi.com\/u-klubi\/index.php\/wp-json\/wp\/v2\/pages"}],"about":[{"href":"https:\/\/u-klubi.com\/u-klubi\/index.php\/wp-json\/wp\/v2\/types\/page"}],"author":[{"embeddable":true,"href":"https:\/\/u-klubi.com\/u-klubi\/index.php\/wp-json\/wp\/v2\/users\/1"}],"replies":[{"embeddable":true,"href":"https:\/\/u-klubi.com\/u-klubi\/index.php\/wp-json\/wp\/v2\/comments?post=24"}],"version-history":[{"count":8,"href":"https:\/\/u-klubi.com\/u-klubi\/index.php\/wp-json\/wp\/v2\/pages\/24\/revisions"}],"predecessor-version":[{"id":369,"href":"https:\/\/u-klubi.com\/u-klubi\/index.php\/wp-json\/wp\/v2\/pages\/24\/revisions\/369"}],"up":[{"embeddable":true,"href":"https:\/\/u-klubi.com\/u-klubi\/index.php\/wp-json\/wp\/v2\/pages\/19"}],"wp:attachment":[{"href":"https:\/\/u-klubi.com\/u-klubi\/index.php\/wp-json\/wp\/v2\/media?parent=24"}],"curies":[{"name":"wp","href":"https:\/\/api.w.org\/{rel}","templated":true}]}}