{"id":2472,"date":"2024-09-09T18:16:37","date_gmt":"2024-09-09T16:16:37","guid":{"rendered":"https:\/\/u-klubi.com\/u-klubi\/?page_id=2472"},"modified":"2026-01-13T11:52:48","modified_gmt":"2026-01-13T09:52:48","slug":"2025-mastersite-voistluskalender","status":"publish","type":"page","link":"https:\/\/u-klubi.com\/u-klubi\/index.php\/voistluskalender\/2025-mastersite-voistluskalender\/","title":{"rendered":"2025 mastersite v\u00f5istluskalender"},"content":{"rendered":"\n<h1 class=\"wp-block-heading\">&nbsp;<\/h1>\n\n\n\n<h4><strong>JAANUAR<\/strong><\/h4>\n<p><strong>18.01.<\/strong> EUL Gala<\/p>\n<p><strong>25.01.<\/strong> Sillam\u00e4e Open 2025, Sillam\u00e4e, 25 m, <a href=\"https:\/\/u-klubi.com\/u-klubi\/wp-content\/uploads\/2025\/01\/Sillamae_Open_2025-juhend.doc\" target=\"_blank\" rel=\"noopener\">juhend<\/a><\/p>\n<h4><strong>VEEBRUAR<\/strong><\/h4>\n<p><strong>01.02. <\/strong>T. Grosbergi m\u00e4lestus\u00f5htu, Suure-Jaani, 25 m, millele j\u00e4rgneb\u00a0 U-Klubi uusaastapidu, Olustvere Leivakojas<\/p>\n<p><strong>13.02.\u00a0<\/strong>Seeniorpordiliidu autasustamis\u00fcritus, Tallinn, \u00d5petajate maja<\/p>\n<p><strong>15.02.<\/strong> Valtu Open 2025, Kaerapere, 25 m, <a href=\"https:\/\/u-klubi.com\/u-klubi\/wp-content\/uploads\/2025\/02\/ValtuOpen2025_juhend_.pdf\" target=\"_blank\" rel=\"noopener\">juhend<\/a><\/p>\n<h4><strong>M\u00c4RTS<\/strong><\/h4>\n<p><strong>01.03. <\/strong>Eesti omavalitsuste talim\u00e4ngud, Tartu, Aura Keskus, 25 m, <a href=\"https:\/\/joud.ee\/et\/voistlused\/15.-eestimaa-talimangud\/79\" target=\"_blank\" rel=\"noopener\">koduleht<\/a><\/p>\n<p><strong>0<\/strong><strong>8.-09.03.<\/strong> &#8220;Amber Cup 2025&#8221;, Riia, L\u00e4ti, 25 m, <a href=\"https:\/\/www.facebook.com\/events\/1168423514458836\" target=\"_blank\" rel=\"noopener\">FB<\/a>, <a href=\"https:\/\/u-klubi.com\/u-klubi\/wp-content\/uploads\/2025\/02\/Nolikums_AMBER_2025_17janv_EN_170125.pdf\" target=\"_blank\" rel=\"noopener\">juhend<\/a><\/p>\n<p><strong>28.-30.03.<\/strong> Soome mastersujumise MV,\u00a0 Jyv\u00e4skyl\u00e4, Soome, 25 m, <a href=\"https:\/\/www.facebook.com\/groups\/37780503596\/permalink\/10161157530498597\" target=\"_blank\" rel=\"noopener\">FB<\/a>,\u00a0 <a href=\"https:\/\/d2t6wyhz55tig8.cloudfront.net\/assets\/files\/28523\/invitation_masters_champions_25m_jyvaskyla_2025.pdf\" target=\"_blank\" rel=\"noopener\">juhend<\/a><\/p>\n<h4>APRILL<\/h4>\n<p><strong>12.-13.04.<\/strong> Tallinna lahtised mastersujumise MV, N\u00f5mme, 25 m, <a href=\"https:\/\/u-klubi.com\/u-klubi\/wp-content\/uploads\/2025\/03\/tallinn_est_2025_v02.pdf\" target=\"_blank\" rel=\"noopener\">juhend<\/a>, <a href=\"https:\/\/u-klubi.com\/u-klubi\/wp-content\/uploads\/2025\/03\/tallinn_eng_2025_v02.pdf\" target=\"_blank\" rel=\"noopener\">invitation<\/a><\/p>\n<p><strong>26.04.<\/strong>\u00a0Riia Supermasters 2025, Riia, L\u00e4ti, 25 m, <a href=\"https:\/\/swimming.lv\/wp-content\/uploads\/2025\/03\/2025_nolikums_supermasters_lv_4.pdf\" target=\"_blank\" rel=\"noopener\">juhend<\/a><\/p>\n<h4>MAI<\/h4>\n<p><strong>03.-04.05.<\/strong> L\u00e4ti lahtised mastersujumise MV, Riia, L\u00e4ti, 50 m, <a href=\"https:\/\/u-klubi.com\/u-klubi\/wp-content\/uploads\/2025\/04\/LC-vecmeistariem_en_MT_2024-ENG1_v2.pdf\" target=\"_blank\" rel=\"noopener\">juhend<\/a><\/p>\n<p><strong>10.-11.05.<\/strong> Leedu lahtised mastersujumise MV, Kaunas, Leedu, 50 m, <a href=\"https:\/\/klubastakas.lt\/wp-content\/uploads\/2014\/11\/LTU_Masters-2025-50m-baseinas.pdf\" target=\"_blank\" rel=\"noopener\">juhend<\/a><\/p>\n<p><strong>24.-25.05.<\/strong> &#8220;Otra elpa&#8221; \/ &#8220;Teine hingamine&#8221;, Valmiera, L\u00e4ti, 25 m, <a href=\"https:\/\/u-klubi.com\/u-klubi\/wp-content\/uploads\/2025\/04\/Nolikums_otra.elpa2025_Eng.pdf\" target=\"_blank\" rel=\"noopener\">juhend<\/a><\/p>\n<h4>JUUNI<\/h4>\n<p><strong>07.06.<\/strong> Eesti mastersujumise MV, Tartu, Eesti, 50 m, <a href=\"https:\/\/u-klubi.com\/u-klubi\/wp-content\/uploads\/2025\/04\/MastersMV_2025_LC.pdf\" target=\"_blank\" rel=\"noopener\">juhend<\/a>, <a href=\"https:\/\/swimming.ee\/wp-content\/uploads\/2025\/01\/Masters-eng.pdf\" target=\"_blank\" rel=\"noopener\">invitation<\/a><\/p>\n<p><strong>14.06.<\/strong> &#8220;Vilties plaukimas 2025&#8221; &#8211; Lootuse ujumine 2025, Palanga, Leedu, <a href=\"https:\/\/u-klubi.com\/u-klubi\/wp-content\/uploads\/2025\/05\/2025_m_Vilties_Plaukimas_Nuostatai_Part1.pdf\" target=\"_blank\" rel=\"noopener\">kutse<\/a>, <a href=\"https:\/\/u-klubi.com\/u-klubi\/wp-content\/uploads\/2025\/05\/2025_m_Vilties_Plaukimas_paraiska_megejams.pdf\" target=\"_blank\" rel=\"noopener\">registreerimise leht<\/a> (k\u00f5ik leedu keeles)<\/p>\n<p><strong>21..06.<\/strong> XIX. Rostock Masters Sprnt Cup, Rostock, Saksamaa, 25 m, <a href=\"https:\/\/www.facebook.com\/events\/580621658054086\" target=\"_blank\" rel=\"noopener\">FB<\/a><\/p>\n<h4>JUULI-AUGUST<\/h4>\n<p><strong>26.07.-22.08<\/strong> FINA World Masters Championships 2025, Kallang, Singapur<br \/><strong>sh ujumine 07.-14.08.<\/strong> ja avaveeujumine <strong>26.-27.07.<\/strong>, <a href=\"https:\/\/www.worldaquatics.com\/news\/4059989\/competition-dates-announced-for-the-world-aquatics-masters-championships-singapore-2025?fbclid=IwY2xjawFL9kFleHRuA2FlbQIxMAABHSUfp7PkpNK7zx_NFN9ExU0sKidFGLGYYKu-67kcyQY-wG7st0hqABNWhg_aem_swFiXMO1DWvIuV08GUyJig\" target=\"_blank\" rel=\"noopener\">teavitus<\/a>, <a href=\"https:\/\/resources.fina.org\/fina\/document\/2025\/03\/03\/ec9e7307-5eae-4154-8917-82407683b27a\/Masters-Bulletin-ver-4.0-updated-28-Feb-2025-.pdf\" target=\"_blank\" rel=\"noopener\">infob\u00fcllet\u00e4\u00e4n<\/a>, <a href=\"https:\/\/www.worldaquatics-singapore2025.com\/masters\" target=\"_blank\" rel=\"noopener\">v\u00f5istluste leht<\/a><\/p>\n<h4><span style=\"color: revert; font-size: 1.1875rem; letter-spacing: 0.131579em;\">SEPTEMBER<\/span><\/h4>\n<h4>OKTOOBER<\/h4>\n<p><strong>10.-11.10.<\/strong> \u00a0P\u00f5hjamaade masters ujumise MV, Tallinn, <a href=\"https:\/\/u-klubi.com\/u-klubi\/wp-content\/uploads\/2025\/06\/NOM2025final-1-003.pdf\" target=\"_blank\" rel=\"noopener\">invitation<\/a><\/p>\n<h4><span style=\"color: revert; font-size: 1.1875rem; letter-spacing: 0.131579em;\">NOVEMBER<\/span><\/h4>\n<p><strong>08.11.<\/strong> P\u00e4rnumaa meistriv\u00f5istlused, P\u00e4rnu, 25 m, <a href=\"https:\/\/u-klubi.com\/u-klubi\/wp-content\/uploads\/2025\/10\/2025-Parnumaa-MV-ujumine.pdf\" target=\"_blank\" rel=\"noopener\">juhend<\/a><br \/><em>Mastersite<\/em>\u00a0arvestuses on avatud k\u00f5igile, olenemata elukohast. \u00dclesandmiste t\u00e4htaeg 4. november.<\/p>\n<p><strong>08.11. <\/strong>Kokneses Rudens, Koknese, L\u00e4ti, 25 m, <a href=\"https:\/\/u-klubi.com\/u-klubi\/wp-content\/uploads\/2025\/10\/2025_kokneses-rudens_nolikums.pdf\" target=\"_blank\" rel=\"noopener\">juhend<\/a><br \/>\u00a0\u00dclesandmiste t\u00e4htaeg 1. november kell 20:00.<\/p>\n<p><strong>08.11. <\/strong>Leedu l\u00fchiraja meistriv\u00f5istlused, Druskininkai, Leedu, 25 m, <a href=\"https:\/\/ltuaquatics.com\/wp-content\/uploads\/2025\/10\/2025-m.-Meistru-LC-trumpas_w_paysera.pdf\" target=\"_blank\" rel=\"noopener\">juhend<\/a>\u00a0<\/p>\n<h4>DETSEMBER<\/h4>\n<p><strong>06.12.<\/strong> Mastersujumise Eesti MV &#8211; Supermasters 2025, N\u00f5mme ujula, 25 m, <a href=\"https:\/\/u-klubi.com\/u-klubi\/wp-content\/uploads\/2025\/11\/2025_Eesti_Masters_MV_juhend_SC.pdf\" target=\"_blank\" rel=\"noopener\">juhend<\/a><\/p>\n<p><strong>10.-16.12.<\/strong> Mastersite l\u00fchiraja Euroopa meistriv\u00f5istlused, Lublin, Poola, 25 m, <a href=\"https:\/\/europeanaquatics.org\/poland-confirms-lublin-as-host-of-this-years-european-aquatics-short-course-and-masters-short-course-swimming-championships\/?fbclid=IwY2xjawI1ZWZleHRuA2FlbQIxMAABHX3hY-Wiir-5LnO4Zmchxusmnqi9raiwHve6yGbE1FJE0toZTPTaLGstMw_aem_7E9g6bpYDy8hg-M7ViuZow\" target=\"_blank\" rel=\"noopener\">info<\/a>, <a href=\"https:\/\/www.shortcoursemasters2025.com\/\" target=\"_blank\" rel=\"noopener\">registreerimine<\/a><\/p>\n<p>\u00a0<\/p>\n<hr \/>\n<p>FINA World Masters Championships 2027, Budapest, Ungari<\/p>\n<p>07.03.2026 Amber Cup 2026, <a href=\"https:\/\/www.facebook.com\/events\/665866335941132\" target=\"_blank\" rel=\"noopener\">FB<\/a><\/p>\n","protected":false},"excerpt":{"rendered":"<p>&nbsp; JAANUAR 18.01. EUL Gala 25.01. Sillam\u00e4e Open 2025, Sillam\u00e4e, 25 m, juhend VEEBRUAR 01.02. T. Grosbergi m\u00e4lestus\u00f5htu, Suure-Jaani, 25 m, millele j\u00e4rgneb\u00a0 U-Klubi uusaastapidu, Olustvere Leivakojas 13.02.\u00a0Seeniorpordiliidu autasustamis\u00fcritus, Tallinn, \u00d5petajate maja 15.02. Valtu Open 2025, Kaerapere, 25 m, juhend M\u00c4RTS 01.03. Eesti omavalitsuste talim\u00e4ngud, Tartu, Aura Keskus, 25 m, koduleht 08.-09.03. &#8220;Amber Cup 2025&#8221;, &hellip; <a href=\"https:\/\/u-klubi.com\/u-klubi\/index.php\/voistluskalender\/2025-mastersite-voistluskalender\/\" class=\"more-link\">Loe edasi<span class=\"screen-reader-text\"> &#8220;2025 mastersite v\u00f5istluskalender&#8221;<\/span><\/a><\/p>\n","protected":false},"author":1,"featured_media":0,"parent":460,"menu_order":0,"comment_status":"closed","ping_status":"closed","template":"","meta":{"_monsterinsights_skip_tracking":false,"_monsterinsights_sitenote_active":false,"_monsterinsights_sitenote_note":"","_monsterinsights_sitenote_category":0,"two_page_speed":[],"footnotes":""},"class_list":["post-2472","page","type-page","status-publish","hentry"],"_links":{"self":[{"href":"https:\/\/u-klubi.com\/u-klubi\/index.php\/wp-json\/wp\/v2\/pages\/2472","targetHints":{"allow":["GET"]}}],"collection":[{"href":"https:\/\/u-klubi.com\/u-klubi\/index.php\/wp-json\/wp\/v2\/pages"}],"about":[{"href":"https:\/\/u-klubi.com\/u-klubi\/index.php\/wp-json\/wp\/v2\/types\/page"}],"author":[{"embeddable":true,"href":"https:\/\/u-klubi.com\/u-klubi\/index.php\/wp-json\/wp\/v2\/users\/1"}],"replies":[{"embeddable":true,"href":"https:\/\/u-klubi.com\/u-klubi\/index.php\/wp-json\/wp\/v2\/comments?post=2472"}],"version-history":[{"count":32,"href":"https:\/\/u-klubi.com\/u-klubi\/index.php\/wp-json\/wp\/v2\/pages\/2472\/revisions"}],"predecessor-version":[{"id":2778,"href":"https:\/\/u-klubi.com\/u-klubi\/index.php\/wp-json\/wp\/v2\/pages\/2472\/revisions\/2778"}],"up":[{"embeddable":true,"href":"https:\/\/u-klubi.com\/u-klubi\/index.php\/wp-json\/wp\/v2\/pages\/460"}],"wp:attachment":[{"href":"https:\/\/u-klubi.com\/u-klubi\/index.php\/wp-json\/wp\/v2\/media?parent=2472"}],"curies":[{"name":"wp","href":"https:\/\/api.w.org\/{rel}","templated":true}]}}