{"id":2578,"date":"2025-02-03T16:41:13","date_gmt":"2025-02-03T14:41:13","guid":{"rendered":"https:\/\/u-klubi.com\/u-klubi\/?page_id=2578"},"modified":"2025-12-08T20:31:03","modified_gmt":"2025-12-08T18:31:03","slug":"tulemused-2025","status":"publish","type":"page","link":"https:\/\/u-klubi.com\/u-klubi\/index.php\/tulemused-2025\/","title":{"rendered":"Tulemused 2025"},"content":{"rendered":"\n<p><strong>25.01.<\/strong>&nbsp;Sillam\u00e4e Open 2025, Sillam\u00e4e, 25 m, <a href=\"https:\/\/u-klubi.com\/u-klubi\/wp-content\/uploads\/2025\/02\/Sillamae-Open-2025-protokol.pdf\" target=\"_blank\" rel=\"noreferrer noopener\">protokoll<\/a><\/p>\n\n\n\n<p><strong>01.02.\u00a0<\/strong>T. Grosbergi m\u00e4lestus\u00f5htu, Suure-Jaani, 25 m, millele j\u00e4rgneb\u00a0 U-Klubi uusaastapidu, Olustvere Leivakojas, <a href=\"https:\/\/u-klubi.com\/u-klubi\/wp-content\/uploads\/2025\/02\/Grosberg-UKlubi_tulemused2025.pdf\" target=\"_blank\" rel=\"noopener\">tulemused<\/a><\/p>\n<p><strong>15.02.<\/strong> Valtu Open 2025, Kaerapere, 25 m, <a href=\"https:\/\/u-klubi.com\/u-klubi\/wp-content\/uploads\/2025\/02\/Valtu2025_tulemused.pdf\" target=\"_blank\" rel=\"noopener\">tulemused<\/a><\/p>\n<p><strong>0<\/strong><strong>8.-09.03.<\/strong> \u201cAmber Cup 2025\u201d, Riia, L\u00e4ti, 25 m, <a href=\"https:\/\/live.swimrankings.net\/45860\/?fbclid=IwY2xjawJc6BpleHRuA2FlbQIxMAABHh2-I8X9GKUJ2w-lzdyvqux6HQV0oqgsvSSI1qHOv8EsSQ9RQ_zSxosZyyrF_aem_tHOjWIdEBQLdhBTvIoEX4g\" target=\"_blank\" rel=\"noopener\">tulemused<\/a><\/p>\n<p><strong>28.-30.03.<\/strong> Soome masters ujumise MV,\u00a0 Jyv\u00e4skyl\u00e4, Soome, 25 m, <a href=\"https:\/\/live.swimify.com\/competitions\/lyhyen-radan-masters-mestaruusuinnit-2025-2025-03-28\/events\/summary\/1\/1\" target=\"_blank\" rel=\"noopener\">tulemused<\/a><\/p>\n<p><strong>12.-13.04.<\/strong> Tallinna lahtised masters ujumise MV, N\u00f5mme, 25 m, <a href=\"https:\/\/u-klubi.com\/u-klubi\/wp-content\/uploads\/2025\/04\/TallinnOpen2025_tulemused.pdf\" target=\"_blank\" rel=\"noopener\">tulemused<\/a>, <a href=\"https:\/\/u-klubi.com\/u-klubi\/wp-content\/uploads\/2025\/04\/TallinnOpen2025_N-TOP10.pdf\" target=\"_blank\" rel=\"noopener\">TOP10N<\/a>, <a href=\"https:\/\/u-klubi.com\/u-klubi\/wp-content\/uploads\/2025\/04\/TallinnOpen2025_M-TOP10.pdf\" target=\"_blank\" rel=\"noopener\">TOP10M<\/a>, <a href=\"https:\/\/www.facebook.com\/permalink.php?story_fbid=pfbid025obLU6gCTaxyPciRpMthK6z7TTjqRYqTsKe8RcXrdF374a1LesJSZy3gRFDW3oWRl&amp;id=100057643142250\" target=\"_blank\" rel=\"noopener\">FB pildigalerii<\/a><\/p>\n<p><strong>03.-04.05.<\/strong> L\u00e4ti lahtised masters ujumise MV, Riia, L\u00e4ti, 50 m, tulemused<\/p>\n<p><strong>10.-11.05.<\/strong> Leedu lahtised mastersujumise MV, Kaunas, Leedu, 50 m,<\/p>\n<p><strong>24.-25.05.<\/strong> \u201cOtra elpa\u201d \/ \u201cTeine hingamine\u201d, Valmiera, L\u00e4ti, 25 m,\u00a0<\/p>\n<p><strong>07.06.<\/strong> Eesti mastersujumise MV, Tartu, Eesti, 50 m, <a href=\"https:\/\/u-klubi.com\/u-klubi\/wp-content\/uploads\/2025\/06\/EstMasters_2025LC_tulemused-masters.pdf\" target=\"_blank\" rel=\"noopener\">masters tulemused<\/a>,\u00a0 <a href=\"https:\/\/u-klubi.com\/u-klubi\/wp-content\/uploads\/2025\/06\/EstMasters_2025LC_tulemused-koik.pdf\" target=\"_blank\" rel=\"noopener\">k\u00f5ik tulemused<\/a>, <a href=\"https:\/\/u-klubi.com\/u-klubi\/wp-content\/uploads\/2025\/06\/EstMasters2025LC_TOP-punktid.pdf\" target=\"_blank\" rel=\"noopener\">TOP punktid<\/a>, <a href=\"https:\/\/u-klubi.com\/u-klubi\/wp-content\/uploads\/2025\/06\/EstMasters2025LC_klubidekarikas.pdf\" target=\"_blank\" rel=\"noopener\">klubide karikas<\/a>\u00a0<\/p>\n<p><strong>14.06.<\/strong> \u201cVilties plaukimas 2025\u201d \u2013 Lootuse ujumine 2025, Palanga, Leedu,<\/p>\n<p><strong>06.12.<\/strong>\u00a0Mastersujumise Eesti MV \u2013 Supermasters 2025, N\u00f5mme ujula, 25 m,\u00a0<br \/>Supermasters <a href=\"https:\/\/u-klubi.com\/u-klubi\/wp-content\/uploads\/2025\/12\/Supermasters2025_koondtulemused_v02.pdf\" target=\"_blank\" rel=\"noopener\">koondtulemused<\/a><br \/>k\u00f5ik <a href=\"https:\/\/u-klubi.com\/u-klubi\/wp-content\/uploads\/2025\/12\/EstMasters_tulemused2025.pdf\" target=\"_blank\" rel=\"noopener\">tulemused<\/a><br \/>klubide karika <a href=\"https:\/\/u-klubi.com\/u-klubi\/wp-content\/uploads\/2025\/12\/KlubideKarikas_2025_SC.pdf\" target=\"_blank\" rel=\"noopener\">arvestus<\/a><br \/><br \/><\/p>\n<p>\u00a0<\/p>\n\n\n\n\n","protected":false},"excerpt":{"rendered":"<p>25.01.&nbsp;Sillam\u00e4e Open 2025, Sillam\u00e4e, 25 m, protokoll 01.02.\u00a0T. Grosbergi m\u00e4lestus\u00f5htu, Suure-Jaani, 25 m, millele j\u00e4rgneb\u00a0 U-Klubi uusaastapidu, Olustvere Leivakojas, tulemused 15.02. Valtu Open 2025, Kaerapere, 25 m, tulemused 08.-09.03. \u201cAmber Cup 2025\u201d, Riia, L\u00e4ti, 25 m, tulemused 28.-30.03. Soome masters ujumise MV,\u00a0 Jyv\u00e4skyl\u00e4, Soome, 25 m, tulemused 12.-13.04. Tallinna lahtised masters ujumise MV, N\u00f5mme, 25 &hellip; <a href=\"https:\/\/u-klubi.com\/u-klubi\/index.php\/tulemused-2025\/\" class=\"more-link\">Loe edasi<span class=\"screen-reader-text\"> &#8220;Tulemused 2025&#8221;<\/span><\/a><\/p>\n","protected":false},"author":1,"featured_media":0,"parent":0,"menu_order":0,"comment_status":"closed","ping_status":"closed","template":"","meta":{"_monsterinsights_skip_tracking":false,"_monsterinsights_sitenote_active":false,"_monsterinsights_sitenote_note":"","_monsterinsights_sitenote_category":0,"two_page_speed":[],"footnotes":""},"class_list":["post-2578","page","type-page","status-publish","hentry"],"_links":{"self":[{"href":"https:\/\/u-klubi.com\/u-klubi\/index.php\/wp-json\/wp\/v2\/pages\/2578","targetHints":{"allow":["GET"]}}],"collection":[{"href":"https:\/\/u-klubi.com\/u-klubi\/index.php\/wp-json\/wp\/v2\/pages"}],"about":[{"href":"https:\/\/u-klubi.com\/u-klubi\/index.php\/wp-json\/wp\/v2\/types\/page"}],"author":[{"embeddable":true,"href":"https:\/\/u-klubi.com\/u-klubi\/index.php\/wp-json\/wp\/v2\/users\/1"}],"replies":[{"embeddable":true,"href":"https:\/\/u-klubi.com\/u-klubi\/index.php\/wp-json\/wp\/v2\/comments?post=2578"}],"version-history":[{"count":10,"href":"https:\/\/u-klubi.com\/u-klubi\/index.php\/wp-json\/wp\/v2\/pages\/2578\/revisions"}],"predecessor-version":[{"id":2726,"href":"https:\/\/u-klubi.com\/u-klubi\/index.php\/wp-json\/wp\/v2\/pages\/2578\/revisions\/2726"}],"wp:attachment":[{"href":"https:\/\/u-klubi.com\/u-klubi\/index.php\/wp-json\/wp\/v2\/media?parent=2578"}],"curies":[{"name":"wp","href":"https:\/\/api.w.org\/{rel}","templated":true}]}}