{"id":2693,"date":"2025-11-28T20:12:22","date_gmt":"2025-11-28T18:12:22","guid":{"rendered":"https:\/\/u-klubi.com\/u-klubi\/?page_id=2693"},"modified":"2026-04-13T18:56:21","modified_gmt":"2026-04-13T16:56:21","slug":"2026-mastersite-voistluskalender","status":"publish","type":"page","link":"https:\/\/u-klubi.com\/u-klubi\/index.php\/voistluskalender\/2026-mastersite-voistluskalender\/","title":{"rendered":"2026 mastersite v\u00f5istluskalender"},"content":{"rendered":"\n<p><strong>JAANUAR<\/strong><\/p>\n<p><span style=\"color: #0000ff;\"><strong>10.01.<\/strong><\/span> T. Grosbergi m\u00e4lestus\u00f5htu, Suure-Jaani, 25 m, millele j\u00e4rgneb U-Klubi koosviibimine<\/p>\n<p><span style=\"color: #0000ff;\"><strong>17.01.<\/strong><\/span> EUL Gala<\/p>\n<p><span style=\"color: #0000ff;\"><strong>17.01. <\/strong><\/span>&#8220;Suvine l\u00f5\u00f5gastus Ventspilsis 2026&#8221; talvesessioon, Ventspils, L\u00e4ti, 25 m,\u00a0 <a href=\"https:\/\/u-klubi.com\/u-klubi\/wp-content\/uploads\/2025\/12\/ATVASARA-RELAKS-VENTSPILI-ziemas-sesija2026.doc\" target=\"_blank\" rel=\"noopener\">juhend<\/a> (<em>l\u00e4ti keeles<\/em>), <a href=\"https:\/\/www.facebook.com\/events\/785946074458522\" target=\"_blank\" rel=\"noopener\">FB<\/a><\/p>\n<p><span style=\"color: #0000ff;\"><strong>31.01.<\/strong><\/span> Sillam\u00e4e Open 2026, Sillam\u00e4e, 25 m, <a href=\"https:\/\/u-klubi.com\/u-klubi\/wp-content\/uploads\/2026\/01\/Sillamae_Open_2026-juhend.pdf\" target=\"_blank\" rel=\"noopener\">juhend<\/a><\/p>\n<p><strong>VEEBRUAR<\/strong><\/p>\n<p><strong><span style=\"color: #0000ff;\">14.02.<\/span><\/strong> Valtu Open 2026, Kaerapere, 25 m, <a href=\"https:\/\/u-klubi.com\/u-klubi\/wp-content\/uploads\/2026\/02\/ValtuOpen2026_juhend.pdf\" target=\"_blank\" rel=\"noopener\">juhend<\/a><\/p>\n<p><span style=\"color: #0000ff;\"><strong>26.02.<\/strong><\/span> Seeniorpordiliidu autasustamis\u00fcritus<\/p>\n<p><span style=\"color: #0000ff;\"><strong>28.02.-01.03.<\/strong><\/span> 41. Eesti omavalitsuste talim\u00e4ngud, Rakvere, <a href=\"https:\/\/joud.ee\/et\/voistlused\/41.-eesti-omavalitsuste-talimangud\/97\" target=\"_blank\" rel=\"noopener\">info<\/a><\/p>\n<p><strong>M\u00c4RTS<\/strong><\/p>\n<p><span style=\"color: #0000ff;\"><strong>28.02.-01.03.<\/strong><\/span> 41. Eesti omavalitsuste talim\u00e4ngud, Rakvere, <a href=\"https:\/\/joud.ee\/et\/voistlused\/41.-eesti-omavalitsuste-talimangud\/97\" target=\"_blank\" rel=\"noopener\">info<\/a><\/p>\n<p><span style=\"color: #0000ff;\"><strong>07.-08.03.<\/strong><\/span> Taani lahtised l\u00fchiraja mastersite MV, Ringe, Taani, 25 m, <a href=\"https:\/\/xn--svmmetider-1cb.dk\/staevne\/?12496%2Fdanske_open_masters_kortbane_2026=&amp;fbclid=Iwb21leAPQdshjbGNrA9B2YWV4dG4DYWVtAjExAHNydGMGYXBwX2lkDDM1MDY4NTUzMTcyOAABHvgxs8FHp7TfFVmFmopcJE0BNWY23NcL8d_rKzQJq75OS_dbSiT_PAUguSEp_aem_lQzroWeDLIdFMsPPEyBG8w\" target=\"_blank\" rel=\"noopener\">info<\/a> (taani keeles,\u00a0 registreerimise <strong>TA 11.02.2026<\/strong>)<\/p>\n<p><span style=\"color: #0000ff;\"><strong>20.-22.03.<\/strong><\/span> Norra lahtised mastersite MV, Stavanger, Norra, <a href=\"https:\/\/www.facebook.com\/events\/799096316211335\/\" target=\"_blank\" rel=\"noopener\">FB info<\/a><\/p>\n<p><span style=\"color: #0000ff;\"><strong>22.03.<\/strong><\/span> Harjumaa 2026 meistriv\u00f5istlused, Keila, 25 m, <a href=\"https:\/\/harjusport.ee\/sundmused\/harjumaa-mv-ujumises\/\" target=\"_blank\" rel=\"noopener\">info<\/a><\/p>\n<p><span style=\"color: #0000ff;\"><strong>28.03.<\/strong><\/span>\u00a0 &#8220;Klaipeda seilab, \u00fchendades p\u00f5lvkondi, 2026&#8221;, Klaipeda, Leedu, 50 m<\/p>\n<p><span style=\"color: #0000ff;\"><strong>28.03.<\/strong><\/span> Riia Supermasters 2026, Riia, L\u00e4ti, 25 m, &#8220;Daugava&#8221; spordikompleks, juhend<\/p>\n<p><span style=\"color: #0000ff;\"><strong>27.-29.03.<\/strong> <\/span>Soome l\u00fchiraja mastersujunise MV, Nurmij\u00e4rvi, Soome, 25 m, <a href=\"https:\/\/www.uimaliitto.fi\/uinti\/kilpailut\/masters\/\" target=\"_blank\" rel=\"noopener\">v\u00f5istluste info<\/a>\u00a0<\/p>\n<p><strong>APRILL<\/strong><\/p>\n<p><strong><span style=\"color: #0000ff;\">11.-12.04.<\/span><\/strong> Tallinna lahtised mastersujumise MV, N\u00f5mme, 25 m, <a href=\"https:\/\/u-klubi.com\/u-klubi\/wp-content\/uploads\/2026\/02\/tallinn_est_2026_juhend.pdf\" target=\"_blank\" rel=\"noopener\">juhend<\/a>, <a href=\"https:\/\/u-klubi.com\/u-klubi\/wp-content\/uploads\/2026\/03\/tallinn_eng_2026.pdf\" target=\"_blank\" rel=\"noopener\">invitation<\/a><\/p>\n<p><span style=\"color: #0000ff;\"><strong>11.04.<\/strong><\/span>\u00a0Supermasters, Kaunas, Leedu, 25 m, <a href=\"https:\/\/ltuaquatics.com\/wp-content\/uploads\/2026\/01\/2026_SUPERMASTERS_LT_nuostatai.pdf\" target=\"_blank\" rel=\"noopener\">juhend<\/a><\/p>\n<p><strong>MAI<\/strong><\/p>\n<p><span style=\"color: #0000ff;\"><strong>02.-03.05.<\/strong><\/span> L\u00e4ti lahtised mastersujumise MV, Riia, L\u00e4ti, 50 m, <a href=\"https:\/\/swimming.lv\/wp-content\/uploads\/2026\/04\/LC-vecmeistariem_lv_MT_2026_final.pdf\" target=\"_blank\" rel=\"noopener\">juhend<\/a> (l\u00e4ti keeles)<\/p>\n<p><span style=\"color: #0000ff;\"><strong>09.05.<\/strong><\/span> P\u00e4rnumaa masters-ujumise v\u00f5istlus &#8220;Kuldsed ujukad&#8221;, P\u00e4rnu, 25 m, <a href=\"https:\/\/u-klubi.com\/u-klubi\/wp-content\/uploads\/2026\/04\/KULDSED_UJUKAD_2026_JUHEND.pdf\" target=\"_blank\" rel=\"noopener\">juhend<\/a>, <a href=\"https:\/\/u-klubi.com\/u-klubi\/wp-content\/uploads\/2026\/04\/PARNUMAA-MASTERS-UJUMISE-VOISTLUS-2026.pdf\" target=\"_blank\" rel=\"noopener\">plakat<\/a><\/p>\n<p><strong><span style=\"color: #0000ff;\">09.05.<\/span><\/strong> Leedu lahtised masterusjumise MV, Leedu (asukoht t\u00e4psustamisel), 50 m, <a href=\"https:\/\/ltuaquatics.com\/meistrai-2026\" target=\"_blank\" rel=\"noopener\">juhend<\/a><\/p>\n<p><span style=\"color: #0000ff;\"><strong>15.-17.05.<\/strong><\/span> Rootsi lahtised mastersujumise MV, Kristianstad, Rootsi, 25 m, <a href=\"https:\/\/www.masterssm.se\/explorer\/files\/Invitation%20in%20English%20-%20Master%20SM%202026%20Kristianstad.pdf\" target=\"_blank\" rel=\"noopener\">juhend<\/a>,\u00a0 <a href=\"https:\/\/www.masterssm.se\/english\/\" target=\"_blank\" rel=\"noopener\">v\u00f5istluste leht<\/a><\/p>\n<p><span style=\"color: #0000ff;\"><strong>23.-24.05<\/strong><\/span>. &#8220;Teine hingamine&#8221;, Valmiera, L\u00e4ti, 25 m,<\/p>\n<p><strong>JUUNI<\/strong><\/p>\n<p><strong><span style=\"color: #0000ff;\">06.06.<\/span><\/strong> Eesti mastersujumise MV, Tartu, Eesti, 50 m<\/p>\n<p><strong>JUULI<\/strong><\/p>\n<p><strong>AUGUST<\/strong><\/p>\n<p><span style=\"color: #0000ff;\"><strong>01.-02.08.<\/strong><\/span> <span data-olk-copy-source=\"MessageBody\">Seeniorispordi ja Spordiveteranide liidu 59. suvem\u00e4ngud, V\u00f5iste, avaveeujula, 100 m avaveeujumise distants, <a href=\"https:\/\/esvl.ee\/uus\/wp-content\/uploads\/2025\/11\/P%C3%A4rnu-Suvem%C3%A4ngude-Juhend_rev_5-0.pdf\" target=\"_blank\" rel=\"noopener\">juhend<\/a><\/span><\/p>\n<p><span style=\"color: #0000ff;\"><strong>18.-30.08., sh ujumine 18.-24.08. ja avavesi 26.-28.08.<\/strong><\/span> Euroopa mastersite meistriv\u00f5istlused, \u0160amorin, Slovakkia, <a href=\"https:\/\/u-klubi.com\/u-klubi\/wp-content\/uploads\/2026\/02\/Info-Bulletin-Masters-2026-No.3.pdf\" target=\"_blank\" rel=\"noopener\">Info Bulletin Masters 2026 No.3<\/a>, v\u00f5istluste <a href=\"https:\/\/eamasters26.com\/\" target=\"_blank\" rel=\"noopener\">koduleht<\/a><\/p>\n<p><strong>SEPTEMBER<\/strong><\/p>\n<p><strong><span style=\"color: #0000ff;\">20.09.<\/span><\/strong> Masters pikamaaujumine, N\u00f5mme, 25 m (korraldaja Briis)<\/p>\n<p><strong>OKTOOBER<\/strong><\/p>\n<p><span style=\"color: #0000ff;\"><strong>24.-25.10<\/strong>. <\/span>Amber Cup 2026,\u00a0<a href=\"https:\/\/www.facebook.com\/events\/665866335941132\" target=\"_blank\" rel=\"noopener\">FB<\/a><\/p>\n<p><strong>NOVEMBE<\/strong><strong>R<\/strong><\/p>\n<p><strong><span style=\"color: #0000ff;\">14.11.<\/span><\/strong> Koknese Rudens 2026, Koknese, L\u00e4ti, 25 m, <a href=\"https:\/\/u-klubi.com\/u-klubi\/wp-content\/uploads\/2026\/02\/2026_kokneses-rudens_nolikums.pdf\" target=\"_blank\" rel=\"noopener\">juhend<\/a> (l\u00e4ti keeles)<\/p>\n<p><span style=\"color: #0000ff;\"><strong>20.-22.11.<\/strong><\/span> <span style=\"color: #ff0000;\">(<\/span><span style=\"color: #ff0000;\"><strong>NB!<\/strong> <a href=\"https:\/\/www.uimaliitto.fi\/uinti\/ilmoitustaulu\/muutos-mastersmestaruusuinteihin-50m-2026\/?fbclid=IwY2xjawRDXq1leHRuA2FlbQIxMABicmlkETFOUXpONnZ4ajlsRXpZM3k0c3J0YwZhcHBfaWQQMjIyMDM5MTc4ODIwMDg5MgABHoavUG6G6MRqqaZJMs-Oh22eFf_vR-AOKLuJKUJHhYx67v-vXUKdwM-Va_Lo_aem_uuNwwzuBX4kDgU1ZRdQfxw\" target=\"_blank\" rel=\"noopener\">Uued kuup\u00e4evad<\/a>)\u00a0 <\/span>Soome mastersujumise MV, Turu, Soome,\u00a0 25 m<\/p>\n<p><strong><span style=\"color: #0000ff;\">21.11.<\/span><\/strong> Leedu l\u00fchiraja mastersujumise MV, Leedu (asukoht t\u00e4psustamisel), 25 m<\/p>\n<p><strong>DETSEMBER<\/strong><\/p>\n<p><span style=\"color: #0000ff;\"><strong>05.12.<\/strong><\/span> Eesti mastersujumise MV \u2013 Supermasters 2025, N\u00f5mme ujula, 25 m<\/p>\n<p>\u00a0<\/p>\n<p>_________________<\/p>\n<p><strong>26.06-18.07.2027<\/strong> World Masters Championships 2027, Budapest, Ungari, <a href=\"https:\/\/europeanaquatics.org\/wp-content\/uploads\/2025\/10\/SPF_Masters_2026_bulletin_A4.pdf?fbclid=IwY2xjawOw3XNleHRuA2FlbQIxMABicmlkETFOUXpONnZ4ajlsRXpZM3k0c3J0YwZhcHBfaWQQMjIyMDM5MTc4ODIwMDg5MgABHuw1qw2sZshfsHTJrnZ0lLNIvVwtcEnhfJx2FmL-pSkaWIO53N78xlQiHJkK_aem_H5D7WJYZhLmtlOWeplf_3Q\" target=\"_blank\" rel=\"noopener\">b\u00fcllet\u00e4\u00e4n<\/a>, ujumine <strong>10.-18.07<\/strong>.; avaveeujumine <strong>03.-08.07<\/strong>., <a href=\"https:\/\/www.worldaquatics.com\/news\/4441229\/world-aquatics-announces-competition-schedule-for-the-world-aquatics-championships-and-world-aquatics-masters-championships-budapest-2027?fbclid=IwY2xjawPxztJleHRuA2FlbQIxMABicmlkETFOUXpONnZ4ajlsRXpZM3k0c3J0YwZhcHBfaWQQMjIyMDM5MTc4ODIwMDg5MgABHpddkwewWEzHbYGFc7DvznmhwqFXDw_2tmtylDseNu0_bBQ72DLXV0723QpM_aem_TCHtSozpKs-mm5l9oQpwWQ\" target=\"_blank\" rel=\"noopener\">info<\/a><\/p>\n<p>\u00a0<\/p>\n\n\n\n\n","protected":false},"excerpt":{"rendered":"<p>JAANUAR 10.01. T. Grosbergi m\u00e4lestus\u00f5htu, Suure-Jaani, 25 m, millele j\u00e4rgneb U-Klubi koosviibimine 17.01. EUL Gala 17.01. &#8220;Suvine l\u00f5\u00f5gastus Ventspilsis 2026&#8221; talvesessioon, Ventspils, L\u00e4ti, 25 m,\u00a0 juhend (l\u00e4ti keeles), FB 31.01. Sillam\u00e4e Open 2026, Sillam\u00e4e, 25 m, juhend VEEBRUAR 14.02. Valtu Open 2026, Kaerapere, 25 m, juhend 26.02. Seeniorpordiliidu autasustamis\u00fcritus 28.02.-01.03. 41. Eesti omavalitsuste talim\u00e4ngud, Rakvere, &hellip; <a href=\"https:\/\/u-klubi.com\/u-klubi\/index.php\/voistluskalender\/2026-mastersite-voistluskalender\/\" class=\"more-link\">Loe edasi<span class=\"screen-reader-text\"> &#8220;2026 mastersite v\u00f5istluskalender&#8221;<\/span><\/a><\/p>\n","protected":false},"author":1,"featured_media":0,"parent":460,"menu_order":0,"comment_status":"closed","ping_status":"closed","template":"","meta":{"_monsterinsights_skip_tracking":false,"_monsterinsights_sitenote_active":false,"_monsterinsights_sitenote_note":"","_monsterinsights_sitenote_category":0,"two_page_speed":[],"footnotes":""},"class_list":["post-2693","page","type-page","status-publish","hentry"],"_links":{"self":[{"href":"https:\/\/u-klubi.com\/u-klubi\/index.php\/wp-json\/wp\/v2\/pages\/2693","targetHints":{"allow":["GET"]}}],"collection":[{"href":"https:\/\/u-klubi.com\/u-klubi\/index.php\/wp-json\/wp\/v2\/pages"}],"about":[{"href":"https:\/\/u-klubi.com\/u-klubi\/index.php\/wp-json\/wp\/v2\/types\/page"}],"author":[{"embeddable":true,"href":"https:\/\/u-klubi.com\/u-klubi\/index.php\/wp-json\/wp\/v2\/users\/1"}],"replies":[{"embeddable":true,"href":"https:\/\/u-klubi.com\/u-klubi\/index.php\/wp-json\/wp\/v2\/comments?post=2693"}],"version-history":[{"count":41,"href":"https:\/\/u-klubi.com\/u-klubi\/index.php\/wp-json\/wp\/v2\/pages\/2693\/revisions"}],"predecessor-version":[{"id":2845,"href":"https:\/\/u-klubi.com\/u-klubi\/index.php\/wp-json\/wp\/v2\/pages\/2693\/revisions\/2845"}],"up":[{"embeddable":true,"href":"https:\/\/u-klubi.com\/u-klubi\/index.php\/wp-json\/wp\/v2\/pages\/460"}],"wp:attachment":[{"href":"https:\/\/u-klubi.com\/u-klubi\/index.php\/wp-json\/wp\/v2\/media?parent=2693"}],"curies":[{"name":"wp","href":"https:\/\/api.w.org\/{rel}","templated":true}]}}