{"id":2761,"date":"2026-01-11T14:38:06","date_gmt":"2026-01-11T12:38:06","guid":{"rendered":"https:\/\/u-klubi.com\/u-klubi\/?page_id=2761"},"modified":"2026-04-12T19:27:45","modified_gmt":"2026-04-12T17:27:45","slug":"tulemused-2026","status":"publish","type":"page","link":"https:\/\/u-klubi.com\/u-klubi\/index.php\/tulemused-2026\/","title":{"rendered":"Tulemused 2026"},"content":{"rendered":"\n<p><strong>TULEMUSED<\/strong><\/p>\n<p><span style=\"color: #0000ff;\"><strong>10.01.<\/strong><\/span> T. Grosbergi m\u00e4lestusv\u00f5istlused, T\u00fcri, 25 m, <a href=\"https:\/\/u-klubi.com\/u-klubi\/wp-content\/uploads\/2026\/01\/Grosberg2026.jpg\" target=\"_blank\" rel=\"noopener\">tulemused<\/a><\/p>\n<p><strong><span style=\"color: #0000ff;\">14.02.<\/span> <\/strong>Valtu Open 2026, Helle Stukise m\u00e4lestusv\u00f5istlus, Kaerapere, 25 m, <a href=\"https:\/\/u-klubi.com\/u-klubi\/wp-content\/uploads\/2026\/02\/Valtu2026_tulemused.pdf\" target=\"_blank\" rel=\"noopener\">tulemused<\/a>\u00a0<\/p>\n<p><span style=\"color: #0000ff;\"><strong>28.02.-01.03.<\/strong><\/span> 41. Eesti omavalitsuste talim\u00e4ngud, Vinni, 25 m, <a href=\"https:\/\/joud.ee\/bw_client_files\/joud\/public\/img\/File\/2026_EOV_talimangud\/2026_EOVTM_tulemused_ujumine.pdf\" target=\"_blank\" rel=\"noopener\">tulemused<\/a><\/p>\n<p><span style=\"color: #0000ff;\"><strong>22.03.<\/strong><\/span> Harjumaa 2026 meistriv\u00f5istlused, Keila, 25 m, <a href=\"https:\/\/docs.google.com\/spreadsheets\/d\/13alNvVDewBGtevkePhClytMkkieB72qf\/edit?gid=242076978#gid=242076978\" target=\"_blank\" rel=\"noopener\">tulemused<\/a><\/p>\n<p><span style=\"color: #0000ff;\"><strong>11.-12.04.<\/strong><\/span> Tallinna lahtised mastersujumise MV, N\u00f5mme, 25 m, <a href=\"https:\/\/u-klubi.com\/u-klubi\/wp-content\/uploads\/2026\/04\/tallinn2026_results.pdf\" target=\"_blank\" rel=\"noopener\">tulemused<\/a> (results), <a href=\"https:\/\/u-klubi.com\/u-klubi\/wp-content\/uploads\/2026\/04\/tallinn2026_TOPbyPoints.pdf\" target=\"_blank\" rel=\"noopener\">tulemused kahe ala punktisumma j\u00e4rgi<\/a> (Top by points), <a href=\"https:\/\/u-klubi.com\/u-klubi\/wp-content\/uploads\/2026\/04\/tallinn_2026_rekordid.pdf\">Eesti mastersujumise rekordid<\/a><\/p>\n\n\n\n\n\n<p>\u00a0<\/p>\n<p>\u00a0<\/p>\n","protected":false},"excerpt":{"rendered":"<p>TULEMUSED 10.01. T. Grosbergi m\u00e4lestusv\u00f5istlused, T\u00fcri, 25 m, tulemused 14.02. Valtu Open 2026, Helle Stukise m\u00e4lestusv\u00f5istlus, Kaerapere, 25 m, tulemused\u00a0 28.02.-01.03. 41. Eesti omavalitsuste talim\u00e4ngud, Vinni, 25 m, tulemused 22.03. Harjumaa 2026 meistriv\u00f5istlused, Keila, 25 m, tulemused 11.-12.04. Tallinna lahtised mastersujumise MV, N\u00f5mme, 25 m, tulemused (results), tulemused kahe ala punktisumma j\u00e4rgi (Top by points), &hellip; <a href=\"https:\/\/u-klubi.com\/u-klubi\/index.php\/tulemused-2026\/\" class=\"more-link\">Loe edasi<span class=\"screen-reader-text\"> &#8220;Tulemused 2026&#8221;<\/span><\/a><\/p>\n","protected":false},"author":1,"featured_media":0,"parent":0,"menu_order":0,"comment_status":"closed","ping_status":"closed","template":"","meta":{"_monsterinsights_skip_tracking":false,"_monsterinsights_sitenote_active":false,"_monsterinsights_sitenote_note":"","_monsterinsights_sitenote_category":0,"two_page_speed":[],"footnotes":""},"class_list":["post-2761","page","type-page","status-publish","hentry"],"_links":{"self":[{"href":"https:\/\/u-klubi.com\/u-klubi\/index.php\/wp-json\/wp\/v2\/pages\/2761","targetHints":{"allow":["GET"]}}],"collection":[{"href":"https:\/\/u-klubi.com\/u-klubi\/index.php\/wp-json\/wp\/v2\/pages"}],"about":[{"href":"https:\/\/u-klubi.com\/u-klubi\/index.php\/wp-json\/wp\/v2\/types\/page"}],"author":[{"embeddable":true,"href":"https:\/\/u-klubi.com\/u-klubi\/index.php\/wp-json\/wp\/v2\/users\/1"}],"replies":[{"embeddable":true,"href":"https:\/\/u-klubi.com\/u-klubi\/index.php\/wp-json\/wp\/v2\/comments?post=2761"}],"version-history":[{"count":14,"href":"https:\/\/u-klubi.com\/u-klubi\/index.php\/wp-json\/wp\/v2\/pages\/2761\/revisions"}],"predecessor-version":[{"id":2839,"href":"https:\/\/u-klubi.com\/u-klubi\/index.php\/wp-json\/wp\/v2\/pages\/2761\/revisions\/2839"}],"wp:attachment":[{"href":"https:\/\/u-klubi.com\/u-klubi\/index.php\/wp-json\/wp\/v2\/media?parent=2761"}],"curies":[{"name":"wp","href":"https:\/\/api.w.org\/{rel}","templated":true}]}}