{"id":464,"date":"2018-03-14T08:03:37","date_gmt":"2018-03-14T06:03:37","guid":{"rendered":"http:\/\/u-klubi.com\/u-klubi\/?page_id=464"},"modified":"2022-01-01T16:15:36","modified_gmt":"2022-01-01T14:15:36","slug":"2017-2018-hooaja-voistluste-kalender","status":"publish","type":"page","link":"https:\/\/u-klubi.com\/u-klubi\/index.php\/arhiiv\/voistluskalendrid-arhiiv\/2017-2018-hooaja-voistluste-kalender\/","title":{"rendered":"2017\/2018 hooaja v\u00f5istluste kalender"},"content":{"rendered":"<p><strong>Oktoober 2017<\/strong><\/p>\n<p><strong>07.10.<\/strong><span class=\"Apple-converted-space\">\u00a0<\/span>\u201cATVASARAS RELAKS VENTSPIL\u012a 2017\u201d, Ventspils, L\u00e4ti, 25 m,\u00a0<a href=\"https:\/\/u-klubi.com\/u-klubi\/wp-content\/uploads\/2017\/08\/nolikums_ventspils2017_ru.pdf\" target=\"_blank\" rel=\"noopener\">juhend<\/a>, registreerimine kuni \u00a0 \u00a0 \u00a0 30.09.2017<\/p>\n<p><strong>14.-15.10.<\/strong><span class=\"Apple-converted-space\">\u00a0<\/span>Luksemburgi meisterujumise MV, Luksemburg, 50 m,<span class=\"Apple-converted-space\">\u00a0<\/span><a href=\"http:\/\/swimming.lv\/wp-content\/uploads\/2017\/09\/LuxOpenMaster2017.pdf\" target=\"_blank\" rel=\"noopener\">juhend<\/a><\/p>\n<p><strong>21.-22-10.<\/strong><span class=\"Apple-converted-space\">\u00a0<\/span>Masters Open 2017, Kiiev, Ukraina,\u00a0<a href=\"https:\/\/u-klubi.com\/u-klubi\/wp-content\/uploads\/2017\/08\/invitation_kiev2017.pdf\" target=\"_blank\" rel=\"noopener\">juhend<\/a>, registreerimine kuni 19.10.2017<\/p>\n<p><strong>27.-29.10<\/strong>. Soome meisterujumise MV, pikk rada, Vantaa, Soome, 50 m,\u00a0<a href=\"http:\/\/www.vanders.fi\/masters-sm-2017\/\" target=\"_blank\" rel=\"noopener\">v\u00f5istluste koduleht<\/a>,<span class=\"Apple-converted-space\">\u00a0<\/span><a href=\"https:\/\/u-klubi.com\/u-klubi\/wp-content\/uploads\/2017\/08\/Kilpailukutsu_Vantaa2017.pdf\" target=\"_blank\" rel=\"noopener\">juhend<\/a>, registreerimine kuni 18.10.2017<\/p>\n<p><strong>November 2017<\/strong><\/p>\n<p><strong>11.11.<\/strong><span class=\"Apple-converted-space\">\u00a0<\/span>\u201cKokneses rudens\u201d, Koknese, L\u00e4ti, 25 m,<span class=\"Apple-converted-space\">\u00a0<\/span><a href=\"https:\/\/u-klubi.com\/u-klubi\/wp-content\/uploads\/2017\/08\/nolikums_Koknese2017_ru.pdf\" target=\"_blank\" rel=\"noopener\">juhend_ru<\/a>, registreerimine kuni 06.11.2017<\/p>\n<p><strong>11.-12.11.<\/strong>\u00a0Leedu MV, Kaunas, Leedu, 50 m,<span class=\"Apple-converted-space\">\u00a0<\/span><a href=\"https:\/\/u-klubi.com\/u-klubi\/wp-content\/uploads\/2017\/08\/litva-2017_announcement.pdf\" target=\"_blank\" rel=\"noopener\">juhend<\/a>, registreerimine kuni 05.11.2017<\/p>\n<p><strong>24.-26.11.<\/strong>\u00a0Venemaa Karikav\u00f5istlused, Kaasan, Venemaa, 25 m<\/p>\n<p><strong>Detsember 2017<\/strong><\/p>\n<p><strong>09.12.<\/strong><span class=\"Apple-converted-space\">\u00a0<\/span>Eesti MV, Supermasters, N\u00f5mme ujula, Tallinn, 25 m,<span class=\"Apple-converted-space\">\u00a0<\/span><a href=\"https:\/\/u-klubi.com\/u-klubi\/wp-content\/uploads\/2017\/08\/Eesti_Masters_MV_juhend_2017.pdf\" target=\"_blank\" rel=\"noopener\">Eesti_Masters_MV_juhend_2017<\/a><\/p>\n<p><strong><span style=\"font-size: 18pt;\">2018<\/span><\/strong><\/p>\n<p><strong>Jaanuar 2018<\/strong><\/p>\n<p><strong>06.-07.01.<\/strong>\u00a0 J\u00f5ulukarikas 2018, Sankt Peterburg, Venemaa, 25 m,<span class=\"Apple-converted-space\">\u00a0<\/span><a href=\"http:\/\/swimmasters.ru\/main\/2017\/12\/rozhdestvenskij-kubok-2018-polozhenie\/\" target=\"_blank\" rel=\"noopener\">juhend<\/a><\/p>\n<p><strong>13.01.<\/strong>\u00a0II Balti Supermasters, Riia, L\u00e4ti, 25 m,<span class=\"Apple-converted-space\">\u00a0<\/span><a href=\"http:\/\/swimming.lv\/wp-content\/uploads\/2017\/12\/Nolikums_SuperM_2018_RU.pdf\" target=\"_blank\" rel=\"noopener\">juhend\u00a0<\/a><\/p>\n<p><strong>20.01.<\/strong><span class=\"Apple-converted-space\">\u00a0<\/span>Ujujate GALA<\/p>\n<p><strong>27.01.<\/strong><span class=\"Apple-converted-space\">\u00a0<\/span>Sillam\u00e4e Open,<span class=\"Apple-converted-space\">\u00a0<\/span><a href=\"https:\/\/u-klubi.com\/u-klubi\/wp-content\/uploads\/2017\/08\/Sillamae-Open-2018-juhend.pdf\" target=\"_blank\" rel=\"noopener\">juhend<\/a><\/p>\n<p><strong>Veebruar 2018<\/strong><\/p>\n<p><strong>04.02<\/strong>. Olustvere<span class=\"Apple-converted-space\">\u00a0<\/span><a href=\"https:\/\/u-klubi.com\/u-klubi\/index.php\/2017\/12\/20\/toivo-grosbergi-malestusvoistlused-2018\/\" target=\"_blank\" rel=\"noopener\">kutse<\/a><\/p>\n<p><strong>10.02.<\/strong><span class=\"Apple-converted-space\">\u00a0<\/span>Valtu Open<span class=\"Apple-converted-space\">\u00a0<\/span><a href=\"https:\/\/u-klubi.com\/u-klubi\/index.php\/2017\/12\/17\/valtu-open-2018\/\" target=\"_blank\" rel=\"noopener\">kutse<\/a><\/p>\n<p><strong>17.-18.02.<\/strong>\u00a0X Baltic Open Masters Championships\/Amber Cup, Riia, L\u00e4ti, 25 m,<span class=\"Apple-converted-space\">\u00a0<\/span><a href=\"http:\/\/rigaambercup.lv\/\" target=\"_blank\" rel=\"noopener\">v\u00f5istluste koduleht<\/a>,<span class=\"Apple-converted-space\">\u00a0<\/span><a href=\"https:\/\/u-klubi.com\/u-klubi\/wp-content\/uploads\/2017\/08\/Riga-Amber-Cup_Invitation.pdf\" target=\"_blank\" rel=\"noopener\">v\u00f5istluste info<\/a><\/p>\n<p><strong>M\u00e4rts 2018<\/strong><\/p>\n<p><strong>23.-25.03.<\/strong><span class=\"Apple-converted-space\">\u00a0<\/span>Soome meisterujumise meistriv\u00f5istlused, l\u00fchike rada, Salo, Soome, 25 m,<span class=\"Apple-converted-space\">\u00a0<\/span><a href=\"http:\/\/www.uimaliitto.fi\/uinti\/arvokilpailut\/masters\/2017-2018\/\" target=\"_blank\" rel=\"noopener\">v\u00f5istluste info<\/a>, v\u00f5istluste<span class=\"Apple-converted-space\">\u00a0<\/span><a href=\"https:\/\/www.salonuimarit.fi\/lyhyen-radan-masters-mestaruuski\/\" target=\"_blank\" rel=\"noopener\">koduleht<\/a><\/p>\n<p><strong>Aprill 2018<\/strong><\/p>\n<p><strong>07.04.<\/strong><span class=\"Apple-converted-space\">\u00a0<\/span>Supermasters , Balti karikasarja II etapp, Kaunas,\u00a0<a href=\"https:\/\/u-klubi.com\/u-klubi\/wp-content\/uploads\/2017\/08\/KaunasPF-FIRMIN-rusu-2018.pdf\" target=\"_blank\" rel=\"noopener\">juhend<\/a><\/p>\n<p><strong>14.-15.04<\/strong>. XXXV\u00a0Tallinna lahtised meisterujumise MV, N\u00f5mme, 25 m ujula, <a href=\"https:\/\/u-klubi.com\/u-klubi\/wp-content\/uploads\/2018\/03\/tallinn_est_2018.pdf\" target=\"_blank\" rel=\"noopener\">v\u00f5istluste info<\/a>\u00a0(et), <a href=\"https:\/\/u-klubi.com\/u-klubi\/wp-content\/uploads\/2018\/03\/tallinn_eng_2018.pdf\" target=\"_blank\" rel=\"noopener\">invitation<\/a> (en), registreerimise t\u00e4htaeg \/ deadline for registration\u00a0<span style=\"font-size: 12pt;\"><strong>04.04.2018<\/strong><\/span><\/p>\n<p><strong>27.-29.04.<\/strong><span class=\"Apple-converted-space\">\u00a0<\/span>Venemaa meistriv\u00f5istlused, Obninsk, Kalu\u017eki oblast\u00a0(Moskva l\u00e4hedal), 50 m ujula,<span class=\"Apple-converted-space\">\u00a0<\/span><a href=\"http:\/\/data.swim.ms\/meets\/299\" target=\"_blank\" rel=\"noopener\">v\u00f5istluste info<\/a><\/p>\n<p><strong>Mai 2018<\/strong><\/p>\n<p><strong>12.05.<\/strong><span class=\"Apple-converted-space\">\u00a0<\/span>Poola Supermasters<\/p>\n<p><strong>19.-20.05.<\/strong><span class=\"Apple-converted-space\">\u00a0<\/span>\u201cTeine hingamine\u201d, Valmiera, 25 m, <a href=\"https:\/\/u-klubi.com\/u-klubi\/wp-content\/uploads\/2018\/05\/Nolikums_otra.elpa2018_Eng.doc\" target=\"_blank\" rel=\"noopener\">juhend\u00a0<\/a><\/p>\n<p><strong>26.-27.05.\u00a0<\/strong> L\u00e4ti lahtised meisterujumise meistriv\u00f5istlused, Riia, 50 m,<span class=\"Apple-converted-space\">\u00a0<\/span><a href=\"http:\/\/swimming.lv\/wp-content\/uploads\/2018\/04\/Open-Masters-Championships.pdf\" target=\"_blank\" rel=\"noopener\">juhend<\/a><\/p>\n<p><strong>Juuni 2018<\/strong><\/p>\n<p><strong>02.-03.06.<\/strong> XIII Rahvusvaheline meisterujumise\u00a0turniir \u201cSt-Petersburg OPEN 2018\u201d, St-Peterburg, 50 m ujula,<span class=\"Apple-converted-space\">\u00a0<\/span><a href=\"http:\/\/data.swim.ms\/meets\/304\" target=\"_blank\" rel=\"noopener\">v\u00f5istluste info<\/a><\/p>\n<p><strong>16.06.<\/strong> &#8220;Lootuse ujumine&#8221;, Klaipeda, Leedu, 25 m, v\u00f5imalusel viiakse v\u00f5istlused \u00fcle uude 50 m ujulasse,\u00a0<a href=\"https:\/\/u-klubi.com\/u-klubi\/wp-content\/uploads\/2018\/06\/Klaipeda_Viltis18-RU.pdf\" target=\"_blank\" rel=\"noopener\">juhend<\/a><\/p>\n<p><strong>22.-24.06.<\/strong> Suvised Poola lahtised meisterujumise meistriv\u00f5istlused, Poznan, Poola, 50 m,\u00a0<a href=\"https:\/\/u-klubi.com\/u-klubi\/wp-content\/uploads\/2018\/06\/komunikat2018_PoolaMV_ENG.pdf\" target=\"_blank\" rel=\"noopener\">juhend<\/a><\/p>\n<p><strong>Juuli 2018<\/strong><\/p>\n<p><strong>28.-29.07.\u00a0<\/strong>I rahvusvaheline turniir ujumises veteransportlastele L\u00e4ti 100. aastap\u00e4eva auks, Rezekne, L\u00e4ti, 25 m, <a href=\"https:\/\/u-klubi.com\/u-klubi\/wp-content\/uploads\/2018\/06\/Rezekne_2018-RUS.pdf\" target=\"_blank\" rel=\"noopener\">juhend<\/a><\/p>\n<p><strong>September 2018<\/strong><\/p>\n<p><strong>02.-09.09.2018<\/strong><span class=\"Apple-converted-space\">\u00a0<\/span>meisterujumise Euroopa Meistriv\u00f5istlused, Kranj, Bled, Sloveenia, 50 m ujula, <span class=\"Apple-converted-space\">\u00a0<\/span><a href=\"http:\/\/www.emc2018.com\/en\/\" target=\"_blank\" rel=\"noopener\">v\u00f5istluste koduleht<\/a><\/p>\n","protected":false},"excerpt":{"rendered":"<p>Oktoober 2017 07.10.\u00a0\u201cATVASARAS RELAKS VENTSPIL\u012a 2017\u201d, Ventspils, L\u00e4ti, 25 m,\u00a0juhend, registreerimine kuni \u00a0 \u00a0 \u00a0 30.09.2017 14.-15.10.\u00a0Luksemburgi meisterujumise MV, Luksemburg, 50 m,\u00a0juhend 21.-22-10.\u00a0Masters Open 2017, Kiiev, Ukraina,\u00a0juhend, registreerimine kuni 19.10.2017 27.-29.10. Soome meisterujumise MV, pikk rada, Vantaa, Soome, 50 m,\u00a0v\u00f5istluste koduleht,\u00a0juhend, registreerimine kuni 18.10.2017 November 2017 11.11.\u00a0\u201cKokneses rudens\u201d, Koknese, L\u00e4ti, 25 m,\u00a0juhend_ru, registreerimine kuni 06.11.2017 &hellip; <a href=\"https:\/\/u-klubi.com\/u-klubi\/index.php\/arhiiv\/voistluskalendrid-arhiiv\/2017-2018-hooaja-voistluste-kalender\/\" class=\"more-link\">Loe edasi<span class=\"screen-reader-text\"> &#8220;2017\/2018 hooaja v\u00f5istluste kalender&#8221;<\/span><\/a><\/p>\n","protected":false},"author":1,"featured_media":0,"parent":1824,"menu_order":1,"comment_status":"closed","ping_status":"closed","template":"","meta":{"_monsterinsights_skip_tracking":false,"_monsterinsights_sitenote_active":false,"_monsterinsights_sitenote_note":"","_monsterinsights_sitenote_category":0,"two_page_speed":[],"footnotes":""},"class_list":["post-464","page","type-page","status-publish","hentry"],"_links":{"self":[{"href":"https:\/\/u-klubi.com\/u-klubi\/index.php\/wp-json\/wp\/v2\/pages\/464","targetHints":{"allow":["GET"]}}],"collection":[{"href":"https:\/\/u-klubi.com\/u-klubi\/index.php\/wp-json\/wp\/v2\/pages"}],"about":[{"href":"https:\/\/u-klubi.com\/u-klubi\/index.php\/wp-json\/wp\/v2\/types\/page"}],"author":[{"embeddable":true,"href":"https:\/\/u-klubi.com\/u-klubi\/index.php\/wp-json\/wp\/v2\/users\/1"}],"replies":[{"embeddable":true,"href":"https:\/\/u-klubi.com\/u-klubi\/index.php\/wp-json\/wp\/v2\/comments?post=464"}],"version-history":[{"count":8,"href":"https:\/\/u-klubi.com\/u-klubi\/index.php\/wp-json\/wp\/v2\/pages\/464\/revisions"}],"predecessor-version":[{"id":598,"href":"https:\/\/u-klubi.com\/u-klubi\/index.php\/wp-json\/wp\/v2\/pages\/464\/revisions\/598"}],"up":[{"embeddable":true,"href":"https:\/\/u-klubi.com\/u-klubi\/index.php\/wp-json\/wp\/v2\/pages\/1824"}],"wp:attachment":[{"href":"https:\/\/u-klubi.com\/u-klubi\/index.php\/wp-json\/wp\/v2\/media?parent=464"}],"curies":[{"name":"wp","href":"https:\/\/api.w.org\/{rel}","templated":true}]}}