{"id":467,"date":"2018-03-14T08:04:17","date_gmt":"2018-03-14T06:04:17","guid":{"rendered":"http:\/\/u-klubi.com\/u-klubi\/?page_id=467"},"modified":"2022-01-01T16:16:03","modified_gmt":"2022-01-01T14:16:03","slug":"201-2019-hooaja-voistluste-kalender","status":"publish","type":"page","link":"https:\/\/u-klubi.com\/u-klubi\/index.php\/arhiiv\/voistluskalendrid-arhiiv\/201-2019-hooaja-voistluste-kalender\/","title":{"rendered":"2018\/2019 hooaja v\u00f5istluste kalender"},"content":{"rendered":"\n<p><span style=\"font-size: 18pt; color: #800000;\">2018<\/span><\/p>\n\n\n\n<p><strong>September&nbsp;<\/strong><\/p>\n\n\n\n<p><strong>02.-09.09.<\/strong><span class=\"Apple-converted-space\">&nbsp;M<\/span>eisterujumise Euroopa MV, Kranj, Bled, Sloveenia,<span class=\"Apple-converted-space\">&nbsp;<\/span><a href=\"http:\/\/www.emc2018.com\/en\/\" target=\"_blank\" rel=\"noopener noreferrer\">v\u00f5istluste koduleht<\/a><\/p>\n\n\n\n<p><strong>Oktoober&nbsp;<\/strong><\/p>\n\n\n\n<p><strong>12.-13.10. <\/strong>P\u00f5hjamaade lahtised meisterujumise MV, 25 m, Malm\u00f6, Rootsi, <a href=\"http:\/\/swimming.lv\/wp-content\/uploads\/2018\/07\/Nordik-2018-Malmo.pdf\" target=\"_blank\" rel=\"noopener noreferrer\">kutse<\/a>, reg. t\u00e4htaeg&nbsp; 08.10.2018<\/p>\n\n\n\n<p><strong>13.10.<\/strong> Tartu T\u00e4hed, 25 m, Aura keskus, Tartu, <a href=\"https:\/\/u-klubi.com\/u-klubi\/wp-content\/uploads\/2018\/10\/2018_19_TARTU_TaHED_meistrid_juhend.pdf\" target=\"_blank\" rel=\"noopener noreferrer\">juhend<\/a><\/p>\n\n\n\n<p><strong>13.-14.10.<\/strong> Luksemburgi lahtised meisterujumise MV, 25 m, Luksemburg, <a href=\"http:\/\/swimming.lv\/wp-content\/uploads\/2018\/06\/LuxembourgSwimmingOpenMaster2018.pdf\" target=\"_blank\" rel=\"noopener noreferrer\">kutse<\/a>, reg. t\u00e4htaeg 07.10.2018<\/p>\n\n\n\n<p><strong>20.-21.10.<\/strong>&nbsp;Rahvusvaheline 3. K\u00fcprose meisterujumise kohtumine, 50 m, Limassol, K\u00fcpros, <a href=\"http:\/\/swimming.lv\/wp-content\/uploads\/2018\/07\/MASTERS_2018final_invitation-1021705536.pdf\" target=\"_blank\" rel=\"noopener noreferrer\">kutse<\/a>, reg. t\u00e4htaeg 12.10.2018<\/p>\n\n\n\n<p><strong>26.-28.10.<\/strong><span class=\"Apple-converted-space\">&nbsp;<\/span>Soome meisterujumise MV, pikk rada,&nbsp;50 m, Turu, Soome,&nbsp;&nbsp;<a href=\"http:\/\/www.uimaliitto.fi\/uinti\/arvokilpailut\/masters\/2018-2019\/invitation-50\/\" target=\"_blank\" rel=\"noopener noreferrer\">kutse<\/a>,&nbsp;<a href=\"https:\/\/www.uintiklubiturku.fi\/masters2018\/\" target=\"_blank\" rel=\"noopener noreferrer\">v\u00f5istluste koduleht<\/a>, reg. t\u00e4htaeg 16.10.2018<\/p>\n\n\n\n<p><strong>November<\/strong><\/p>\n\n\n\n<p><strong>10.11. <\/strong>&#8220;Kokneses Rudens 2018&#8221;, 25 m, Koknese, L\u00e4ti, <a href=\"http:\/\/swimming.lv\/wp-content\/uploads\/2018\/09\/2018_Nolikums_Koknese_RU-1.pdf\" target=\"_blank\" rel=\"noopener noreferrer\">kutse<\/a>, reg. t\u00e4htaeg 06.11.2018<\/p>\n\n\n\n<p><strong>24.-25.11.<\/strong>&nbsp;Leedu lahtised meisterujumise MV, 50 m, Kaunas, Leedu, <a href=\"http:\/\/swimming.lv\/wp-content\/uploads\/2018\/09\/lvc2018eng.pdf\" target=\"_blank\" rel=\"noopener noreferrer\">kutse<\/a><\/p>\n\n\n\n<p><strong>Detsember<\/strong><\/p>\n\n\n\n<p><strong>08.12. <\/strong>Eesti meisterujumise MV, N\u00f5mme ujula, 25 m, Tallinn, <a href=\"https:\/\/u-klubi.com\/u-klubi\/wp-content\/uploads\/2018\/11\/2018_Eesti_Masters_MV_juhend.pdf\" target=\"_blank\" rel=\"noopener noreferrer\">juhend<\/a>&nbsp;(et), <a href=\"https:\/\/u-klubi.com\/u-klubi\/wp-content\/uploads\/2018\/11\/2018_EstMasters_Champs_ENG.pdf\" target=\"_blank\" rel=\"noopener noreferrer\">invitation<\/a> (en), <a href=\"https:\/\/u-klubi.com\/u-klubi\/wp-content\/uploads\/2018\/11\/EStMasters2018_EntryForm.xls\" target=\"_blank\" rel=\"noopener noreferrer\">\u00fclesandmisvorm\/EntryForm<\/a>, registreerimise t\u00e4htaeg\/deadline <strong>28.11.2018<\/strong> (U-klubi liikmed &#8211; teata otse Kristiinale)<\/p>\n\n\n\n<p><a href=\"https:\/\/u-klubi.com\/u-klubi\/wp-content\/uploads\/2018\/12\/EstMaster2018_startlist.pdf\" target=\"_blank\" rel=\"noopener noreferrer\">EstMaster2018_startlist<\/a><\/p>\n\n\n\n<p><span style=\"font-size: 18pt; color: #800000;\">2019<\/span><\/p>\n\n\n\n<p><strong>Jaanuar<\/strong><\/p>\n\n\n\n<p><strong>05.01.<\/strong> T. Grosbergi m\u00e4lestusv\u00f5istlus, Viljandi Jakobsoni Kool, 25 m<\/p>\n\n\n\n<p><strong>12.01.&nbsp;<\/strong>2018. aasta parimate auhinna GALA<\/p>\n\n\n\n<p><strong>19.01.<\/strong>&nbsp;III Supermasters, I etapp, Riia, 25 m, <a href=\"http:\/\/swimming.lv\/wp-content\/uploads\/2018\/12\/2019_Nolikums_SuperMasters_ENG.pdf\" target=\"_blank\" rel=\"noopener noreferrer\">juhend (en)<\/a><\/p>\n\n\n\n<p><strong>20.01.<\/strong> J\u00e4rvamaa lahtised ujumise MV, III etapp, T\u00fcri, 25 m, <a href=\"https:\/\/u-klubi.com\/u-klubi\/wp-content\/uploads\/2019\/01\/JSV-2018-2019-JUHEND-.pdf\" target=\"_blank\" rel=\"noopener noreferrer\">juhend<\/a><\/p>\n\n\n\n<p><strong>26.01. <\/strong>Sillam\u00e4e Open, Sillam\u00e4e&nbsp;25 m, <a href=\"https:\/\/u-klubi.com\/u-klubi\/wp-content\/uploads\/2019\/01\/Sillamae-Open-2019-juhend.pdf\" target=\"_blank\" rel=\"noopener noreferrer\">juhend<\/a><\/p>\n\n\n\n<p><strong>Veebruar<\/strong><\/p>\n\n\n\n<p><strong>02.02.<\/strong>&nbsp;Tartu T\u00e4hed, 25 m, Aura keskus, Tartu,&nbsp;<a href=\"https:\/\/u-klubi.com\/u-klubi\/wp-content\/uploads\/2018\/10\/2018_19_TARTU_TaHED_meistrid_juhend.pdf\" target=\"_blank\" rel=\"noopener noreferrer\">juhend<\/a><\/p>\n\n\n\n<p><strong>09.02.<\/strong>&nbsp;Valtu Open, Valtu, 25 m, <a href=\"https:\/\/u-klubi.com\/u-klubi\/index.php\/2019\/01\/06\/valtu-open-2019\/\">kutse<\/a><\/p>\n\n\n\n<p><strong>10.02.<\/strong> J\u00e4rvamaa lahtised ujumise MV, IV etapp, Paide, 25 m, <a href=\"https:\/\/u-klubi.com\/u-klubi\/wp-content\/uploads\/2019\/01\/JSV-2018-2019-JUHEND-.pdf\" target=\"_blank\" rel=\"noopener noreferrer\">juhend<\/a><\/p>\n\n\n\n<p><strong>16.-17.02.<\/strong>&nbsp;XI Balti meisterujumise MV &#8220;Amber Cup&#8221;, 25 m, Riia, L\u00e4ti, <a href=\"http:\/\/rigaambercup.lv\/\">koduleht<\/a>, <span style=\"color: #ff0000;\">NB! <\/span>v\u00f5istluste algus on muutunud &#8211; registreerimine kell 12:00, v\u00f5istlused 13:30<\/p>\n\n\n\n<p><strong>M\u00e4rts<\/strong><\/p>\n\n\n\n<p><strong>03.03.<\/strong> J\u00e4rvamaa lahtised ujumise MV, V etapp, Paide, 25 m, <a href=\"https:\/\/u-klubi.com\/u-klubi\/wp-content\/uploads\/2019\/01\/JSV-2018-2019-JUHEND-.pdf\" target=\"_blank\" rel=\"noopener noreferrer\">juhend<\/a><\/p>\n\n\n\n<p><strong>09.-10.03.<\/strong>&nbsp;XXI rahvusvaheline sprindifestival &#8220;Vester Masters&#8221;, Kaliningrad, 25 m, <a href=\"https:\/\/u-klubi.com\/u-klubi\/wp-content\/uploads\/2019\/01\/VesterMasters2019.pdf\" target=\"_blank\" rel=\"noopener noreferrer\">juhend<\/a><\/p>\n\n\n\n<p><strong>29.-31.03.&nbsp;<\/strong>Soome meisterujumise MV, l\u00fchike rada, 25 m, Godby, Ahvenamaa, <a href=\"http:\/\/www.uimaliitto.fi\/uinti\/arvokilpailut\/masters\/2018-2019\/\" target=\"_blank\" rel=\"noopener noreferrer\">juhend<\/a><\/p>\n\n\n\n<p><strong>Aprill<\/strong><\/p>\n\n\n\n<p><strong>13.-14.04.<\/strong> Tallinna lahtised meisterujumise MV, N\u00f5mme ujula, 25 m, Tallinn, <a href=\"https:\/\/u-klubi.com\/u-klubi\/wp-content\/uploads\/2019\/03\/tallinn_est_2019.pdf\" target=\"_blank\" rel=\"noopener noreferrer\">juhend<\/a> (est), <a href=\"https:\/\/u-klubi.com\/u-klubi\/wp-content\/uploads\/2019\/03\/tallinn_eng_2019.pdf\" target=\"_blank\" rel=\"noopener noreferrer\">invitation<\/a> (eng)<\/p>\n\n\n\n<p><strong>Mai<\/strong><\/p>\n\n\n\n<p><strong>4.-5.05. <\/strong>L\u00e4ti lahtised meisterujumise MV, 50 m, Riia, L\u00e4ti, <a href=\"https:\/\/u-klubi.com\/u-klubi\/wp-content\/uploads\/2019\/04\/L\u010c-vecmeistariem_en.pdf\" target=\"_blank\" rel=\"noopener noreferrer\">juhend<\/a> (en), juhend (ru)&nbsp;<\/p>\n\n\n\n<p><strong>11.05.<\/strong> Super Masters 2019 III etapp, 25 m, Olsztyn, Poola, <a aria-label=\"juhend (avatakse uues sakis)\" href=\"https:\/\/u-klubi.com\/u-klubi\/wp-content\/uploads\/2019\/04\/Supermasters_Olsztyn-11.05.2019.pdf\" target=\"_blank\" rel=\"noreferrer noopener\">juhend<\/a><\/p>\n\n\n\n<p><strong>18.05.<\/strong> Tartu T\u00e4hed, 25 m, Aura keskus, Tartu, <a href=\"https:\/\/u-klubi.com\/u-klubi\/wp-content\/uploads\/2018\/10\/2018_19_TARTU_TaHED_meistrid_juhend.pdf\" target=\"_blank\" rel=\"noopener noreferrer\">juhend<\/a><\/p>\n\n\n\n<p><strong>24.-25.05.<\/strong> XXIV &#8220;Teine hingamine&#8221; &#8211; &#8220;Otr\u0101 elpa&#8221;,  25 m, Valmiera, L\u00e4ti, <a aria-label=\"juhend (avatakse uues sakis)\" href=\"https:\/\/u-klubi.com\/u-klubi\/wp-content\/uploads\/2019\/04\/Nolikums_otra.elpa2019_Eng.pdf\" target=\"_blank\" rel=\"noreferrer noopener\">juhend<\/a><\/p>\n\n\n\n<p><strong>Juuni<\/strong><\/p>\n\n\n\n<p><strong>01.-02.06.<\/strong> Saint-Peterburg Open 2019, St.-Peterburg, Venemaa,  50 m, <a href=\"https:\/\/u-klubi.com\/u-klubi\/wp-content\/uploads\/2019\/05\/2019_StPeterburgOpen.pdf\" target=\"_blank\" rel=\"noreferrer noopener\" aria-label=\"juhend (avatakse uues sakis)\">juhend<\/a><\/p>\n\n\n\n<p><strong>08.-09.06.<\/strong> XXXVI Rahvusvaheline suvine T\u0161ehhi meisterujumise MV, Mlad\u00e1  Boleslav, T\u0161ehhi, 25 m, <a href=\"https:\/\/u-klubi.com\/u-klubi\/wp-content\/uploads\/2019\/05\/Rozpis-Masters-MB-2019-eng-final-2.pdf\" target=\"_blank\" rel=\"noreferrer noopener\" aria-label=\"juhend (avatakse uues sakis)\">juhend<\/a><\/p>\n\n\n\n<p><strong>15.06.<\/strong> \u201eVILTIES PLAUKIMAS 2019\u201c &#8211; &#8220;Lootuse ujumine 2019&#8221;, 25 m,  <br>Palanga, Leedu, <a rel=\"noreferrer noopener\" aria-label=\"juhend (avatakse uues sakis)\" href=\"https:\/\/u-klubi.com\/u-klubi\/wp-content\/uploads\/2019\/05\/\u0412\u0438\u0442\u044c\u0442\u0438\u0441-2019.doc\" target=\"_blank\">juhend<\/a><\/p>\n\n\n\n<p><strong>August<\/strong><\/p>\n\n\n\n<p><strong>05.-18.08.<\/strong><span class=\"Apple-converted-space\">&nbsp;XVIII maailma <em>masters<\/em>&#8217;ite&nbsp;<\/span>MV, Gwangju, L\u00f5una-Korea,<span class=\"Apple-converted-space\">&nbsp;<\/span><a href=\"http:\/\/www.fina-gwangju2019.com\/masters_eng\/\" target=\"_blank\" rel=\"noopener noreferrer\">koduleht<\/a>&nbsp;(ujumine 12.-18.08.2019),<\/p>\n\n\n\n<div class=\"wp-block-file\"><\/div>\n\n\n\n<p><\/p>\n","protected":false},"excerpt":{"rendered":"<p>2018 September&nbsp; 02.-09.09.&nbsp;Meisterujumise Euroopa MV, Kranj, Bled, Sloveenia,&nbsp;v\u00f5istluste koduleht Oktoober&nbsp; 12.-13.10. P\u00f5hjamaade lahtised meisterujumise MV, 25 m, Malm\u00f6, Rootsi, kutse, reg. t\u00e4htaeg&nbsp; 08.10.2018 13.10. Tartu T\u00e4hed, 25 m, Aura keskus, Tartu, juhend 13.-14.10. Luksemburgi lahtised meisterujumise MV, 25 m, Luksemburg, kutse, reg. t\u00e4htaeg 07.10.2018 20.-21.10.&nbsp;Rahvusvaheline 3. K\u00fcprose meisterujumise kohtumine, 50 m, Limassol, K\u00fcpros, kutse, reg. &hellip; <a href=\"https:\/\/u-klubi.com\/u-klubi\/index.php\/arhiiv\/voistluskalendrid-arhiiv\/201-2019-hooaja-voistluste-kalender\/\" class=\"more-link\">Loe edasi<span class=\"screen-reader-text\"> &#8220;2018\/2019 hooaja v\u00f5istluste kalender&#8221;<\/span><\/a><\/p>\n","protected":false},"author":1,"featured_media":0,"parent":1824,"menu_order":2,"comment_status":"closed","ping_status":"closed","template":"","meta":{"_monsterinsights_skip_tracking":false,"_monsterinsights_sitenote_active":false,"_monsterinsights_sitenote_note":"","_monsterinsights_sitenote_category":0,"two_page_speed":[],"footnotes":""},"class_list":["post-467","page","type-page","status-publish","hentry"],"_links":{"self":[{"href":"https:\/\/u-klubi.com\/u-klubi\/index.php\/wp-json\/wp\/v2\/pages\/467","targetHints":{"allow":["GET"]}}],"collection":[{"href":"https:\/\/u-klubi.com\/u-klubi\/index.php\/wp-json\/wp\/v2\/pages"}],"about":[{"href":"https:\/\/u-klubi.com\/u-klubi\/index.php\/wp-json\/wp\/v2\/types\/page"}],"author":[{"embeddable":true,"href":"https:\/\/u-klubi.com\/u-klubi\/index.php\/wp-json\/wp\/v2\/users\/1"}],"replies":[{"embeddable":true,"href":"https:\/\/u-klubi.com\/u-klubi\/index.php\/wp-json\/wp\/v2\/comments?post=467"}],"version-history":[{"count":38,"href":"https:\/\/u-klubi.com\/u-klubi\/index.php\/wp-json\/wp\/v2\/pages\/467\/revisions"}],"predecessor-version":[{"id":1029,"href":"https:\/\/u-klubi.com\/u-klubi\/index.php\/wp-json\/wp\/v2\/pages\/467\/revisions\/1029"}],"up":[{"embeddable":true,"href":"https:\/\/u-klubi.com\/u-klubi\/index.php\/wp-json\/wp\/v2\/pages\/1824"}],"wp:attachment":[{"href":"https:\/\/u-klubi.com\/u-klubi\/index.php\/wp-json\/wp\/v2\/media?parent=467"}],"curies":[{"name":"wp","href":"https:\/\/api.w.org\/{rel}","templated":true}]}}