{"id":47,"date":"2017-08-28T21:00:59","date_gmt":"2017-08-28T19:00:59","guid":{"rendered":"http:\/\/u-klubi.com\/u-klubi\/?page_id=47"},"modified":"2017-09-05T18:44:29","modified_gmt":"2017-09-05T16:44:29","slug":"ujutud-em-ja-mm-rekordid","status":"publish","type":"page","link":"https:\/\/u-klubi.com\/u-klubi\/index.php\/voistlused-ja-tulemused\/tiitlivoistlused\/ujutud-em-ja-mm-rekordid\/","title":{"rendered":"Meisterujujate ujutud EM ja MM rekordid"},"content":{"rendered":"<h1>Eesti meisterujujate p\u00fcstitatud Euroopa ja maailmarekordid<\/h1>\n<h2>MAAILMAREKORDID<\/h2>\n<h3>25 M UJULAS<\/h3>\n<h4>2017<\/h4>\n<ul style=\"list-style-type: none;\">\n<li style=\"padding-left: 30px;\">Nora Kutti\u00a0 (95-99 a), Tartu UK 50 m selili \u2013 1.12,24 (02.2017) Valtu<\/li>\n<\/ul>\n<h2>EUROOPA REKORDID<\/h2>\n<h3>50 M UJULAS<\/h3>\n<h4>1989<\/h4>\n<ul style=\"list-style-type: none;\">\n<li style=\"padding-left: 20px;\">Kaire Indrikson (25-29 a), U-klubi 50 m selili &#8211;\u00a0 33,56 (09.1989) Turu<\/li>\n<li style=\"padding-left: 20px;\">Kristjan Vainom\u00e4e (35-39 a), U-klubi 50 m liblikat \u2013 29,57 (09.1989) Turu<\/li>\n<\/ul>\n<h4>1999<\/h4>\n<ul style=\"list-style-type: none;\">\n<li style=\"padding-left: 20px;\">Aldo Suurv\u00e4li (30-34 a), TOP 50 m liblikat \u2013 26,01 (08.1999) Innsbruck<\/li>\n<\/ul>\n<h4>2004<\/h4>\n<ul style=\"list-style-type: none;\">\n<li style=\"padding-left: 20px;\">Aleksandr Bati\u0161t\u0161ev (50-54), U-klubi 50 m rinnuli 33,18 (06.2004) Riccione<\/li>\n<li style=\"padding-left: 20px;\">Aleksandr Bati\u0161t\u0161ev (50-54), U-klubi 100 m rinnuli 1.14,98 (06.2004) Riccione<\/li>\n<\/ul>\n<h3>25 M UJULAS<\/h3>\n<h4>2011<\/h4>\n<ul style=\"list-style-type: none;\">\n<li style=\"padding-left: 20px;\">U-klubi (Toomas Haggi, Aksel Luige, Aleksandr Bati\u0161t\u0161ev, Olav Lukin) (240-279 a)<\/li>\n<li style=\"padding-left: 20px;\">4 x 100 m kombineeritud teateujumine \u2013 5.07,36\u00a0 (9.04.2011) Tallinn<\/li>\n<\/ul>\n<h4>2011<\/h4>\n<ul style=\"list-style-type: none;\">\n<li style=\"padding-left: 20px;\">U-klubi (Lembit Laht, Peep Kesk\u00fcla, Olav Lukin, Aleksandr Bati\u0161t\u0161ev) (240-279 a)<\/li>\n<li style=\"padding-left: 20px;\">4 x 200 m vabalt teateujumine \u2013 10.40,47 (22.01.2011) Sillam\u00e4e<\/li>\n<\/ul>\n<h4>2012<\/h4>\n<ul style=\"list-style-type: none;\">\n<li style=\"padding-left: 20px;\">U-klubi (Peep Kesk\u00fcla, Toomas Haggi, Aleksandr Bati\u0161t\u0161ev, Olav Lukin) (240-279 a)<\/li>\n<li style=\"padding-left: 20px;\">4 x 100 m kombineeritud teateujumine \u2013 5.06,87 (01.04.2012) Salo, Soome<\/li>\n<\/ul>\n<p>&nbsp;<\/p>\n<ul style=\"list-style-type: none;\">\n<li style=\"padding-left: 20px;\">U-klubi (Peep Kesk\u00fcla, Toomas Haggi, Aleksandr Bati\u0161t\u0161ev, Olav Lukin) (240-279 a)<\/li>\n<li style=\"padding-left: 20px;\">4 x 100 m kombineeritud teateujumine \u2013 5.03,02 (7.04.2012) Tallinn<\/li>\n<\/ul>\n<h4>2013<\/h4>\n<ul style=\"list-style-type: none;\">\n<li style=\"padding-left: 20px;\">U-klubi (Toivo Viilep, Toomas Haggi, Aleksandr Bati\u0161t\u0161ev, Peep Kesk\u00fcla) (240-279 a)<\/li>\n<li style=\"padding-left: 20px;\">4 x 100 m kombineeritud teateujumine \u2013 5.02,58 (6.04.2013) Tallinn<\/li>\n<\/ul>\n<h4>2017<\/h4>\n<ul style=\"list-style-type: none;\">\n<li style=\"padding-left: 20px;\">Nora Kutti (95-99 a), Tartu UK 50 m vabalt \u2013 1.07,27 (02.2017) Valtu<\/li>\n<li style=\"padding-left: 20px;\">Nora Kutti (95-99 a), Tartu UK 100 m selili \u2013 2.53,81 (9.04.2017) Tallinn<\/li>\n<li style=\"padding-left: 20px;\">Martin Liivam\u00e4gi (25-29 a), Kalevi UK 100 m kompleksi \u2013 55,13 (8.04.2017) Tallinn<\/li>\n<\/ul>\n","protected":false},"excerpt":{"rendered":"<p>Eesti meisterujujate p\u00fcstitatud Euroopa ja maailmarekordid MAAILMAREKORDID 25 M UJULAS 2017 Nora Kutti\u00a0 (95-99 a), Tartu UK 50 m selili \u2013 1.12,24 (02.2017) Valtu EUROOPA REKORDID 50 M UJULAS 1989 Kaire Indrikson (25-29 a), U-klubi 50 m selili &#8211;\u00a0 33,56 (09.1989) Turu Kristjan Vainom\u00e4e (35-39 a), U-klubi 50 m liblikat \u2013 29,57 (09.1989) Turu 1999 &hellip; <a href=\"https:\/\/u-klubi.com\/u-klubi\/index.php\/voistlused-ja-tulemused\/tiitlivoistlused\/ujutud-em-ja-mm-rekordid\/\" class=\"more-link\">Loe edasi<span class=\"screen-reader-text\"> &#8220;Meisterujujate ujutud EM ja MM rekordid&#8221;<\/span><\/a><\/p>\n","protected":false},"author":1,"featured_media":0,"parent":7,"menu_order":1,"comment_status":"closed","ping_status":"closed","template":"","meta":{"_monsterinsights_skip_tracking":false,"_monsterinsights_sitenote_active":false,"_monsterinsights_sitenote_note":"","_monsterinsights_sitenote_category":0,"two_page_speed":[],"footnotes":""},"class_list":["post-47","page","type-page","status-publish","hentry"],"_links":{"self":[{"href":"https:\/\/u-klubi.com\/u-klubi\/index.php\/wp-json\/wp\/v2\/pages\/47","targetHints":{"allow":["GET"]}}],"collection":[{"href":"https:\/\/u-klubi.com\/u-klubi\/index.php\/wp-json\/wp\/v2\/pages"}],"about":[{"href":"https:\/\/u-klubi.com\/u-klubi\/index.php\/wp-json\/wp\/v2\/types\/page"}],"author":[{"embeddable":true,"href":"https:\/\/u-klubi.com\/u-klubi\/index.php\/wp-json\/wp\/v2\/users\/1"}],"replies":[{"embeddable":true,"href":"https:\/\/u-klubi.com\/u-klubi\/index.php\/wp-json\/wp\/v2\/comments?post=47"}],"version-history":[{"count":8,"href":"https:\/\/u-klubi.com\/u-klubi\/index.php\/wp-json\/wp\/v2\/pages\/47\/revisions"}],"predecessor-version":[{"id":171,"href":"https:\/\/u-klubi.com\/u-klubi\/index.php\/wp-json\/wp\/v2\/pages\/47\/revisions\/171"}],"up":[{"embeddable":true,"href":"https:\/\/u-klubi.com\/u-klubi\/index.php\/wp-json\/wp\/v2\/pages\/7"}],"wp:attachment":[{"href":"https:\/\/u-klubi.com\/u-klubi\/index.php\/wp-json\/wp\/v2\/media?parent=47"}],"curies":[{"name":"wp","href":"https:\/\/api.w.org\/{rel}","templated":true}]}}