{"id":491,"date":"2018-04-01T17:20:47","date_gmt":"2018-04-01T15:20:47","guid":{"rendered":"http:\/\/u-klubi.com\/u-klubi\/?page_id=491"},"modified":"2025-12-30T11:05:13","modified_gmt":"2025-12-30T09:05:13","slug":"aprillikuu-sunnipaevad","status":"publish","type":"page","link":"https:\/\/u-klubi.com\/u-klubi\/index.php\/meist\/voistlused-2\/aprillikuu-sunnipaevad\/","title":{"rendered":"Aprillikuu s\u00fcnnip\u00e4evad, 2026"},"content":{"rendered":"<p><a href=\"https:\/\/u-klubi.com\/u-klubi\/wp-content\/uploads\/2018\/04\/apr_lilled.jpg\"><img loading=\"lazy\" decoding=\"async\" class=\"size-medium wp-image-492 alignleft\" src=\"https:\/\/u-klubi.com\/u-klubi\/wp-content\/uploads\/2018\/04\/apr_lilled-300x193.jpg\" alt=\"\" width=\"300\" height=\"193\" srcset=\"https:\/\/u-klubi.com\/u-klubi\/wp-content\/uploads\/2018\/04\/apr_lilled-300x193.jpg 300w, https:\/\/u-klubi.com\/u-klubi\/wp-content\/uploads\/2018\/04\/apr_lilled.jpg 470w\" sizes=\"auto, (max-width: 300px) 85vw, 300px\" \/><\/a>3. aprill Liina Raska<br \/>\n3. aprill Margit Liimets <span style=\"color: #ff0000;\">juubelike!<\/span><br \/>\n5. aprill Kaupo Meier<br \/>\n8. aprill Marti Lond<br \/>\n10. aprill Alar S\u00fc\u00fcden<br \/>\n12. aprill Rein H\u00fcnerson<br \/>\n12. aprill Maret J\u00e4rv<br \/>\n14. aprill Aleksandr Bati\u0161t\u0161ev<br \/>\n18. aprill Tiit Kutser<br \/>\n18. aprill Ilmar Raud<br \/>\n21. aprill Reijo Kesa <span style=\"color: #ff0000;\">juubel!<\/span><br \/>\n21. aprill Tarmo Kilk<br \/>\n25. aprill Rein J\u00f5e <span style=\"color: #ff0000;\">juubel!<\/span><br \/>\n25. aprill Marina Vallik <span style=\"color: #ff0000;\">juubelike!<\/span><br \/>\n26. aprill Rein \u00dcts<br \/>\n27. aprill Sirje Voolmaa<\/p>\n<p><strong><span style=\"font-size: 14pt; color: #800080;\">PALJU \u00d5NNE!<\/span><\/strong><\/p>\n","protected":false},"excerpt":{"rendered":"<p>3. aprill Liina Raska 3. aprill Margit Liimets juubelike! 5. aprill Kaupo Meier 8. aprill Marti Lond 10. aprill Alar S\u00fc\u00fcden 12. aprill Rein H\u00fcnerson 12. aprill Maret J\u00e4rv 14. aprill Aleksandr Bati\u0161t\u0161ev 18. aprill Tiit Kutser 18. aprill Ilmar Raud 21. aprill Reijo Kesa juubel! 21. aprill Tarmo Kilk 25. aprill Rein J\u00f5e juubel! &hellip; <a href=\"https:\/\/u-klubi.com\/u-klubi\/index.php\/meist\/voistlused-2\/aprillikuu-sunnipaevad\/\" class=\"more-link\">Loe edasi<span class=\"screen-reader-text\"> &#8220;Aprillikuu s\u00fcnnip\u00e4evad, 2026&#8221;<\/span><\/a><\/p>\n","protected":false},"author":1,"featured_media":0,"parent":14,"menu_order":4,"comment_status":"closed","ping_status":"closed","template":"","meta":{"_monsterinsights_skip_tracking":false,"_monsterinsights_sitenote_active":false,"_monsterinsights_sitenote_note":"","_monsterinsights_sitenote_category":0,"two_page_speed":[],"footnotes":""},"class_list":["post-491","page","type-page","status-publish","hentry"],"_links":{"self":[{"href":"https:\/\/u-klubi.com\/u-klubi\/index.php\/wp-json\/wp\/v2\/pages\/491","targetHints":{"allow":["GET"]}}],"collection":[{"href":"https:\/\/u-klubi.com\/u-klubi\/index.php\/wp-json\/wp\/v2\/pages"}],"about":[{"href":"https:\/\/u-klubi.com\/u-klubi\/index.php\/wp-json\/wp\/v2\/types\/page"}],"author":[{"embeddable":true,"href":"https:\/\/u-klubi.com\/u-klubi\/index.php\/wp-json\/wp\/v2\/users\/1"}],"replies":[{"embeddable":true,"href":"https:\/\/u-klubi.com\/u-klubi\/index.php\/wp-json\/wp\/v2\/comments?post=491"}],"version-history":[{"count":12,"href":"https:\/\/u-klubi.com\/u-klubi\/index.php\/wp-json\/wp\/v2\/pages\/491\/revisions"}],"predecessor-version":[{"id":2743,"href":"https:\/\/u-klubi.com\/u-klubi\/index.php\/wp-json\/wp\/v2\/pages\/491\/revisions\/2743"}],"up":[{"embeddable":true,"href":"https:\/\/u-klubi.com\/u-klubi\/index.php\/wp-json\/wp\/v2\/pages\/14"}],"wp:attachment":[{"href":"https:\/\/u-klubi.com\/u-klubi\/index.php\/wp-json\/wp\/v2\/media?parent=491"}],"curies":[{"name":"wp","href":"https:\/\/api.w.org\/{rel}","templated":true}]}}