{"id":558,"date":"2018-05-01T13:02:33","date_gmt":"2018-05-01T11:02:33","guid":{"rendered":"http:\/\/u-klubi.com\/u-klubi\/?page_id=558"},"modified":"2025-12-30T11:09:24","modified_gmt":"2025-12-30T09:09:24","slug":"maikuu-sunnipaevad-2018","status":"publish","type":"page","link":"https:\/\/u-klubi.com\/u-klubi\/index.php\/meist\/voistlused-2\/maikuu-sunnipaevad-2018\/","title":{"rendered":"Maikuu s\u00fcnnip\u00e4evad, 2026"},"content":{"rendered":"<p>1. mai Artur Tikerb\u00e4r<br \/>\n2. mai Endel Poom<br \/>\n3. mai Toomas Kleesment <span style=\"color: #ff0000;\">juubel!<\/span><br \/>\n4. mai Reet Rebane<br \/>\n4. mai Kaja Kassuk<br \/>\n5. mai Elke Kaar<br \/>\n6. mai Raul Laidvee<br \/>\n12. mai Rein Haljand<br \/>\n13. mai Viive N\u00f5u<br \/>\n13. mai Saima Lehis<br \/>\n17. mai Aldo Suurv\u00e4li<br \/>\n18. mai Kaido Floren<br \/>\n19. mai Marko M\u00e4rjamaa<br \/>\n<img loading=\"lazy\" decoding=\"async\" class=\"size-medium wp-image-560 alignleft\" src=\"https:\/\/u-klubi.com\/u-klubi\/wp-content\/uploads\/2018\/05\/mai_tulbid-300x203.jpg\" alt=\"\" width=\"300\" height=\"203\" srcset=\"https:\/\/u-klubi.com\/u-klubi\/wp-content\/uploads\/2018\/05\/mai_tulbid-300x203.jpg 300w, https:\/\/u-klubi.com\/u-klubi\/wp-content\/uploads\/2018\/05\/mai_tulbid-768x519.jpg 768w, https:\/\/u-klubi.com\/u-klubi\/wp-content\/uploads\/2018\/05\/mai_tulbid.jpg 875w\" sizes=\"auto, (max-width: 300px) 85vw, 300px\" \/>20. mai J\u00fcri Tu\u017eilkin <span style=\"color: #ff0000;\">juubelike!<\/span><br \/>\n23. mai Ivi Kaseoja<br \/>\n23. mai Priit Otti<br \/>\n23. mai Martin Viilep <span style=\"color: #ff0000;\">juubelike!<\/span><br \/>\n25. mai Dan Boldin<br \/>\n26. mai Roman T\u0161alov<br \/>\n29. mai Chris-Helin Loik<br \/>\n31. mai Aleksei Kargin<\/p>\n<p><span style=\"font-size: 14pt; color: #ff9900;\"><strong>PALJU \u00d5NNE!<\/strong><\/span><\/p>\n","protected":false},"excerpt":{"rendered":"<p>1. mai Artur Tikerb\u00e4r 2. mai Endel Poom 3. mai Toomas Kleesment juubel! 4. mai Reet Rebane 4. mai Kaja Kassuk 5. mai Elke Kaar 6. mai Raul Laidvee 12. mai Rein Haljand 13. mai Viive N\u00f5u 13. mai Saima Lehis 17. mai Aldo Suurv\u00e4li 18. mai Kaido Floren 19. mai Marko M\u00e4rjamaa 20. mai &hellip; <a href=\"https:\/\/u-klubi.com\/u-klubi\/index.php\/meist\/voistlused-2\/maikuu-sunnipaevad-2018\/\" class=\"more-link\">Loe edasi<span class=\"screen-reader-text\"> &#8220;Maikuu s\u00fcnnip\u00e4evad, 2026&#8221;<\/span><\/a><\/p>\n","protected":false},"author":1,"featured_media":0,"parent":14,"menu_order":0,"comment_status":"closed","ping_status":"closed","template":"","meta":{"_monsterinsights_skip_tracking":false,"_monsterinsights_sitenote_active":false,"_monsterinsights_sitenote_note":"","_monsterinsights_sitenote_category":0,"two_page_speed":[],"footnotes":""},"class_list":["post-558","page","type-page","status-publish","hentry"],"_links":{"self":[{"href":"https:\/\/u-klubi.com\/u-klubi\/index.php\/wp-json\/wp\/v2\/pages\/558","targetHints":{"allow":["GET"]}}],"collection":[{"href":"https:\/\/u-klubi.com\/u-klubi\/index.php\/wp-json\/wp\/v2\/pages"}],"about":[{"href":"https:\/\/u-klubi.com\/u-klubi\/index.php\/wp-json\/wp\/v2\/types\/page"}],"author":[{"embeddable":true,"href":"https:\/\/u-klubi.com\/u-klubi\/index.php\/wp-json\/wp\/v2\/users\/1"}],"replies":[{"embeddable":true,"href":"https:\/\/u-klubi.com\/u-klubi\/index.php\/wp-json\/wp\/v2\/comments?post=558"}],"version-history":[{"count":14,"href":"https:\/\/u-klubi.com\/u-klubi\/index.php\/wp-json\/wp\/v2\/pages\/558\/revisions"}],"predecessor-version":[{"id":2746,"href":"https:\/\/u-klubi.com\/u-klubi\/index.php\/wp-json\/wp\/v2\/pages\/558\/revisions\/2746"}],"up":[{"embeddable":true,"href":"https:\/\/u-klubi.com\/u-klubi\/index.php\/wp-json\/wp\/v2\/pages\/14"}],"wp:attachment":[{"href":"https:\/\/u-klubi.com\/u-klubi\/index.php\/wp-json\/wp\/v2\/media?parent=558"}],"curies":[{"name":"wp","href":"https:\/\/api.w.org\/{rel}","templated":true}]}}