{"id":7,"date":"2017-08-28T20:36:30","date_gmt":"2017-08-28T18:36:30","guid":{"rendered":"http:\/\/u-klubi.com\/u-klubi\/?page_id=7"},"modified":"2017-09-05T19:42:29","modified_gmt":"2017-09-05T17:42:29","slug":"tiitlivoistlused","status":"publish","type":"page","link":"https:\/\/u-klubi.com\/u-klubi\/index.php\/voistlused-ja-tulemused\/tiitlivoistlused\/","title":{"rendered":"Tiitliv\u00f5istlused"},"content":{"rendered":"<p><a href=\"http:\/\/history.u-klubi.com\/tiitlivoistlused\/\">Tiitliv\u00f5istlused <\/a>&#8211; sellelt lehelt leiab \u00fclevaateid meisterujujate saavutustest Euroopa ja maailmameistriv\u00f5istlustel (nii basseinis kui ka avavees).<\/p>\n<p>&nbsp;<\/p>\n","protected":false},"excerpt":{"rendered":"<p>Tiitliv\u00f5istlused &#8211; sellelt lehelt leiab \u00fclevaateid meisterujujate saavutustest Euroopa ja maailmameistriv\u00f5istlustel (nii basseinis kui ka avavees). &nbsp;<\/p>\n","protected":false},"author":1,"featured_media":0,"parent":19,"menu_order":1,"comment_status":"closed","ping_status":"closed","template":"","meta":{"_monsterinsights_skip_tracking":false,"_monsterinsights_sitenote_active":false,"_monsterinsights_sitenote_note":"","_monsterinsights_sitenote_category":0,"two_page_speed":[],"footnotes":""},"class_list":["post-7","page","type-page","status-publish","hentry"],"_links":{"self":[{"href":"https:\/\/u-klubi.com\/u-klubi\/index.php\/wp-json\/wp\/v2\/pages\/7","targetHints":{"allow":["GET"]}}],"collection":[{"href":"https:\/\/u-klubi.com\/u-klubi\/index.php\/wp-json\/wp\/v2\/pages"}],"about":[{"href":"https:\/\/u-klubi.com\/u-klubi\/index.php\/wp-json\/wp\/v2\/types\/page"}],"author":[{"embeddable":true,"href":"https:\/\/u-klubi.com\/u-klubi\/index.php\/wp-json\/wp\/v2\/users\/1"}],"replies":[{"embeddable":true,"href":"https:\/\/u-klubi.com\/u-klubi\/index.php\/wp-json\/wp\/v2\/comments?post=7"}],"version-history":[{"count":10,"href":"https:\/\/u-klubi.com\/u-klubi\/index.php\/wp-json\/wp\/v2\/pages\/7\/revisions"}],"predecessor-version":[{"id":1051,"href":"https:\/\/u-klubi.com\/u-klubi\/index.php\/wp-json\/wp\/v2\/pages\/7\/revisions\/1051"}],"up":[{"embeddable":true,"href":"https:\/\/u-klubi.com\/u-klubi\/index.php\/wp-json\/wp\/v2\/pages\/19"}],"wp:attachment":[{"href":"https:\/\/u-klubi.com\/u-klubi\/index.php\/wp-json\/wp\/v2\/media?parent=7"}],"curies":[{"name":"wp","href":"https:\/\/api.w.org\/{rel}","templated":true}]}}