{"id":92,"date":"2017-08-30T06:18:46","date_gmt":"2017-08-30T04:18:46","guid":{"rendered":"http:\/\/u-klubi.com\/u-klubi\/?page_id=92"},"modified":"2017-08-30T09:26:21","modified_gmt":"2017-08-30T07:26:21","slug":"meist","status":"publish","type":"page","link":"https:\/\/u-klubi.com\/u-klubi\/index.php\/meist\/","title":{"rendered":"Meist"},"content":{"rendered":"<h1>U-klubi algus<\/h1>\n<h2>MEISTERUJUMISE U-KLUBI<\/h2>\n<p>25. aprillil 1987. aastal toimusid Pirital TOP-i ujulas neljandad Tallinna seenioride lahtised meistriv\u00f5istlused. P\u00e4rast v\u00f5istlusi peeti TOP-i keskuse kohvikus uue klubi asutamiskoosolek. Osales 55 ujujat ja otsustati moodustada uus klubi, kuhu kuuluksid ainult seeniorujujad (meisterujujad).<\/p>\n<p>Nime valikul sai eelistuse \u201eU-klubi\u201c. Klubile valiti viieliikmeline juhatus. Esimeseks presidendiks valiti <strong>Mati Eliste<\/strong> ja sekret\u00e4riks <strong>Viive N\u00f5u<\/strong>. Juhatusse kuulusid veel <strong>Aare-Maldus Uustalu<\/strong>, <strong>Kaupo Pollisinski<\/strong> ja <strong>Toivo Viilep<\/strong>. Klubi v\u00f5eti ka Eesti NSV Ujumisf\u00f6deratsiooni liikmeks.<\/p>\n<h3>Veidi eellugu meisterujumise liikumisest Eestis.<\/h3>\n<p>Meisterujumise liikumine sai maailmas 80-ndate aastate alguses suure hoo sisse. Esimene maailmameistriv\u00f5istlus peeti 12.-16. juulini 1986. aastal Tokyos (Jaapan) ja esimene Euroopa meistriv\u00f5istlus korraldati 16.-20. septembrini 1987. aastal Blackpoolis (Suurbritannia).<\/p>\n<p>Eestis korraldati esimene seeniorujumise v\u00f5istlus juba 14. aprillil 1984. aastal Pirital TOP-i ujulas. Kuna v\u00f5istluste korraldamist toetas Tallinna Spordikomitee (ujula \u00fc\u00fcrimine, kohtunike tasud ja auhinnad), siis sai v\u00f5istlus nimetatud Tallinna seeniorujujate meistriv\u00f5istluseks.<\/p>\n<p>Toivo Viilep, kes oli sel ajal Eesti NSV Ujumisf\u00f6deratsiooni presiidiumi liige ja ka Tallinna Spordikomitee Ujumissektsiooni presiidiumi esimees, v\u00f5ttis enda \u00f5lule nii v\u00f5istluste organiseerimise kui ka meisterujumise liikumise propageerimise. Ka j\u00e4rgnevatel 1985., 1986. ja 1987. aastal oli v\u00f5istluste p\u00f5hikorraldaja Tallinna Spordikomitee.<\/p>\n<p>P\u00e4rast U-klubi moodustamist hakkas aastast 1988 v\u00f5istluste korraldamisega tegelema aktiivselt klubi juhatus, kuid m\u00f5ned aastad toetas v\u00f5istluste l\u00e4biviimist veel ka Tallinna Spordikomitee. Oma meisterujumise liikumisega olime esimesed, kes NLiidus korraldasid meisterujujate v\u00f5istlusi ning seet\u00f5ttu lisandus juba 1987. aastast v\u00f5istluse nimetusse \u201elahtised\u201c, mis andis osav\u00f5tu v\u00f5imaluse k\u00f5igile soovijatele.<\/p>\n<p>Meie v\u00f5istlustel on aastate jooksul startinud k\u00fclalisv\u00f5istlejaid Soomest, Rootsist, Norrast, Belgiast, Itaaliast, Saksamaalt, Poolast, Venemaalt, Ukrainast, L\u00e4tist ja Leedust.<\/p>\n<p>Aastast 2011 muutus U-klubi juhatus ja uuteks liikmeteks said <strong>Kristiina Arusoo<\/strong>, <strong>Kaia Kulla<\/strong> ja <strong>Peep Kesk\u00fcla<\/strong>. Kristiina on ka avaveeujumise projektijuht Eesti Ujumisliidu juures.<\/p>\n<h3>L\u00fchidalt ka terminist \u201emeisterujumine\u201c.<\/h3>\n<p>Esmalt nimetasime end veteranujujateks, kuid veteranideks ei tahtnud keegi end tunnistada. Seej\u00e4rel v\u00f5tsime kasutusele nimetuse \u201eseeniorujumine\u201c. Esimesed viis aastat olimegi seeniorujujad.<\/p>\n<p>P\u00e4rast oma klubi moodustamist ning konsulteerides keeletoimetajatega ja l\u00e4htudes inglise keelsest terminist \u201eMasters swimming\u201c nimetasime oma liikumise eesti keeles meisterujumiseks ja ise oleme meisterujujad. Rahvusvahelises Ujumisf\u00f6deratsioonis (<em>F\u00e9d\u00e9ration Internationale de Natation Amateur<\/em>, FINA) ja samuti Euroopa Ujumisliigas (<em>La Ligue Europ\u00e9enne de Natation<\/em>, LEN) on k\u00f5rvuti ujumise, avaveeujumise, vetteh\u00fcpete, kujundujumise ja veepalli tehnilise komiteega, ka v\u00f5rdv\u00e4\u00e4rne meisterujumise komitee. Ka vanuseklassid on rahvusvaheliselt paika pandud.<\/p>\n<p>Meisterujujate noorim vanuseklass on 25-29-aastased, edasi 30-34, 35-39 jne l\u00e4hevad vanuseklassid viie aasta kaupa. Vanuseklassi kuulumist arvestatakse jooksva aasta 31. detsembri seisuga.<\/p>\n","protected":false},"excerpt":{"rendered":"<p>U-klubi algus MEISTERUJUMISE U-KLUBI 25. aprillil 1987. aastal toimusid Pirital TOP-i ujulas neljandad Tallinna seenioride lahtised meistriv\u00f5istlused. P\u00e4rast v\u00f5istlusi peeti TOP-i keskuse kohvikus uue klubi asutamiskoosolek. Osales 55 ujujat ja otsustati moodustada uus klubi, kuhu kuuluksid ainult seeniorujujad (meisterujujad). Nime valikul sai eelistuse \u201eU-klubi\u201c. Klubile valiti viieliikmeline juhatus. Esimeseks presidendiks valiti Mati Eliste ja sekret\u00e4riks &hellip; <a href=\"https:\/\/u-klubi.com\/u-klubi\/index.php\/meist\/\" class=\"more-link\">Loe edasi<span class=\"screen-reader-text\"> &#8220;Meist&#8221;<\/span><\/a><\/p>\n","protected":false},"author":1,"featured_media":0,"parent":0,"menu_order":6,"comment_status":"closed","ping_status":"closed","template":"","meta":{"_monsterinsights_skip_tracking":false,"_monsterinsights_sitenote_active":false,"_monsterinsights_sitenote_note":"","_monsterinsights_sitenote_category":0,"two_page_speed":[],"footnotes":""},"class_list":["post-92","page","type-page","status-publish","hentry"],"_links":{"self":[{"href":"https:\/\/u-klubi.com\/u-klubi\/index.php\/wp-json\/wp\/v2\/pages\/92","targetHints":{"allow":["GET"]}}],"collection":[{"href":"https:\/\/u-klubi.com\/u-klubi\/index.php\/wp-json\/wp\/v2\/pages"}],"about":[{"href":"https:\/\/u-klubi.com\/u-klubi\/index.php\/wp-json\/wp\/v2\/types\/page"}],"author":[{"embeddable":true,"href":"https:\/\/u-klubi.com\/u-klubi\/index.php\/wp-json\/wp\/v2\/users\/1"}],"replies":[{"embeddable":true,"href":"https:\/\/u-klubi.com\/u-klubi\/index.php\/wp-json\/wp\/v2\/comments?post=92"}],"version-history":[{"count":3,"href":"https:\/\/u-klubi.com\/u-klubi\/index.php\/wp-json\/wp\/v2\/pages\/92\/revisions"}],"predecessor-version":[{"id":98,"href":"https:\/\/u-klubi.com\/u-klubi\/index.php\/wp-json\/wp\/v2\/pages\/92\/revisions\/98"}],"wp:attachment":[{"href":"https:\/\/u-klubi.com\/u-klubi\/index.php\/wp-json\/wp\/v2\/media?parent=92"}],"curies":[{"name":"wp","href":"https:\/\/api.w.org\/{rel}","templated":true}]}}